{"id":1070,"date":"2019-07-19T15:03:31","date_gmt":"2019-07-19T15:03:31","guid":{"rendered":"http:\/\/bramscher-katzenhilfe.de\/WordPress\/?p=1070"},"modified":"2019-11-15T12:51:42","modified_gmt":"2019-11-15T12:51:42","slug":"vermisst-entlaufen","status":"publish","type":"page","link":"https:\/\/wp.bramscher-katzenhilfe.de\/?page_id=1070","title":{"rendered":"Vermisst\/Entlaufen"},"content":{"rendered":"\n<figure class=\"wp-block-image size-large\"><img loading=\"lazy\" decoding=\"async\" width=\"749\" height=\"1024\" src=\"http:\/\/bramscher-katzenhilfe.de\/WordPress\/wp-content\/uploads\/2019\/07\/Samson-749x1024.jpg\" alt=\"\" class=\"wp-image-1071\" srcset=\"https:\/\/wp.bramscher-katzenhilfe.de\/wp-content\/uploads\/2019\/07\/Samson-749x1024.jpg 749w, https:\/\/wp.bramscher-katzenhilfe.de\/wp-content\/uploads\/2019\/07\/Samson-219x300.jpg 219w, https:\/\/wp.bramscher-katzenhilfe.de\/wp-content\/uploads\/2019\/07\/Samson-768x1050.jpg 768w, https:\/\/wp.bramscher-katzenhilfe.de\/wp-content\/uploads\/2019\/07\/Samson-640x875.jpg 640w, https:\/\/wp.bramscher-katzenhilfe.de\/wp-content\/uploads\/2019\/07\/Samson.jpg 776w\" sizes=\"auto, (max-width: 749px) 100vw, 749px\" \/><\/figure>\n\n\n\n<p class=\"wp-block-paragraph\">Wenn Sie Samson gesehen haben oder wissen, wo er sich aufh\u00e4lt, melden Sie  sich bitte unter der Telefonnumer 0162\/9798499<br>Vielen Dank f\u00fcr Ihre Mithilfe<\/p>\n\n\n\n<div class=\"wp-block-image\"><figure class=\"aligncenter\"><img decoding=\"async\" src=\"http:\/\/bramscher-katzenhilfe.de\/WordPress\/wp-content\/uploads\/2019\/07\/Pfote-klein-44.jpg\" alt=\"Dieses Bild hat ein leeres alt-Attribut; sein Dateiname ist Pfote-klein-44.jpg.\"\/><\/figure><\/div>\n\n\n\n<figure class=\"wp-block-image size-large\"><img loading=\"lazy\" decoding=\"async\" width=\"788\" height=\"629\" src=\"http:\/\/bramscher-katzenhilfe.de\/WordPress\/wp-content\/uploads\/2019\/07\/Tiger.jpg\" alt=\"\" class=\"wp-image-1072\" srcset=\"https:\/\/wp.bramscher-katzenhilfe.de\/wp-content\/uploads\/2019\/07\/Tiger.jpg 788w, https:\/\/wp.bramscher-katzenhilfe.de\/wp-content\/uploads\/2019\/07\/Tiger-300x239.jpg 300w, https:\/\/wp.bramscher-katzenhilfe.de\/wp-content\/uploads\/2019\/07\/Tiger-768x613.jpg 768w, https:\/\/wp.bramscher-katzenhilfe.de\/wp-content\/uploads\/2019\/07\/Tiger-640x511.jpg 640w\" sizes=\"auto, (max-width: 788px) 100vw, 788px\" \/><\/figure>\n\n\n\n<figure class=\"wp-block-image size-large\"><img loading=\"lazy\" decoding=\"async\" width=\"776\" height=\"601\" src=\"http:\/\/bramscher-katzenhilfe.de\/WordPress\/wp-content\/uploads\/2019\/07\/Tiger-1.jpg\" alt=\"\" class=\"wp-image-1073\" srcset=\"https:\/\/wp.bramscher-katzenhilfe.de\/wp-content\/uploads\/2019\/07\/Tiger-1.jpg 776w, https:\/\/wp.bramscher-katzenhilfe.de\/wp-content\/uploads\/2019\/07\/Tiger-1-300x232.jpg 300w, https:\/\/wp.bramscher-katzenhilfe.de\/wp-content\/uploads\/2019\/07\/Tiger-1-768x595.jpg 768w, https:\/\/wp.bramscher-katzenhilfe.de\/wp-content\/uploads\/2019\/07\/Tiger-1-640x496.jpg 640w\" sizes=\"auto, (max-width: 776px) 100vw, 776px\" \/><\/figure>\n\n\n\n<p class=\"wp-block-paragraph\">Wenn Sie Tiger gesehen haben oder wissen, wo er sich aufh\u00e4lt, melden Sie  sich bitte unter der Telefonnumer 0162\/9798499<br>Vielen Dank f\u00fcr Ihre Mithilfe <\/p>\n\n\n\n<div class=\"wp-block-image\"><figure class=\"aligncenter\"><img decoding=\"async\" src=\"http:\/\/bramscher-katzenhilfe.de\/WordPress\/wp-content\/uploads\/2019\/07\/Pfote-klein-44.jpg\" alt=\"Dieses Bild hat ein leeres alt-Attribut; sein Dateiname ist Pfote-klein-44.jpg.\"\/><\/figure><\/div>\n\n\n\n<p class=\"wp-block-paragraph\"><\/p>\n\n\n\n<figure class=\"wp-block-image\"><img decoding=\"async\" src=\"http:\/\/bramscher-katzenhilfe.de\/Muzzi.JPG\" alt=\"\"\/><\/figure>\n\n\n\n<figure class=\"wp-block-image\"><img decoding=\"async\" src=\"http:\/\/bramscher-katzenhilfe.de\/Muzzi%201.JPG\" alt=\"\"\/><\/figure>\n\n\n\n<p class=\"wp-block-paragraph\">Wenn Sie Muzzi gesehen haben oder wissen, wo er sich aufh\u00e4lt, melden Sie  sich bitte unter der Telefonnumer 0162\/9798499<br>Vielen Dank f\u00fcr Ihre Mithilfe  <\/p>\n\n\n\n<div class=\"wp-block-image\"><figure class=\"aligncenter\"><img decoding=\"async\" src=\"http:\/\/bramscher-katzenhilfe.de\/WordPress\/wp-content\/uploads\/2019\/07\/Pfote-klein-44.jpg\" alt=\"Dieses Bild hat ein leeres alt-Attribut; sein Dateiname ist Pfote-klein-44.jpg.\"\/><\/figure><\/div>\n\n\n\n<p class=\"wp-block-paragraph\"><\/p>\n\n\n\n<figure class=\"wp-block-image\"><img decoding=\"async\" src=\"http:\/\/bramscher-katzenhilfe.de\/Kater%20Kasper%20klein.jpg\" alt=\"\"\/><\/figure>\n\n\n\n<figure class=\"wp-block-image\"><img decoding=\"async\" src=\"http:\/\/bramscher-katzenhilfe.de\/Kater%20Kasper%201%20klein.jpg\" alt=\"\"\/><\/figure>\n\n\n\n<p class=\"wp-block-paragraph\">Wenn Sie Kasper gesehen haben oder wissen, wo er sich aufh\u00e4lt, melden Sie  sich bitte unter der Telefonnumer 0162\/9798499<br>Vielen Dank f\u00fcr Ihre Mithilfe <\/p>\n\n\n\n<div class=\"wp-block-image\"><figure class=\"aligncenter\"><img decoding=\"async\" src=\"http:\/\/bramscher-katzenhilfe.de\/WordPress\/wp-content\/uploads\/2019\/07\/Pfote-klein-44.jpg\" alt=\"Dieses Bild hat ein leeres alt-Attribut; sein Dateiname ist Pfote-klein-44.jpg.\"\/><\/figure><\/div>\n\n\n\n<p class=\"wp-block-paragraph\"><\/p>\n\n\n\n<figure class=\"wp-block-image\"><img decoding=\"async\" src=\"http:\/\/bramscher-katzenhilfe.de\/Tasso%20Fritzi%202018%20klein.jpg\" alt=\"\"\/><\/figure>\n\n\n\n<figure class=\"wp-block-image\"><img decoding=\"async\" src=\"http:\/\/bramscher-katzenhilfe.de\/Tasso%20Fritzi%201%20klein.jpg\" alt=\"\"\/><\/figure>\n\n\n\n<p class=\"wp-block-paragraph\">Wenn Sie Fritzi gesehen haben oder wissen, wo er sich aufh\u00e4lt, melden Sie  sich bitte unter der Telefonnumer 0162\/9798499<br>Vielen Dank f\u00fcr Ihre Mithilfe  <\/p>\n\n\n\n<div class=\"wp-block-image\"><figure class=\"aligncenter size-large\"><img loading=\"lazy\" decoding=\"async\" width=\"30\" height=\"29\" src=\"http:\/\/bramscher-katzenhilfe.de\/WordPress\/wp-content\/uploads\/2019\/07\/Pfote-klein-44.jpg\" alt=\"\" class=\"wp-image-1076\"\/><figcaption><br><\/figcaption><\/figure><\/div>\n\n\n\n<p class=\"has-large-font-size wp-block-paragraph\"><strong>Kater &#8222;Tr\u00e4umer&#8220; \n\t\t\twird vermisst<\/strong><\/p>\n\n\n\n<div class=\"wp-block-image\"><figure class=\"aligncenter size-large\"><img loading=\"lazy\" decoding=\"async\" width=\"240\" height=\"320\" src=\"http:\/\/bramscher-katzenhilfe.de\/WordPress\/wp-content\/uploads\/2019\/07\/Guentherentlaufen.jpeg\" alt=\"\" class=\"wp-image-1075\" srcset=\"https:\/\/wp.bramscher-katzenhilfe.de\/wp-content\/uploads\/2019\/07\/Guentherentlaufen.jpeg 240w, https:\/\/wp.bramscher-katzenhilfe.de\/wp-content\/uploads\/2019\/07\/Guentherentlaufen-225x300.jpeg 225w\" sizes=\"auto, (max-width: 240px) 100vw, 240px\" \/><figcaption> Seit dem 3.  November 2017 wird dieser liebe Kater in Bramsche schmerzlich  vermisst. Tr\u00e4umer ist ein gro\u00dfer Kater. Er ist kastriert, aber nicht  gechipt oder t\u00e4towiert. Wenn Sie Tr\u00e4umer gesehen haben oder  wissen, wo er sich aufh\u00e4lt, melden Sie sich bitte unter der  Telefonnumer 0176\/63199160 oder  0162\/9798499. <\/figcaption><\/figure><\/div>\n\n\n\n<p class=\"wp-block-paragraph\">Vielen Dank f\u00fcr Ihre Mithilfe<\/p>\n\n\n\n<p class=\"wp-block-paragraph\"><\/p>\n\n\n\n<div class=\"wp-block-image\"><figure class=\"aligncenter size-large\"><img loading=\"lazy\" decoding=\"async\" width=\"30\" height=\"29\" src=\"http:\/\/bramscher-katzenhilfe.de\/WordPress\/wp-content\/uploads\/2019\/07\/Pfote-klein-45.jpg\" alt=\"\" class=\"wp-image-1078\"\/><\/figure><\/div>\n\n\n\n<p class=\"has-large-font-size wp-block-paragraph\"><strong>Katze Kitty wird  vermisst<\/strong><\/p>\n\n\n\n<div class=\"wp-block-image\"><figure class=\"aligncenter\"><img decoding=\"async\" src=\"http:\/\/bramscher-katzenhilfe.de\/Kitty.jpg\" alt=\"\"\/><figcaption> Die 12 Jahre alte Kitty aus Hesepe  wird seit dem 06.11.2017 schmerzlich vermisst. Kitty hat ein  dreifarbiges Fell und ist kastriert und t\u00e4towiert. Sie leidet unter  chronischem Schnupfen und ihre Augen tr\u00e4nen oft. Wenn Sie  diese Katze gesehen haben oder wissen, wo sie sich aufh\u00e4lt, melden  Sie sich bitte unter der Telefonnummer    0162\/9798499.<br> <br>Bitte helfen Sie mit, dass Kitty bald wieder zu Hause ist. <br><\/figcaption><\/figure><\/div>\n\n\n\n<div class=\"wp-block-image\"><figure class=\"aligncenter size-large\"><img loading=\"lazy\" decoding=\"async\" width=\"30\" height=\"29\" src=\"http:\/\/bramscher-katzenhilfe.de\/WordPress\/wp-content\/uploads\/2019\/07\/Pfote-klein-46.jpg\" alt=\"\" class=\"wp-image-1079\"\/><\/figure><\/div>\n\n\n\n<p class=\"has-large-font-size wp-block-paragraph\"><strong>Kater in Merzen  vermisst<\/strong><\/p>\n\n\n\n<ul class=\"wp-block-gallery columns-2 is-cropped wp-block-gallery-1 is-layout-flex wp-block-gallery-is-layout-flex\"><li class=\"blocks-gallery-item\"><figure><img loading=\"lazy\" decoding=\"async\" width=\"845\" height=\"634\" src=\"http:\/\/bramscher-katzenhilfe.de\/WordPress\/wp-content\/uploads\/2019\/07\/Merzen2-845x634.jpg\" alt=\"\" data-id=\"1081\" data-link=\"http:\/\/bramscher-katzenhilfe.de\/WordPress\/?attachment_id=1081\" class=\"wp-image-1081\" srcset=\"https:\/\/wp.bramscher-katzenhilfe.de\/wp-content\/uploads\/2019\/07\/Merzen2-845x634.jpg 845w, https:\/\/wp.bramscher-katzenhilfe.de\/wp-content\/uploads\/2019\/07\/Merzen2-300x225.jpg 300w, https:\/\/wp.bramscher-katzenhilfe.de\/wp-content\/uploads\/2019\/07\/Merzen2-768x576.jpg 768w, https:\/\/wp.bramscher-katzenhilfe.de\/wp-content\/uploads\/2019\/07\/Merzen2-640x480.jpg 640w\" sizes=\"auto, (max-width: 845px) 100vw, 845px\" \/><\/figure><\/li><li class=\"blocks-gallery-item\"><figure><img loading=\"lazy\" decoding=\"async\" width=\"845\" height=\"634\" src=\"http:\/\/bramscher-katzenhilfe.de\/WordPress\/wp-content\/uploads\/2019\/07\/Merzen1-1-845x634.jpg\" alt=\"\" data-id=\"1083\" data-link=\"http:\/\/bramscher-katzenhilfe.de\/WordPress\/?attachment_id=1083\" class=\"wp-image-1083\" srcset=\"https:\/\/wp.bramscher-katzenhilfe.de\/wp-content\/uploads\/2019\/07\/Merzen1-1-845x634.jpg 845w, https:\/\/wp.bramscher-katzenhilfe.de\/wp-content\/uploads\/2019\/07\/Merzen1-1-300x225.jpg 300w, https:\/\/wp.bramscher-katzenhilfe.de\/wp-content\/uploads\/2019\/07\/Merzen1-1-768x576.jpg 768w, https:\/\/wp.bramscher-katzenhilfe.de\/wp-content\/uploads\/2019\/07\/Merzen1-1-640x480.jpg 640w\" sizes=\"auto, (max-width: 845px) 100vw, 845px\" \/><\/figure><\/li><\/ul>\n\n\n\n<p class=\"wp-block-paragraph\">Seit dem 20.09.2017 wird dieser h\u00fcbsche Kater aus Merzen schmerzlich vermisst. Sein Fell ist  schwarz-grau getigert und er ist ein BKH-Mix. Der Kleine ist  unkastriert und nicht gechipt. <br>Wenn Sie den Kater gesehen haben  oder wissen, wo er sich aufh\u00e4lt, melden Sie sich bitte unter der  Telefonnummer 05466\/936306 oder unter Katzenhilfe Bramsche e.V.,  Tel.  0162\/9798499.<br>Wir w\u00fcnschen uns  sehr, dass er bald wieder in sein Zuhause zur\u00fcckkehren kann.<\/p>\n\n\n\n<p class=\"wp-block-paragraph\">Vielen Dank f\u00fcr Ihre Mithilfe!<br><\/p>\n\n\n\n<div class=\"wp-block-image\"><figure class=\"aligncenter size-large\"><img loading=\"lazy\" decoding=\"async\" width=\"30\" height=\"29\" src=\"http:\/\/bramscher-katzenhilfe.de\/WordPress\/wp-content\/uploads\/2019\/07\/Pfote-klein-47.jpg\" alt=\"\" class=\"wp-image-1082\"\/><\/figure><\/div>\n\n\n\n<p class=\"wp-block-paragraph\"><\/p>\n\n\n\n<p class=\"has-large-font-size wp-block-paragraph\"><strong>Kater Pepper  wird vermisst<\/strong><\/p>\n\n\n\n<ul class=\"wp-block-gallery columns-2 is-cropped wp-block-gallery-2 is-layout-flex wp-block-gallery-is-layout-flex\"><li class=\"blocks-gallery-item\"><figure><img loading=\"lazy\" decoding=\"async\" width=\"359\" height=\"294\" src=\"http:\/\/bramscher-katzenhilfe.de\/WordPress\/wp-content\/uploads\/2019\/07\/Pepper1.jpg\" alt=\"\" data-id=\"1085\" data-link=\"http:\/\/bramscher-katzenhilfe.de\/WordPress\/?attachment_id=1085\" class=\"wp-image-1085\" srcset=\"https:\/\/wp.bramscher-katzenhilfe.de\/wp-content\/uploads\/2019\/07\/Pepper1.jpg 359w, https:\/\/wp.bramscher-katzenhilfe.de\/wp-content\/uploads\/2019\/07\/Pepper1-300x246.jpg 300w\" sizes=\"auto, (max-width: 359px) 100vw, 359px\" \/><\/figure><\/li><li class=\"blocks-gallery-item\"><figure><img loading=\"lazy\" decoding=\"async\" width=\"461\" height=\"294\" src=\"http:\/\/bramscher-katzenhilfe.de\/WordPress\/wp-content\/uploads\/2019\/07\/Pepper2.jpg\" alt=\"\" data-id=\"1086\" data-link=\"http:\/\/bramscher-katzenhilfe.de\/WordPress\/?attachment_id=1086\" class=\"wp-image-1086\" srcset=\"https:\/\/wp.bramscher-katzenhilfe.de\/wp-content\/uploads\/2019\/07\/Pepper2.jpg 461w, https:\/\/wp.bramscher-katzenhilfe.de\/wp-content\/uploads\/2019\/07\/Pepper2-300x191.jpg 300w\" sizes=\"auto, (max-width: 461px) 100vw, 461px\" \/><\/figure><\/li><\/ul>\n\n\n\n<p class=\"wp-block-paragraph\">Seit dem  18.08.2017 wird Pepper aus Osnabr\u00fcck (Falkenweg) vermisst. Er ist  ein Bengal Cat-Siam-Mix und seine Fellzeichnung ist braun-schwarz  getigert. Pepper ist gechipt und bei Tasso registriert. Wenn Sie  Pepper gesehen haben oder wissen, wo er sich aufh\u00e4lt, melden Sie  sich bitte bei der Katzenhilfe Bramsche e.V. unter der Telefonnummer  0162\/9798499.<br><br>Vielen Dank  f\u00fcr Ihre Mithilfe!<br><br>Ps. Bitte schauen Sie auch in Schuppen,  Kellerr\u00e4umen und Luftsch\u00e4chten nach. Pepper k\u00f6nnte versehentlich  eingesperrt worden sein.<\/p>\n\n\n\n<div class=\"wp-block-image\"><figure class=\"aligncenter size-large\"><img loading=\"lazy\" decoding=\"async\" width=\"30\" height=\"29\" src=\"http:\/\/bramscher-katzenhilfe.de\/WordPress\/wp-content\/uploads\/2019\/07\/Pfote-klein-48.jpg\" alt=\"\" class=\"wp-image-1087\"\/><\/figure><\/div>\n\n\n\n<p class=\"wp-block-paragraph\"><\/p>\n\n\n\n<p class=\"has-large-font-size wp-block-paragraph\"><strong>VERMISST!!!!<\/strong><\/p>\n\n\n\n<div class=\"wp-block-image\"><figure class=\"aligncenter is-resized\"><img decoding=\"async\" src=\"http:\/\/bramscher-katzenhilfe.de\/Gizmo.jpg\" alt=\"\" width=\"400\"\/><figcaption> GIZMO<br>&nbsp; ist 17 Jahre alt, kastriert, seine  Fellfarbe ist grau, braun, schwarz getigert \u2013 um die Schnauze ist er  etwas heller. Er hat einen kleinen Knick im Schwanz.<br> Er ist zutraulich und menschenbezogen &#8211; hat  aber Angst vor Hunden. GIZMO h\u00f6rt auf seinen Namen.<br> Er ist ein Freig\u00e4nger und nicht mehr nach  Hause gekommen. <br><strong> Wir vermissen ihn seit  Dienstag, dem 23. Mai 2017<\/strong> <\/figcaption><\/figure><\/div>\n\n\n\n<p class=\"wp-block-paragraph\">Bitte schauen Sie in  Ihren Garagen, Ihren Kellerr\u00e4umen, Ihren Gartenschuppen und Ihren  Treppenh\u00e4usern nach, ob sich  GIZMO  dorthin verirrt hat \u2013&nbsp; und falls er durch Zufall  eingeschlossen wurde \u2013 nicht verhungern und verdursten muss. <\/p>\n\n\n\n<p class=\"wp-block-paragraph\">Wenn Sie \n\t\t\tGIZMO \n\t\t\tirgendwo sehen, rufen Sie bitte an Festnetz-T-Nr.: 05461-71204, \n\t\t\tHandy-Nr.: 0176-57693370<\/p>\n\n\n\n<p class=\"wp-block-paragraph\">Anderenfalls melden Sie sich bitte bei:<\/p>\n\n\n\n<p class=\"wp-block-paragraph\">Lorenz &#8211; Karweg 2 &#8211; 49565 Bramsche<\/p>\n\n\n\n<div class=\"wp-block-image\"><figure class=\"aligncenter size-large\"><img loading=\"lazy\" decoding=\"async\" width=\"30\" height=\"29\" src=\"http:\/\/bramscher-katzenhilfe.de\/WordPress\/wp-content\/uploads\/2019\/07\/Pfote-klein-49.jpg\" alt=\"\" class=\"wp-image-1091\"\/><\/figure><\/div>\n\n\n\n<p class=\"wp-block-paragraph\"><\/p>\n\n\n\n<p class=\"has-large-font-size wp-block-paragraph\"><strong>Kater Mikesch wird<br>vermisst <\/strong><\/p>\n\n\n\n<div class=\"wp-block-image\"><figure class=\"alignleft size-large\"><img loading=\"lazy\" decoding=\"async\" width=\"845\" height=\"475\" src=\"http:\/\/bramscher-katzenhilfe.de\/WordPress\/wp-content\/uploads\/2019\/07\/Mikesch-845x475.jpg\" alt=\"\" class=\"wp-image-1092\" srcset=\"https:\/\/wp.bramscher-katzenhilfe.de\/wp-content\/uploads\/2019\/07\/Mikesch-845x475.jpg 845w, https:\/\/wp.bramscher-katzenhilfe.de\/wp-content\/uploads\/2019\/07\/Mikesch-300x169.jpg 300w, https:\/\/wp.bramscher-katzenhilfe.de\/wp-content\/uploads\/2019\/07\/Mikesch-768x432.jpg 768w, https:\/\/wp.bramscher-katzenhilfe.de\/wp-content\/uploads\/2019\/07\/Mikesch-640x360.jpg 640w, https:\/\/wp.bramscher-katzenhilfe.de\/wp-content\/uploads\/2019\/07\/Mikesch.jpg 1600w\" sizes=\"auto, (max-width: 845px) 100vw, 845px\" \/><figcaption> Seit dem 1.1.2017 wird Mikesch vermisst. Wahrscheinlich wurde er zuletzt an der Ecke Knollstrasse \/  Haster Weg in Osnabr\u00fcck gesehen. Er k\u00f6nnte sich aber auch im  gesamten Stadtgebiet oder im Nordkreis aufhalten. Seine Besitzerin  macht sich gro\u00dfe Sorgen.<br>Wenn Sie den kleinen Kerl gesehen haben,  oder wissen, wo er sich aufh\u00e4lt, melden Sie sich bitte bei:<br> KatzenLeben Osnabr\u00fcck e.V., Tel.: 0541\/1505492 oder <br>Katzenhilfe  Bramsche e.V., Tel.: 0162\/9798499<br><br> Vielen Dank f\u00fcr Ihre Mithilfe!<\/figcaption><\/figure><\/div>\n\n\n\n<p class=\"wp-block-paragraph\"><\/p>\n\n\n\n<div class=\"wp-block-image\"><figure class=\"aligncenter size-large\"><img loading=\"lazy\" decoding=\"async\" width=\"30\" height=\"29\" src=\"http:\/\/bramscher-katzenhilfe.de\/WordPress\/wp-content\/uploads\/2019\/07\/Pfote-klein-51.jpg\" alt=\"\" class=\"wp-image-1095\"\/><\/figure><\/div>\n\n\n\n<p class=\"has-large-font-size wp-block-paragraph\"><strong>Achtung!<\/strong><\/p>\n\n\n\n<p class=\"has-large-font-size wp-block-paragraph\"><strong>Findet Luc Thyson!<\/strong><\/p>\n\n\n\n<ul class=\"wp-block-gallery columns-2 is-cropped wp-block-gallery-3 is-layout-flex wp-block-gallery-is-layout-flex\"><li class=\"blocks-gallery-item\"><figure><img loading=\"lazy\" decoding=\"async\" width=\"845\" height=\"634\" src=\"http:\/\/bramscher-katzenhilfe.de\/WordPress\/wp-content\/uploads\/2019\/07\/Luc-Rieste-1-845x634.jpg\" alt=\"\" data-id=\"1096\" data-link=\"http:\/\/bramscher-katzenhilfe.de\/WordPress\/?attachment_id=1096\" class=\"wp-image-1096\" srcset=\"https:\/\/wp.bramscher-katzenhilfe.de\/wp-content\/uploads\/2019\/07\/Luc-Rieste-1-845x634.jpg 845w, https:\/\/wp.bramscher-katzenhilfe.de\/wp-content\/uploads\/2019\/07\/Luc-Rieste-1-300x225.jpg 300w, https:\/\/wp.bramscher-katzenhilfe.de\/wp-content\/uploads\/2019\/07\/Luc-Rieste-1-768x576.jpg 768w, https:\/\/wp.bramscher-katzenhilfe.de\/wp-content\/uploads\/2019\/07\/Luc-Rieste-1-640x480.jpg 640w\" sizes=\"auto, (max-width: 845px) 100vw, 845px\" \/><\/figure><\/li><li class=\"blocks-gallery-item\"><figure><img loading=\"lazy\" decoding=\"async\" width=\"579\" height=\"1024\" src=\"http:\/\/bramscher-katzenhilfe.de\/WordPress\/wp-content\/uploads\/2019\/07\/Luc-Rieste-2-579x1024.jpg\" alt=\"\" data-id=\"1097\" data-link=\"http:\/\/bramscher-katzenhilfe.de\/WordPress\/?attachment_id=1097\" class=\"wp-image-1097\" srcset=\"https:\/\/wp.bramscher-katzenhilfe.de\/wp-content\/uploads\/2019\/07\/Luc-Rieste-2-579x1024.jpg 579w, https:\/\/wp.bramscher-katzenhilfe.de\/wp-content\/uploads\/2019\/07\/Luc-Rieste-2-170x300.jpg 170w, https:\/\/wp.bramscher-katzenhilfe.de\/wp-content\/uploads\/2019\/07\/Luc-Rieste-2-640x1132.jpg 640w, https:\/\/wp.bramscher-katzenhilfe.de\/wp-content\/uploads\/2019\/07\/Luc-Rieste-2.jpg 760w\" sizes=\"auto, (max-width: 579px) 100vw, 579px\" \/><\/figure><\/li><\/ul>\n\n\n\n<div class=\"wp-block-image\"><figure class=\"aligncenter is-resized\"><img loading=\"lazy\" decoding=\"async\" src=\"http:\/\/bramscher-katzenhilfe.de\/WordPress\/wp-content\/uploads\/2019\/07\/Luc-Rieste-3-845x634.jpg\" alt=\"\" width=\"423\" height=\"317\"\/><figcaption> Er ist 18 Monate alt ziemlich gro\u00df, lang und  schlank. Wei\u00df-Schwarz kuhgefleckt &#8211; wobei der Schwanz komplett  schwarz ist und er eine schwarze \u201eScheitelfrisur\u201c tr\u00e4gt.  <br> Vielleicht wurde er versehentlich in (Garten-)Haus, Caravan, Auto oder Schuppen  eingesperrt. <\/figcaption><\/figure><\/div>\n\n\n\n<p class=\"wp-block-paragraph\"><\/p>\n\n\n\n<p class=\"wp-block-paragraph\"><strong>Bitte schauen Sie nach!!!<\/strong><\/p>\n\n\n\n<p class=\"wp-block-paragraph\">Er wurde zuletzt am Donnerstagmorgen, den \n\t\t\t20.10.2016 gesehen bei Wulfetannen F4. Das war direkt vor dem \n\t\t\tletzten Wochenende der NRW-Herbstferien!<\/p>\n\n\n\n<p class=\"wp-block-paragraph\">Bitte meldet euch unter  05464 &#8211; 5996!<\/p>\n\n\n\n<p class=\"wp-block-paragraph\"><strong><em>Wir vermissen  unseren Kater Luc Thyson<\/em><\/strong>     Karin, Henk &amp;  Lea<\/p>\n\n\n\n<div class=\"wp-block-image\"><figure class=\"aligncenter size-large\"><img loading=\"lazy\" decoding=\"async\" width=\"30\" height=\"29\" src=\"http:\/\/bramscher-katzenhilfe.de\/WordPress\/wp-content\/uploads\/2019\/07\/Pfote-klein-52.jpg\" alt=\"\" class=\"wp-image-1100\"\/><\/figure><\/div>\n\n\n\n<p class=\"wp-block-paragraph\"><\/p>\n\n\n\n<p class=\"has-large-font-size wp-block-paragraph\"><strong>Kater  vermisst<\/strong><\/p>\n\n\n\n<div class=\"wp-block-image\"><figure class=\"aligncenter size-large\"><img loading=\"lazy\" decoding=\"async\" width=\"845\" height=\"715\" src=\"http:\/\/bramscher-katzenhilfe.de\/WordPress\/wp-content\/uploads\/2019\/07\/Bohne-845x715.jpg\" alt=\"\" class=\"wp-image-1101\" srcset=\"https:\/\/wp.bramscher-katzenhilfe.de\/wp-content\/uploads\/2019\/07\/Bohne-845x715.jpg 845w, https:\/\/wp.bramscher-katzenhilfe.de\/wp-content\/uploads\/2019\/07\/Bohne-300x254.jpg 300w, https:\/\/wp.bramscher-katzenhilfe.de\/wp-content\/uploads\/2019\/07\/Bohne-768x650.jpg 768w, https:\/\/wp.bramscher-katzenhilfe.de\/wp-content\/uploads\/2019\/07\/Bohne-640x542.jpg 640w, https:\/\/wp.bramscher-katzenhilfe.de\/wp-content\/uploads\/2019\/07\/Bohne.jpg 1939w\" sizes=\"auto, (max-width: 845px) 100vw, 845px\" \/><figcaption> Seit dem 27.05.2016 wird dieser bildh\u00fcbsche Kater, der in  Bramsche, Schleptrup zu Hause ist, vermisst. Er hat ein grau  getigertes Fell und ist sehr zutraulich. In den Ohren tr\u00e4gt er eine  gut sichtbare T\u00e4towierung. Wenn Sie diesen Kater gesehen haben, oder wissen, wo er sich  aufh\u00e4lt, melden Sie sich bitte unter der Telefonnummer  05468\/777905. Der kleine Kerl wird schmerzlich vermisst, deshalb sind wir dankbar f\u00fcr Ihre Mithilfe. <br><\/figcaption><\/figure><\/div>\n\n\n\n<p class=\"wp-block-paragraph\"><\/p>\n\n\n\n<div class=\"wp-block-image\"><figure class=\"aligncenter size-large\"><img loading=\"lazy\" decoding=\"async\" width=\"30\" height=\"29\" src=\"http:\/\/bramscher-katzenhilfe.de\/WordPress\/wp-content\/uploads\/2019\/07\/Pfote-klein-53.jpg\" alt=\"\" class=\"wp-image-1102\"\/><\/figure><\/div>\n\n\n\n<p class=\"wp-block-paragraph\"><\/p>\n\n\n\n<p class=\"has-large-font-size wp-block-paragraph\"><strong>Katze Lilly wird vermisst<\/strong><\/p>\n\n\n\n<div class=\"wp-block-image\"><figure class=\"aligncenter size-large\"><img loading=\"lazy\" decoding=\"async\" width=\"845\" height=\"634\" src=\"http:\/\/bramscher-katzenhilfe.de\/WordPress\/wp-content\/uploads\/2019\/07\/Lilly-845x634.jpg\" alt=\"\" class=\"wp-image-1103\" srcset=\"https:\/\/wp.bramscher-katzenhilfe.de\/wp-content\/uploads\/2019\/07\/Lilly-845x634.jpg 845w, https:\/\/wp.bramscher-katzenhilfe.de\/wp-content\/uploads\/2019\/07\/Lilly-300x225.jpg 300w, https:\/\/wp.bramscher-katzenhilfe.de\/wp-content\/uploads\/2019\/07\/Lilly-768x576.jpg 768w, https:\/\/wp.bramscher-katzenhilfe.de\/wp-content\/uploads\/2019\/07\/Lilly-640x480.jpg 640w\" sizes=\"auto, (max-width: 845px) 100vw, 845px\" \/><figcaption> Lilly ist 3 Jahre alt, grau-beige getigert, sehr zierlich und    verschmust. Sie ist kastriert und t\u00e4towiert.<br>Lilly wird seit dem    15.10.2014 in der Wallstra\u00dfe\/ Gartenstadt, Bramsche, vermisst.<br>Wenn Sie    wissen, wo Lilly sich aufh\u00e4lt, rufen Sie uns bitte an.<br><br>Bitte schauen Sie auch in Garagen, Kellerr\u00e4umen, Luftsch\u00e4chten usw. nach. Sie k\u00f6nnte unbemerkt eingesperrt worden sein. Wir danken Ihnen f\u00fcr Ihre Mithilfe.<br><br>Telefon: 05461\/64321<br>&nbsp;&nbsp;&nbsp;&nbsp;&nbsp;&nbsp;&nbsp;&nbsp;&nbsp;&nbsp;&nbsp;&nbsp;&nbsp;&nbsp;    05461\/7079220 oder 0162\/9798499. <\/figcaption><\/figure><\/div>\n\n\n\n<div class=\"wp-block-image\"><figure class=\"aligncenter size-large\"><img loading=\"lazy\" decoding=\"async\" width=\"30\" height=\"29\" src=\"http:\/\/bramscher-katzenhilfe.de\/WordPress\/wp-content\/uploads\/2019\/07\/Pfote-klein-54.jpg\" alt=\"\" class=\"wp-image-1104\"\/><\/figure><\/div>\n\n\n\n<p class=\"wp-block-paragraph\"><\/p>\n ","protected":false},"excerpt":{"rendered":"<p>Wenn Sie Samson gesehen haben oder wissen, wo er sich aufh\u00e4lt, melden Sie sich bitte unter der Telefonnumer 0162\/9798499Vielen Dank f\u00fcr Ihre Mithilfe Wenn Sie<a href=\"https:\/\/wp.bramscher-katzenhilfe.de\/?page_id=1070\" class=\"more-link\"><span class=\"screen-reader-text\"> &#8222;Vermisst\/Entlaufen&#8220;<\/span><\/a><\/p>\n","protected":false},"author":2,"featured_media":0,"parent":0,"menu_order":0,"comment_status":"closed","ping_status":"closed","template":"","meta":{"give_campaign_id":0,"_crdt_document":"","footnotes":""},"class_list":["post-1070","page","type-page","status-publish","hentry"],"campaignId":"","_links":{"self":[{"href":"https:\/\/wp.bramscher-katzenhilfe.de\/index.php?rest_route=\/wp\/v2\/pages\/1070","targetHints":{"allow":["GET"]}}],"collection":[{"href":"https:\/\/wp.bramscher-katzenhilfe.de\/index.php?rest_route=\/wp\/v2\/pages"}],"about":[{"href":"https:\/\/wp.bramscher-katzenhilfe.de\/index.php?rest_route=\/wp\/v2\/types\/page"}],"author":[{"embeddable":true,"href":"https:\/\/wp.bramscher-katzenhilfe.de\/index.php?rest_route=\/wp\/v2\/users\/2"}],"replies":[{"embeddable":true,"href":"https:\/\/wp.bramscher-katzenhilfe.de\/index.php?rest_route=%2Fwp%2Fv2%2Fcomments&post=1070"}],"version-history":[{"count":13,"href":"https:\/\/wp.bramscher-katzenhilfe.de\/index.php?rest_route=\/wp\/v2\/pages\/1070\/revisions"}],"predecessor-version":[{"id":1111,"href":"https:\/\/wp.bramscher-katzenhilfe.de\/index.php?rest_route=\/wp\/v2\/pages\/1070\/revisions\/1111"}],"wp:attachment":[{"href":"https:\/\/wp.bramscher-katzenhilfe.de\/index.php?rest_route=%2Fwp%2Fv2%2Fmedia&parent=1070"}],"curies":[{"name":"wp","href":"https:\/\/api.w.org\/{rel}","templated":true}]}}