{"id":1112,"date":"2019-07-21T06:18:13","date_gmt":"2019-07-21T06:18:13","guid":{"rendered":"http:\/\/bramscher-katzenhilfe.de\/WordPress\/?p=1112"},"modified":"2019-11-15T12:51:42","modified_gmt":"2019-11-15T12:51:42","slug":"wir-suchen-pflegestellen-fuer-katzenbabys-katzeneltern-auf-zeit","status":"publish","type":"page","link":"https:\/\/wp.bramscher-katzenhilfe.de\/?page_id=1112","title":{"rendered":"Wir suchen Pflegestellen f\u00fcr Katzenbabys &#8211; &#8222;Katzeneltern auf Zeit&#8220;"},"content":{"rendered":"\n<figure class=\"wp-block-image is-resized\"><img decoding=\"async\" src=\"http:\/\/bramscher-katzenhilfe.de\/DSCI1101.JPG\" alt=\"\" width=\"550\"\/><\/figure>\n\n\n\n<p class=\"wp-block-paragraph\">Immer mehr Katzen befinden sich in  gro\u00dfer Not.T\u00e4glich erreichen uns Hilferufe. Wir suchen ganz dringend  zus\u00e4tzliche, private Pflegestellen f\u00fcr unsere Tierschutzkatzen.  Insbesondere Katzenbabys,&nbsp;verletzte Katzen und Fundtiere&nbsp;werden von  uns bis zur Vermittlung aufgenommen. Leider k\u00f6nnen wir nicht allen  helfen, da es uns an Pflegestellen fehlt.<\/p>\n\n\n\n<figure class=\"wp-block-image is-resized\"><img decoding=\"async\" src=\"http:\/\/bramscher-katzenhilfe.de\/DSCI1107.JPG\" alt=\"\" width=\"555\"\/><\/figure>\n\n\n\n<p class=\"wp-block-paragraph\">Wenn Sie &#8222;Katzeneltern auf Zeit&#8220; werden m\u00f6chten und eine oder mehrere Katzen bis zur Vermittlung bei  sich aufnehmen und versorgen k\u00f6nnen, rufen Sie uns bitte an.<\/p>\n\n\n\n<p class=\"wp-block-paragraph\">Wir informieren Sie gerne.<\/p>\n\n\n\n<p class=\"wp-block-paragraph\"><strong>Voraussetzung:<\/strong> <\/p>\n\n\n\n<ul class=\"wp-block-list\"><li><em>Sie k\u00f6nnen den Katzen einen eigenen  Raum zur Verf\u00fcgung stellen<\/em> <\/li><\/ul>\n\n\n\n<ul class=\"wp-block-list\"><li><em>Sie verf\u00fcgen \u00fcber Erfahrung mit  Katzen<\/em><\/li><\/ul>\n\n\n\n<ul class=\"wp-block-list\"><li><em>Sie sind telefonisch erreichbar<\/em><\/li><\/ul>\n\n\n\n<ul class=\"wp-block-list\"><li><em>Sie wohnen m\u00f6glichst im Umkreis von  Bramsche<\/em><\/li><\/ul>\n\n\n\n<p class=\"wp-block-paragraph\">Tel.: 05461\/7079220 oder  0162\/9798499<\/p>\n ","protected":false},"excerpt":{"rendered":"<p>Immer mehr Katzen befinden sich in gro\u00dfer Not.T\u00e4glich erreichen uns Hilferufe. Wir suchen ganz dringend zus\u00e4tzliche, private Pflegestellen f\u00fcr unsere Tierschutzkatzen. Insbesondere Katzenbabys,&nbsp;verletzte Katzen und<a href=\"https:\/\/wp.bramscher-katzenhilfe.de\/?page_id=1112\" class=\"more-link\"><span class=\"screen-reader-text\"> &#8222;Wir suchen Pflegestellen f\u00fcr Katzenbabys &#8211; &#8222;Katzeneltern auf Zeit&#8220;&#8220;<\/span><\/a><\/p>\n","protected":false},"author":2,"featured_media":0,"parent":0,"menu_order":0,"comment_status":"closed","ping_status":"closed","template":"","meta":{"give_campaign_id":0,"_crdt_document":"","footnotes":""},"class_list":["post-1112","page","type-page","status-publish","hentry"],"campaignId":"","_links":{"self":[{"href":"https:\/\/wp.bramscher-katzenhilfe.de\/index.php?rest_route=\/wp\/v2\/pages\/1112","targetHints":{"allow":["GET"]}}],"collection":[{"href":"https:\/\/wp.bramscher-katzenhilfe.de\/index.php?rest_route=\/wp\/v2\/pages"}],"about":[{"href":"https:\/\/wp.bramscher-katzenhilfe.de\/index.php?rest_route=\/wp\/v2\/types\/page"}],"author":[{"embeddable":true,"href":"https:\/\/wp.bramscher-katzenhilfe.de\/index.php?rest_route=\/wp\/v2\/users\/2"}],"replies":[{"embeddable":true,"href":"https:\/\/wp.bramscher-katzenhilfe.de\/index.php?rest_route=%2Fwp%2Fv2%2Fcomments&post=1112"}],"version-history":[{"count":11,"href":"https:\/\/wp.bramscher-katzenhilfe.de\/index.php?rest_route=\/wp\/v2\/pages\/1112\/revisions"}],"predecessor-version":[{"id":1910,"href":"https:\/\/wp.bramscher-katzenhilfe.de\/index.php?rest_route=\/wp\/v2\/pages\/1112\/revisions\/1910"}],"wp:attachment":[{"href":"https:\/\/wp.bramscher-katzenhilfe.de\/index.php?rest_route=%2Fwp%2Fv2%2Fmedia&parent=1112"}],"curies":[{"name":"wp","href":"https:\/\/api.w.org\/{rel}","templated":true}]}}