{"id":1121,"date":"2019-07-21T14:44:38","date_gmt":"2019-07-21T14:44:38","guid":{"rendered":"http:\/\/bramscher-katzenhilfe.de\/WordPress\/?p=1121"},"modified":"2026-01-01T06:21:06","modified_gmt":"2026-01-01T06:21:06","slug":"unsere-wahren-sorgenkinder-heissen-streuner","status":"publish","type":"page","link":"https:\/\/wp.bramscher-katzenhilfe.de\/?page_id=1121","title":{"rendered":"Unsere wahren Sorgenkinder hei\u00dfen Streuner"},"content":{"rendered":"\n<p class=\"wp-block-paragraph\">Neben den verwaisten  Katzenbabys, verletzten Katzen und Fundtieren, tragen die wahren Sorgenkinder der Katzenhilfe Bramsche e.V. einen ganz anderen Namen:   <\/p>\n\n\n\n<p class=\"wp-block-paragraph\">Es sind unsere Streuner, die herrenlosen, wildlebenden Katzen in Bramsche und Umgebung.&nbsp;Ihnen gilt unser Hauptaugenmerk. Ihnen zu helfen ist, neben allen anderen Arbeiten, unsere Hauptaufgabe und  Herzensangelegenheit,  denn Streuner leiden.<\/p>\n\n\n\n<p class=\"wp-block-paragraph\">Seit Jahrhunderten leben verwilderte Hauskatzen \n\tunter uns. Teilweise sind sie unkastriert von H\u00f6fen abgewandert oder wurden \n\tvon ihren Besitzern ausgesetzt. Sie sind sich selbst \u00fcberlassen und f\u00fchren \n\teinen harten \u00dcberlebenskampf.<\/p>\n\n\n\n<p class=\"wp-block-paragraph\">Auf der Suche nach neuem  Lebensraum und Nahrung durchstreifen sie die Reviere anderer Katzen. Nicht&nbsp; selten kommt es dabei zu K\u00e4mpfen,  Verletzungen und Infektionen und nur die wenigsten von ihnen finden ein  neues Zuhause.<\/p>\n\n\n\n<figure class=\"wp-block-image is-resized\"><img decoding=\"async\" src=\"http:\/\/bramscher-katzenhilfe.de\/Streuner%201.jpg\" alt=\"\" style=\"width:550px\"\/><figcaption class=\"wp-element-caption\"> Die meisten verwildern und vermehren sich unkontrolliert. <\/figcaption><\/figure>\n\n\n\n<p class=\"wp-block-paragraph\">Streuner paaren sich auch oft mit Hauskatzen in der \n\tUmgebung. <\/p>\n\n\n\n<p class=\"wp-block-paragraph\">Die Stadt Bramsche hat die  Kastrations- und Kennzeichnungspflicht f\u00fcr Hauskatzen zum 01.01.2014  verordnet. Damit ist jeder Katzenhalter verpflichtet, sein Tier kastrieren und kennzeichnen zu lassen. Das ist ein Schritt, die Streunerproblematik zu stoppen, und wurde von der Katzenhilfe Bramsche sehr begr\u00fc\u00dft.<\/p>\n\n\n\n<p class=\"wp-block-paragraph\">Au\u00dferdem helfen Kennzeichnung und Registrierung dabei, dass die eigene Katze nicht zur  Streunerkatze wird, falls sie den Weg nach Hause mal nicht findet.&nbsp; Zahlen belegen, dass derzeit nur jede 5.  Katze durch Registrierung zugeordnet werden kann. Die Registrierung ihrer  Katze ist, z. B. bei TASSO e.V., kostenlos.<\/p>\n\n\n\n<p class=\"wp-block-paragraph\">In Deutschland ist die Katze  das Haustier Nr. 1. Sie haben Namen, hei\u00dfen Minka, Fritzi oder P\u00fcppi und es geht ihnen gut. Von ihren Besitzern werden sie verw\u00f6hnt und haben ein warmes Pl\u00e4tzchen.   <\/p>\n\n\n\n<p class=\"wp-block-paragraph\">Sch\u00e4tzungsweise aber vegetieren zwei Millionen ihrer \n\tArtgenossen auf deutschen Stra\u00dfen.<\/p>\n\n\n\n<p class=\"wp-block-paragraph\">Auch in Bramsche werden die Streuner kaum wahrgenommen. Sie haben keine Namen. Schutzlos sind sie Wind und Wetter ausgeliefert. Oft sind sie ausgemergelt und schwach. Jeden Tag k\u00e4mpfen sie ums \u00dcberleben. Durch Geburten im Herbst  k\u00f6nnen die Tiere kaum Reserven aufbauen. Viele von ihnen gehen qualvoll zu Grunde, sie verhungern oder erfrieren.<\/p>\n\n\n\n<figure class=\"wp-block-image is-resized\"><img decoding=\"async\" src=\"http:\/\/bramscher-katzenhilfe.de\/Streuner%202.jpg\" alt=\"\" style=\"width:550px\"\/><figcaption class=\"wp-element-caption\"> Ersch\u00f6pft und schwach <\/figcaption><\/figure>\n\n\n\n<p class=\"wp-block-paragraph\">Katzen sind schon im Alter von 5-6 Monaten geschlechtsreif. Kinder kriegen Kinder. Eine Katze kann bis  zu zweimal im Jahr Junge bekommen. Wenn bei  jedem Wurf nur 3 Babys \u00fcberleben, die sich ebenfalls vermehren, steigt die Zahl der Nachkommen von nur einer Katze innerhalb weniger Jahre in die Tausende. <\/p>\n\n\n\n<figure class=\"wp-block-image is-resized\"><img decoding=\"async\" src=\"http:\/\/bramscher-katzenhilfe.de\/Streuner%204.jpg\" alt=\"\" style=\"width:550px\"\/><figcaption class=\"wp-element-caption\"> Auf dem Friedhof geboren <\/figcaption><\/figure>\n\n\n\n<p class=\"wp-block-paragraph\">Mit wachsender Zahl der Streuner k\u00f6nnen sich auch Katzenkrankheiten, wie Katzenschnupfen, Katzenseuche, FIP und Leukose, eher ausbreiten. <\/p>\n\n\n\n<figure class=\"wp-block-image is-resized\"><img decoding=\"async\" src=\"http:\/\/bramscher-katzenhilfe.de\/Streuner%203.jpg\" alt=\"\" style=\"width:550px\"\/><figcaption class=\"wp-element-caption\"> Katzenschnupfen <\/figcaption><\/figure>\n\n\n\n<p class=\"wp-block-paragraph\">Das F\u00fcttern von herrenlosen Katzen allein ist keine L\u00f6sung. Durch steigende Geburtenraten verschlimmert es sogar die Situation. Das einzig sinnvolle, um die \u00dcberpopulation zu stoppen, ist die Kastration der weiblichen und der m\u00e4nnlichen Tiere.  <\/p>\n\n\n\n<figure class=\"wp-block-image is-resized\"><img decoding=\"async\" src=\"http:\/\/bramscher-katzenhilfe.de\/Streuner%205.jpg\" alt=\"\" style=\"width:550px\"\/><figcaption class=\"wp-element-caption\"> Kastrierte Einzelg\u00e4ngerin <\/figcaption><\/figure>\n\n\n\n<p class=\"wp-block-paragraph\">Sie werden von uns in Lebendfallen eingefangen, tier\u00e4rztlich untersucht, wenn n\u00f6tig verarztet,  kastriert und gekennzeichnet. Danach werden die Katzen an ihren Lebensort zur\u00fcckgebracht.&nbsp;  &nbsp;<\/p>\n\n\n\n<p class=\"wp-block-paragraph\">Eine Streunerkatze ist eine verwilderte Hauskatze. Sie ist nicht an den Menschen gew\u00f6hnt. W\u00fcrde man sie einfangen und vermitteln, w\u00fcrde es f\u00fcr das Tier gro\u00dfen Stress bedeuten. Viele laufen wieder weg.<\/p>\n\n\n\n<p class=\"wp-block-paragraph\">Wir haben f\u00fcr die kastrierten Tiere  an verschiedenen Stellen Futter- und Schlafpl\u00e4tze eingerichtet. An diesen Stellen werden sie t\u00e4glich von uns versorgt. <\/p>\n\n\n\n<figure class=\"wp-block-image is-resized\"><img decoding=\"async\" src=\"http:\/\/bramscher-katzenhilfe.de\/Streuner%206.jpg\" alt=\"\" style=\"width:550px\"\/><figcaption class=\"wp-element-caption\"> Futterstelle der Katzenhilfe Bramsche mit Schlafpl\u00e4tzen <\/figcaption><\/figure>\n\n\n\n<p class=\"wp-block-paragraph\">Wenn Sie die Tiere mit einer Futterspende unterst\u00fctzen m\u00f6chten, finden Sie unsere Futterboxen im Fressnapf, im Gr\u00fcnen Laden, bei Famila im Getr\u00e4nkemarkt und bei Edeka am Lutterdamm in Bramsche. Zwei weitere Futterboxen stehen beim Combi in Wallenhorst, sowie beim Combi in Neuenkirchen bei Bramsche.<\/p>\n\n\n\n<p class=\"wp-block-paragraph\">Jede Dose Futter z\u00e4hlt und jede T\u00fcte Brekkies hilft.<\/p>\n\n\n\n<p class=\"wp-block-paragraph\">Gleichzeitig suchen wir nach weiteren Gesch\u00e4ften, in denen wir unsere Futterspendenboxen aufstellen d\u00fcrfen.  <\/p>\n\n\n\n<p class=\"wp-block-paragraph\">Leider ist vielen Menschen das Leid der herrenlosen Katzen nicht bewusst. Kaum jemand f\u00fchlt sich f\u00fcr  diese Tiere verantwortlich. Auch unsere Streuner in Bramsche und Umgebung  haben keine Lobby und f\u00fcr die Kosten der Tiere kommt niemand auf. Derzeit setzt sich bei uns nur der hiesige Tierschutz f\u00fcr die notleidenden, herrenlosen Katzen  ein.<\/p>\n\n\n\n<p class=\"wp-block-paragraph\">Die Katzenhilfe Bramsche hat seit Gr\u00fcndung im \n\tNovember 2011 bis zum 31.12. 2018 insgesamt 473 Katzen kastrieren lassen.<\/p>\n\n\n\n<p class=\"wp-block-paragraph\">Die Kosten daf\u00fcr wurden ausschlie\u00dflich durch Mitgliederbeitr\u00e4ge und Spenden gedeckt.<\/p>\n\n\n\n<p class=\"wp-block-paragraph\">Die einzige, gerechte L\u00f6sung f\u00fcr diese Tiere ist,  gemeinsam Verantwortung zu \u00fcbernehmen:&nbsp; <\/p>\n\n\n\n<p class=\"wp-block-paragraph\">Nur durch Unterst\u00fctzung der Bev\u00f6lkerung, der Tier\u00e4rzte und der Stadt kann das Leid der wildlebenden Katzen nachhaltig gelindert werden. <\/p>\n\n\n\n<p class=\"wp-block-paragraph\">Daf\u00fcr setzen wir uns ein.<\/p>\n\n\n\n<p class=\"wp-block-paragraph\" style=\"font-size:10px\"> Fotos: Katzenhilfe Bramsche<\/p>\n\n\n<div class=\"wp-block-image\">\n<figure class=\"aligncenter size-large\"><img loading=\"lazy\" decoding=\"async\" width=\"30\" height=\"29\" src=\"http:\/\/bramscher-katzenhilfe.de\/WordPress\/wp-content\/uploads\/2019\/07\/Pfote-klein-56.jpg\" alt=\"\" class=\"wp-image-1123\"\/><\/figure>\n<\/div>\n\n\n<p class=\"has-large-font-size wp-block-paragraph\"><br><strong>Kastrationsaktionen mit Lebendfallen<\/strong><\/p>\n\n\n\n<p class=\"wp-block-paragraph\">Eine unserer Hauptaufgaben ist die Betreuung und t\u00e4gliche Versorgung herrenloser Hauskatzen.<\/p>\n\n\n\n<p class=\"wp-block-paragraph\">Das beinhaltet die Einrichtung von Futterstellen, Pflege der Schlafh\u00e4uschen und die konsequente Kastration aller Tiere, sowie deren tier\u00e4rztliche Versorgung.<\/p>\n\n\n\n<figure class=\"wp-block-image is-resized\"><img decoding=\"async\" src=\"http:\/\/bramscher-katzenhilfe.de\/Kastrationsaktion1.jpg\" alt=\"\" style=\"width:550px\"\/><figcaption class=\"wp-element-caption\"> Tiere an einerFutterstelle <\/figcaption><\/figure>\n\n\n\n<p class=\"wp-block-paragraph\">Sollten Streunerkatzen kastriert oder tier\u00e4rztlich versorgt werden m\u00fcssen, so sind Fangaktionen notwendig.<\/p>\n\n\n\n<p class=\"wp-block-paragraph\">Hierbei werden von uns ausschlie\u00dflich Lebendfallen aus Draht eingesetzt.  <\/p>\n\n\n\n<p class=\"wp-block-paragraph\">Die Fallen besitzen einen Trittmechanismus, so dass die Tiere die Falle selbst ausl\u00f6sen, wenn sie auf die Trittscheibe in der Falle treten.<\/p>\n\n\n\n<p class=\"wp-block-paragraph\">Zur Falle gelockt, das hei\u00dft angef\u00fcttert werden die Tiere von uns mit etwas Fisch oder auch Schinkenwurst. Jede Katze hat da andere Vorlieben und diese gilt es zuvor herauszufinden.   <\/p>\n\n\n\n<p class=\"wp-block-paragraph\">Wildlebende Katzen sind \u00e4u\u00dferst vorsichtig und klug. Deshalb m\u00fcssen wir bei Fangaktionen immer sehr geduldig sein. So kann es auch mal eine l\u00e4ngere Zeit dauern, bis ein Tier in die Falle geht. <\/p>\n\n\n\n<figure class=\"wp-block-image is-resized\"><img decoding=\"async\" src=\"http:\/\/bramscher-katzenhilfe.de\/Kastrationsaktion2.jpg\" alt=\"\" style=\"width:550px\"\/><figcaption class=\"wp-element-caption\"> Streuner in einer Lebendfalle <\/figcaption><\/figure>\n\n\n\n<p class=\"wp-block-paragraph\">Wenn wir Tiere einfangen, halten wir uns  immer nur wenige Meter entfernt von der Falle auf und beobachten sie gut. Niemals wird eine Falle w\u00e4hrend einer Einfangaktion von uns aufgestellt und  dann aus den Augen gelassen.<\/p>\n\n\n\n<p class=\"wp-block-paragraph\">Ist eine Katze gefangen, wird die Falle, damit das Tier sich beruhigt, sofort mit einem Tuch abgedeckt. Wenn m\u00f6glich,  wird die Katze sp\u00e4ter in einen kleineren Drahtkasten (\u201eUmsetzer\u201c) gelenkt  und darin zum Tierarzt gebracht. Der \u201eUmsetzer\u201c vereinfacht die Handhabe beim Transport und beim Tierarzt.<\/p>\n\n\n\n<p class=\"wp-block-paragraph\">Kastriert, gekennzeichnet und gegen Parasiten  behandelt, wird die Katze beim Tierarzt, noch in Narkose, in eine gro\u00dfe Transportbox gesetzt.<\/p>\n\n\n\n<p class=\"wp-block-paragraph\">Nach etwa 3 \u2013 4 Stunden wird sie wieder von uns beim Tierarzt abgeholt und in die Pflegestelle gebracht.   <\/p>\n\n\n\n<p class=\"wp-block-paragraph\">Sie wird in der Box an einem warmen, ruhigen  Platz gestellt und kann sich dann ausruhen. Dabei wird sie beobachtet und  mit Wasser und sp\u00e4ter auch mit Futter versorgt.<\/p>\n\n\n\n<p class=\"wp-block-paragraph\">So k\u00f6nnen wir sehen, ob die Katze die Operation gut \u00fcberstanden hat und wieder Appetit bekommt.<\/p>\n\n\n\n<figure class=\"wp-block-image is-resized\"><img decoding=\"async\" src=\"http:\/\/bramscher-katzenhilfe.de\/Kastrationsaktion3.jpg\" alt=\"\" style=\"width:550px\"\/><figcaption class=\"wp-element-caption\"> Kastrierte Katze zum Ausruhen in der gro\u00dfen Box <\/figcaption><\/figure>\n\n\n\n<p class=\"wp-block-paragraph\">Am n\u00e4chsten oder \u00fcbern\u00e4chsten Tag wird die  Katze wieder an ihre Futterstelle bzw. ihren Lebensort gefahren, freigelassen und dort weiterhin von uns versorgt.  <\/p>\n\n\n\n<p class=\"wp-block-paragraph\">Es gilt immer zu bedenken, dass es sich um wildlebende scheue Tiere handelt, die sich eingesperrt in Panik befinden. Man sollte ihnen zu jeder Zeit mit Vorsicht begegnen, damit Einfangaktionen f\u00fcr Mensch und Tier nicht zur Gefahr werden.<\/p>\n ","protected":false},"excerpt":{"rendered":"<p>Neben den verwaisten Katzenbabys, verletzten Katzen und Fundtieren, tragen die wahren Sorgenkinder der Katzenhilfe Bramsche e.V. einen ganz anderen Namen: Es sind unsere Streuner, die<a href=\"https:\/\/wp.bramscher-katzenhilfe.de\/?page_id=1121\" class=\"more-link\"><span class=\"screen-reader-text\"> &#8222;Unsere wahren Sorgenkinder hei\u00dfen Streuner&#8220;<\/span><\/a><\/p>\n","protected":false},"author":2,"featured_media":0,"parent":0,"menu_order":0,"comment_status":"closed","ping_status":"closed","template":"","meta":{"give_campaign_id":0,"_crdt_document":"","footnotes":""},"class_list":["post-1121","page","type-page","status-publish","hentry"],"campaignId":"","_links":{"self":[{"href":"https:\/\/wp.bramscher-katzenhilfe.de\/index.php?rest_route=\/wp\/v2\/pages\/1121","targetHints":{"allow":["GET"]}}],"collection":[{"href":"https:\/\/wp.bramscher-katzenhilfe.de\/index.php?rest_route=\/wp\/v2\/pages"}],"about":[{"href":"https:\/\/wp.bramscher-katzenhilfe.de\/index.php?rest_route=\/wp\/v2\/types\/page"}],"author":[{"embeddable":true,"href":"https:\/\/wp.bramscher-katzenhilfe.de\/index.php?rest_route=\/wp\/v2\/users\/2"}],"replies":[{"embeddable":true,"href":"https:\/\/wp.bramscher-katzenhilfe.de\/index.php?rest_route=%2Fwp%2Fv2%2Fcomments&post=1121"}],"version-history":[{"count":5,"href":"https:\/\/wp.bramscher-katzenhilfe.de\/index.php?rest_route=\/wp\/v2\/pages\/1121\/revisions"}],"predecessor-version":[{"id":2144,"href":"https:\/\/wp.bramscher-katzenhilfe.de\/index.php?rest_route=\/wp\/v2\/pages\/1121\/revisions\/2144"}],"wp:attachment":[{"href":"https:\/\/wp.bramscher-katzenhilfe.de\/index.php?rest_route=%2Fwp%2Fv2%2Fmedia&parent=1121"}],"curies":[{"name":"wp","href":"https:\/\/api.w.org\/{rel}","templated":true}]}}