{"id":1130,"date":"2019-07-22T16:34:15","date_gmt":"2019-07-22T16:34:15","guid":{"rendered":"http:\/\/bramscher-katzenhilfe.de\/WordPress\/?p=1130"},"modified":"2025-12-31T16:29:19","modified_gmt":"2025-12-31T16:29:19","slug":"abschied-an-der-regenbogenbruecke-2","status":"publish","type":"page","link":"https:\/\/wp.bramscher-katzenhilfe.de\/?page_id=1130","title":{"rendered":"Abschied an der Regenbogenbr\u00fccke"},"content":{"rendered":"\n<p class=\"wp-block-paragraph\"><\/p>\n\n\n<div class=\"wp-block-image is-resized\">\n<figure class=\"aligncenter\"><img decoding=\"async\" src=\"http:\/\/bramscher-katzenhilfe.de\/Regenbogenbr\u00fccke.jpg\" alt=\"\"\/><\/figure>\n<\/div>\n\n\n<p class=\"wp-block-paragraph\"><em>Sie gingen viel zu fr\u00fch und wir konnten sie nur bis zur Regenbogenbr\u00fccke begleiten. <\/em><br><br><\/p>\n\n\n\n<p class=\"has-medium-font-size wp-block-paragraph\"><strong><em>Wir nehmen Abschied<\/em><\/strong><br><br><\/p>\n\n\n\n<ul class=\"wp-block-list\">\n<li><strong>Kleines, grau getigertes K\u00e4tzchen,<\/strong> an einer Futterstelle 30.11.2025<br><\/li>\n<\/ul>\n\n\n\n<ul class=\"wp-block-list\">\n<li><strong>Unsere s\u00fc\u00dfe Flitzpiepe,<\/strong> Futterstelle Hesepe, Todesursache unbekannt 05.11.2025<br><\/li>\n<\/ul>\n\n\n\n<ul class=\"wp-block-list\">\n<li><strong>Toni <\/strong>aus Damme, nach kurzer Krankheit 04.11.2025<br><\/li>\n<\/ul>\n\n\n\n<ul class=\"wp-block-list\">\n<li><strong>Teddy <\/strong>aus Bramsche, nach kurzer, schwerer Krankheit 03.11.2025<br><\/li>\n<\/ul>\n\n\n\n<ul class=\"wp-block-list\">\n<li><strong>Eddie <\/strong>aus Bramsche, nach schwerer Krankheit 26.09.2025<br><\/li>\n<\/ul>\n\n\n\n<ul class=\"wp-block-list\">\n<li><strong>Getigertes Katerchen, <\/strong>zugelaufen in Kalkriese, an Altersschw\u00e4che 24.09.2025<br><\/li>\n<\/ul>\n\n\n\n<ul class=\"wp-block-list\">\n<li><strong>Keks <\/strong>aus Bramsche-Engter, nach kurzer schwerer Krankheit 18.09.202<strong>5<\/strong><br><\/li>\n<\/ul>\n\n\n\n<ul class=\"wp-block-list\">\n<li><strong>Lieschen <\/strong>aus Osnabr\u00fcck, nach kurzer schwerer Krankheit 12.08.2025<br><\/li>\n<\/ul>\n\n\n\n<ul class=\"wp-block-list\">\n<li><strong>Micki <\/strong>aus Bramsche, Altersschw\u00e4che 18.07.2025<br><\/li>\n<\/ul>\n\n\n\n<ul class=\"wp-block-list\">\n<li><strong>Bruno <\/strong>in Niedereschach, nach schwerer Herzerkrankung 06.05.2025<br><\/li>\n<\/ul>\n\n\n\n<ul class=\"wp-block-list\">\n<li><strong>Schmusi <\/strong>in Damme, nach kurzer schwerer Krankheit 26.03.2025<br><\/li>\n<\/ul>\n\n\n\n<ul class=\"wp-block-list\">\n<li><strong>Unser &#8222;schwarzer R\u00fccken&#8220; <\/strong>von der gro\u00dfen Futterstelle 01.03.2025<br><\/li>\n<\/ul>\n\n\n\n<ul class=\"wp-block-list\">\n<li><strong>Mausichen <\/strong>von der Futterstelle Alfsee, Altersschw\u00e4che 27.12.2024<br><\/li>\n<\/ul>\n\n\n\n<ul class=\"wp-block-list\">\n<li><strong>Alter kranker Streunerkater,<\/strong> aufgenommen von der Stra\u00dfe, in Neuenkirchen-V\u00f6rden, erl\u00f6st 23.12.2024<br><\/li>\n<\/ul>\n\n\n\n<ul class=\"wp-block-list\">\n<li><strong>Mietzi Peter<\/strong> in Epe, auf dem Weg zu seinem geliebten Frauchen 09.12.2024<br><\/li>\n<\/ul>\n\n\n\n<ul class=\"wp-block-list\">\n<li><strong>Missi <\/strong>in Pente, an Altersschw\u00e4che 19.11.2024<br><\/li>\n<\/ul>\n\n\n\n<ul class=\"wp-block-list\">\n<li><strong>Luna <\/strong>in Bramsche, schwerer Unfall 18.11.2024<br><\/li>\n<\/ul>\n\n\n\n<ul class=\"wp-block-list\">\n<li><strong>Mischa <\/strong>in Warendorf, nach kurzer Erkrankung 29.10.2024<br><\/li>\n<\/ul>\n\n\n\n<ul class=\"wp-block-list\">\n<li><strong>Unsere kleine Beate <\/strong>von der Futterstelle, an Altersschw\u00e4che 26.09.2024<br><\/li>\n<\/ul>\n\n\n\n<ul class=\"wp-block-list\">\n<li><strong>Benny <\/strong>in Rieste, nach kurzer schwerer Krankheit 13.08.2024<br><\/li>\n<\/ul>\n\n\n\n<ul class=\"wp-block-list\">\n<li><strong>Nemo <\/strong>in Hamburg, nach kurzer schwerer Krankheit 02.08.2024<br><\/li>\n<\/ul>\n\n\n\n<ul class=\"wp-block-list\">\n<li><strong>Frecher<\/strong> in S\u00f6geln, Vergiftung oder Unfall 21.06.2024<br><\/li>\n<\/ul>\n\n\n\n<ul class=\"wp-block-list\">\n<li><strong>Karl <\/strong>in Bad Essen, Altersschw\u00e4che 19.06.2024<br><\/li>\n<\/ul>\n\n\n\n<ul class=\"wp-block-list\">\n<li><strong>Eddie <\/strong>in Kalkriese, Autounfall 29.05.2024<br><\/li>\n<\/ul>\n\n\n\n<ul class=\"wp-block-list\">\n<li><strong>Kleines Grautigerbaby <\/strong>in Bissendorf, zum Leben zu schwach 11.05.2024<br><\/li>\n<\/ul>\n\n\n\n<ul class=\"wp-block-list\">\n<li><strong>Tina <\/strong>in Osnabr\u00fcck Autounfall in der Sackgasse 10.05.2024<br><\/li>\n<\/ul>\n\n\n\n<ul class=\"wp-block-list\">\n<li><strong>Oma <\/strong>in S\u00f6geln, nach kurzer Erkrankung 09.05.2024<br><\/li>\n<\/ul>\n\n\n\n<ul class=\"wp-block-list\">\n<li><strong>Carlo <\/strong>in Bramsche, nach schwerer Krankheit 06.05.2024<br><\/li>\n<\/ul>\n\n\n\n<ul class=\"wp-block-list\">\n<li><strong>Hihi <\/strong>in Achmer, Autounfall 30.04.2024<br><\/li>\n<\/ul>\n\n\n\n<ul class=\"wp-block-list\">\n<li><strong>Kleiner Hofkater <\/strong>in Kalkriese, nach schwerer Krankheit 05.04.2024<br><\/li>\n<\/ul>\n\n\n\n<ul class=\"wp-block-list\">\n<li><strong>Sansa <\/strong>in Hunteburg, Unfall 02.03.2024<br><\/li>\n<\/ul>\n\n\n\n<ul class=\"wp-block-list\">\n<li><strong>Lotti <\/strong>aus Bramsche, nach schwerer Krankheit 29.01.2024<br><\/li>\n<\/ul>\n\n\n\n<ul class=\"wp-block-list\">\n<li><strong>Kleiner schwarzer Kater, <\/strong>Hesepe Autounfall 20.12.2023<br><\/li>\n<\/ul>\n\n\n\n<ul class=\"wp-block-list\">\n<li><strong>Zugelaufener Tiger <\/strong>in Schleptrup, nach schwerer Krankheit 03.11.2023<br><\/li>\n<\/ul>\n\n\n\n<ul class=\"wp-block-list\">\n<li><strong>Karlsson <\/strong>aus Osnabr\u00fcck, Altersschw\u00e4che 01.10.2023<br><\/li>\n<\/ul>\n\n\n\n<ul class=\"wp-block-list\">\n<li><strong>Jenny <\/strong>aus Bramsche, Autounfall 17.09.2023<br><\/li>\n<\/ul>\n\n\n\n<ul class=\"wp-block-list\">\n<li><strong>Butterkeks und zwei Geschwister<\/strong>, f\u00fcrs Leben zu schwach 08.09.2023<br><\/li>\n<\/ul>\n\n\n\n<ul class=\"wp-block-list\">\n<li><strong>Kleine Schildpatt <\/strong>aus Hesepe, vermutlich Verkehrsunfall 05.08.2023<br><\/li>\n<\/ul>\n\n\n\n<ul class=\"wp-block-list\">\n<li><strong>Kleiner Brauntiger <\/strong>aus Kalkriese, vermutlich Autounfall 17.07.2023<br><\/li>\n<\/ul>\n\n\n\n<ul class=\"wp-block-list\">\n<li><strong>Oskar <\/strong>aus Bramsche, vermutlich Autounfall 05.07.2023<br><\/li>\n<\/ul>\n\n\n\n<ul class=\"wp-block-list\">\n<li><strong>Hermy <\/strong>aus Rieste, Autounfall 02.07.2023<br><\/li>\n<\/ul>\n\n\n\n<ul class=\"wp-block-list\">\n<li><strong>Kleiner Lilienthaler <\/strong>aus Damme, Autounfall Juni 2023<br><\/li>\n<\/ul>\n\n\n\n<ul class=\"wp-block-list\">\n<li><strong>Jerry <\/strong>aus Achmer, nach schwerer Krankheit 21.06.2023<br><\/li>\n<\/ul>\n\n\n\n<ul class=\"wp-block-list\">\n<li><strong>Odin <\/strong>aus Mettingen, nach schwerem Unfall\u00a010.06.2023<br><\/li>\n<\/ul>\n\n\n\n<ul class=\"wp-block-list\">\n<li><strong>Kleine Schildpatt <\/strong>aus Kalkriese, nach schwerer Krankheit 11.05.2023<br><\/li>\n<\/ul>\n\n\n\n<ul class=\"wp-block-list\">\n<li><strong>Bella <\/strong>aus der Karlstra\u00dfe in Bramsche, hat nach schwerer Erkrankung in unserer Pflegestelle gelebt 06.04.2023<br><\/li>\n<\/ul>\n\n\n\n<ul class=\"wp-block-list\">\n<li><strong>Der alte Schwarze<\/strong> von der Futtersstelle Hesepe, Busunfall 07.03.2023<br><\/li>\n<\/ul>\n\n\n\n<ul class=\"wp-block-list\">\n<li><strong>L\u00f6we <\/strong>aus Achmer, Altersschw\u00e4che 06.03.2023<br><\/li>\n<\/ul>\n\n\n\n<ul class=\"wp-block-list\">\n<li><strong>Bennie <\/strong>aus der Dodesheide, auf dem Weg zu Rosalie 10.02.2023<br><\/li>\n<\/ul>\n\n\n\n<ul class=\"wp-block-list\">\n<li><strong>Rosalie<\/strong> aus der Dodesheide, nach schwerer Krankheit 07.02.2023<br><\/li>\n<\/ul>\n\n\n\n<ul class=\"wp-block-list\">\n<li><strong>Unsere Gr\u00fcnauge<\/strong>, an der Futterstelle, Altersschw\u00e4che 02.02.2023<br><\/li>\n<\/ul>\n\n\n\n<ul class=\"wp-block-list\">\n<li><strong>Kleiner P\u00fcschi<\/strong>, zum Leben zu schwach 31.01.2023<br><\/li>\n<\/ul>\n\n\n\n<ul class=\"wp-block-list\">\n<li><strong>Unser Schr\u00e4gk\u00f6pfchen<\/strong>, eingeschlafen an der Futterstelle in Hesepe 21.12.2022<br><\/li>\n<\/ul>\n\n\n\n<ul class=\"wp-block-list\">\n<li><strong>Mausi<\/strong> aus Warendorf, Magentumor 27.11.2022<br><\/li>\n<\/ul>\n\n\n\n<ul class=\"wp-block-list\">\n<li><strong>Flecki 2<\/strong> aus Damme, Autounfall 16.11.2022<br><\/li>\n<\/ul>\n\n\n\n<ul class=\"wp-block-list\">\n<li><strong>Lilli<\/strong> aus Varel, Autounfall 08.11.2022<br><\/li>\n<\/ul>\n\n\n\n<ul class=\"wp-block-list\">\n<li><strong>Paula <\/strong>aus Osterholz-Scharmbeck, Autounfall Oktober 2022<br><\/li>\n<\/ul>\n\n\n\n<ul class=\"wp-block-list\">\n<li><strong>Freddy<\/strong> aus Rieste, vermutl. Altersschw\u00e4che 09.09.2022<br><\/li>\n<\/ul>\n\n\n\n<ul class=\"wp-block-list\">\n<li><strong>Altes hellgraues K\u00e4tzchen<\/strong>, Theodor-Heuss-Platz, Bramsche Altersschw\u00e4che 05.08.2022<br><\/li>\n<\/ul>\n\n\n\n<ul class=\"wp-block-list\">\n<li><strong>Schwarzer kranker Kater<\/strong> in einem Garten in Bramsche\u00a015.08.2022<br><\/li>\n<\/ul>\n\n\n\n<ul class=\"wp-block-list\">\n<li><strong>Schwarze Katze<\/strong>, <strong>wei\u00dfe Pf\u00f6tchen<\/strong>, Kreisel in Achmer, Autounfall 04.06.2022<br><br><\/li>\n\n\n\n<li><strong>GutChi<\/strong> aus Oldenburg, nach schwerer Krankheit Mai 2022<br><\/li>\n<\/ul>\n\n\n\n<ul class=\"wp-block-list\">\n<li><strong>Trulla<\/strong> von der Futterstelle aus Bramsche, nach schwerer Erkrankung 23.05.2022<br><\/li>\n<\/ul>\n\n\n\n<ul class=\"wp-block-list\">\n<li><strong>Sternchen<\/strong> aus Alfhausen 12.05.2022<br><br><\/li>\n\n\n\n<li><strong>Goldi<\/strong> aus Kalkriese, nach schwerer Erkrankung 14.04.2022<br><\/li>\n<\/ul>\n\n\n\n<ul class=\"wp-block-list\">\n<li><strong>Der sch\u00f6ne Hellgraue<\/strong> vom Bramscher Berg, vermutlich Autounfall 11.04.2022<br><\/li>\n<\/ul>\n\n\n\n<ul class=\"wp-block-list\">\n<li><strong>Querstrich<\/strong> aus Bramsche, Altersschw\u00e4che 23.03.2022<br><br><\/li>\n\n\n\n<li><strong>Fritzi<\/strong> aus Bramsche, nach schwerer Krankheit 07.11.2021<br><\/li>\n<\/ul>\n\n\n\n<ul class=\"wp-block-list\">\n<li><strong>Schrebergartenk\u00e4tzchen<\/strong> aus Bramsche, Autounfall 27.10.2021<br><\/li>\n<\/ul>\n\n\n\n<ul class=\"wp-block-list\">\n<li><strong>Bobby <\/strong>aus Lotte\/Halen 10.09.2021<br><\/li>\n<\/ul>\n\n\n\n<ul class=\"wp-block-list\">\n<li><strong>Svenja<\/strong> aus Bramsche, schwere Erkrankung 03.08.2021<br><\/li>\n<\/ul>\n\n\n\n<ul class=\"wp-block-list\">\n<li><strong>K\u00e4tzchen<\/strong> aus dem Martinusviertel, Bramsche Schwere Krankheit 06.04.2021<br><\/li>\n<\/ul>\n\n\n\n<ul class=\"wp-block-list\">\n<li><strong>Katze<\/strong> an der B 218 in Hesepe Autounfall 27.03.2021<br><\/li>\n<\/ul>\n\n\n\n<ul class=\"wp-block-list\">\n<li><strong>Schwarzer Kater Graubein<\/strong>, Herkunft unbekannt, tot an der Futterstelle 20.03.2021<br><br><\/li>\n\n\n\n<li><strong>Loki<\/strong> aus Bad Zwischenahn nach schwerer Krankheit 12.03.2021<\/li>\n<\/ul>\n\n\n\n<ul class=\"wp-block-list\">\n<li><strong>Anton<\/strong> aus Achmer Autounfall Ende 2020<\/li>\n<\/ul>\n\n\n\n<ul class=\"wp-block-list\">\n<li><strong>Holli <\/strong>in Kalkriese nach schwerer Erkrankung 21.12.2020<\/li>\n<\/ul>\n\n\n\n<ul class=\"wp-block-list\"><\/ul>\n\n\n\n<ul class=\"wp-block-list\">\n<li><strong>Luna (Rosa)<\/strong> in Osnabr\u00fcck Verkehrsunfall 10.08.2020<br><br><\/li>\n\n\n\n<li><strong>M\u00e4uschen Som<\/strong> in Bramsche, Altersschw\u00e4che im Dezember 2019<\/li>\n<\/ul>\n\n\n\n<ul class=\"wp-block-list\">\n<li><strong>Mincka<\/strong> in Wunstorf nach schwerer Krankheit im Juni 2020<\/li>\n<\/ul>\n\n\n\n<ul class=\"wp-block-list\">\n<li><strong>Rudi <\/strong>in Engter, nach schwerer Krankheit 07.07.2020<\/li>\n<\/ul>\n\n\n\n<ul class=\"wp-block-list\">\n<li><strong>Klara <\/strong>aus Damme Schw\u00e4che 28.05.2020<br><\/li>\n<\/ul>\n\n\n\n<ul class=\"wp-block-list\">\n<li><strong>K\u00e4tzchen<\/strong> aus Engter,\u00a0 Unfall 22.05.2020<br><br><\/li>\n\n\n\n<li><strong>Mietze<\/strong> aus Thiene schwere Krankheit 15.05.2020<\/li>\n<\/ul>\n\n\n\n<ul class=\"wp-block-list\">\n<li><strong>Mausi<\/strong>, Fundort Breslauer Stra\u00dfe in Bramsche vermutlich Verkehrsunfall 20.04.2020<\/li>\n<\/ul>\n\n\n\n<ul class=\"wp-block-list\">\n<li><strong>Mietzi<\/strong>, Futterstelle in Pente Verkehrsunfall 03. 04.2020<\/li>\n<\/ul>\n\n\n\n<ul class=\"wp-block-list\">\n<li><strong>Cheser<\/strong> in Bramsche, schwere Erkrankung 20.03.2020<\/li>\n<\/ul>\n\n\n\n<ul class=\"wp-block-list\">\n<li><strong>Tiger<\/strong>, Karlstra\u00dfe in Bramsche im Januar 2020<\/li>\n<\/ul>\n\n\n\n<ul class=\"wp-block-list\">\n<li><strong>Joschi<\/strong> Futterstelle in Hesepe Altersschw\u00e4che 02.03.2020<\/li>\n<\/ul>\n\n\n\n<ul class=\"wp-block-list\">\n<li><strong>Struppi<\/strong> in der Pflegestelle schwere Krankeit 11.02.2020<\/li>\n<\/ul>\n\n\n\n<ul class=\"wp-block-list\">\n<li><strong>Grauchen<\/strong> Futterstelle in Achmer (vermutl. Altersschw\u00e4che) im Dezember 2019<\/li>\n<\/ul>\n\n\n\n<ul class=\"wp-block-list\">\n<li><strong>Der gr\u00fcne Laden<\/strong>, Futterstelle in Hesepe\u00a0(Nierenversagen) im November 2019\u00a0<\/li>\n<\/ul>\n\n\n\n<ul class=\"wp-block-list\">\n<li><strong>Brummer <\/strong>in Bramsche (Altersschw\u00e4che) im Oktober 2019<\/li>\n<\/ul>\n\n\n\n<ul class=\"wp-block-list\">\n<li><strong>Dario<\/strong> in Bramsche (schwere Krankheit) 30.09.2019<br><br><\/li>\n\n\n\n<li><strong>Geb\u00e4hrende Katzenmutter<\/strong> und ihre Welpen in Bramsche (vermutlich Verkehrsunfall) 10.05.2019<\/li>\n<\/ul>\n\n\n\n<ul class=\"wp-block-list\">\n<li><strong>Mietzi-9<\/strong>, in Hesepe (Autounfall) 02.04.2019<\/li>\n<\/ul>\n\n\n\n<ul class=\"wp-block-list\">\n<li><strong>Hanna<\/strong> in Hesepe (schwere Krankheit) 20.03.2019<\/li>\n<\/ul>\n\n\n\n<ul class=\"wp-block-list\">\n<li><strong>Spatz<\/strong> in Wittenfelde (vermutlich Unfall) 13.03.2019<\/li>\n<\/ul>\n\n\n\n<ul class=\"wp-block-list\">\n<li><strong>Einohrk\u00e4tzchen<\/strong> in Kalkriese (schwere Erkrankung) 20.02.2019<\/li>\n<\/ul>\n\n\n\n<ul class=\"wp-block-list\">\n<li><strong>Mama<\/strong> in Bramsche (Nierenversagen) 24.01.2019<\/li>\n<\/ul>\n\n\n\n<ul class=\"wp-block-list\">\n<li><strong>Tiger<\/strong>, Futterstelle Hesepe (Nierenversagen) 21.12.2018<\/li>\n<\/ul>\n\n\n\n<ul class=\"wp-block-list\">\n<li><strong>Pucki<\/strong>, Futterstelle in Bramsche (Altersschw\u00e4che) 02.12.2018<\/li>\n<\/ul>\n\n\n\n<ul class=\"wp-block-list\">\n<li><strong>Kleines Grauchen<\/strong>, Hesepe (Autounfall)\u00a0 06.10.2018 <\/li>\n<\/ul>\n\n\n\n<ul class=\"wp-block-list\">\n<li><strong>Stummel<\/strong> in S\u00f6geln (Nierenversagen) 10.03.2018<\/li>\n<\/ul>\n\n\n\n<ul class=\"wp-block-list\">\n<li><strong>Paule<\/strong> am Bramscher Berg (Altersschw\u00e4che) 04.01.2018<\/li>\n<\/ul>\n\n\n\n<ul class=\"wp-block-list\">\n<li><strong>Frau Jockel<\/strong> in Bramsche (Altersschw\u00e4che) 09.10.2017 <\/li>\n<\/ul>\n\n\n\n<ul class=\"wp-block-list\">\n<li><strong>Mische<\/strong> in Engter (Altersschw\u00e4che) 06.10.2017<\/li>\n<\/ul>\n\n\n\n<ul class=\"wp-block-list\">\n<li><strong>Katzenbaby Tony<\/strong> aus Bissendorf 19.09.2017 <\/li>\n<\/ul>\n\n\n\n<ul class=\"wp-block-list\">\n<li><strong>B\u00e4rchen<\/strong> in Hesepe (Krankheit) 25.07.2017<\/li>\n<\/ul>\n\n\n\n<ul class=\"wp-block-list\">\n<li><strong>Paul<\/strong> in Vechta (Krankheit) 21.07.2017<\/li>\n<\/ul>\n\n\n\n<ul class=\"wp-block-list\">\n<li><strong>Frido<\/strong> in Badbergen (Krankheit) 01.07.2017<\/li>\n<\/ul>\n\n\n\n<ul class=\"wp-block-list\">\n<li><strong>Liesel <\/strong>in Hesepe (Herzversagen) 30.06.2017<\/li>\n<\/ul>\n\n\n\n<ul class=\"wp-block-list\">\n<li><strong>Lorie<\/strong> in Wallenhorst (Krankheit) 30.05.2017 <\/li>\n<\/ul>\n\n\n\n<ul class=\"wp-block-list\">\n<li><strong>Schwarze Katze<\/strong> bei Alfhausen (Autounfall) 31.05.2017<\/li>\n<\/ul>\n\n\n\n<ul class=\"wp-block-list\">\n<li><strong>Roter Kater<\/strong>, S\u00f6gelner Stra\u00dfe in Hesepe (vermutlich Unfall) 29.04.2017<\/li>\n<\/ul>\n\n\n\n<ul class=\"wp-block-list\">\n<li><strong>Dickie<\/strong> in Bramsche (Krankheit) 27.04.2017<\/li>\n<\/ul>\n\n\n\n<ul class=\"wp-block-list\">\n<li><strong>F\u00fcchschen<\/strong> in S\u00f6geln (Krankheit) 19.04.2017<\/li>\n<\/ul>\n\n\n\n<ul class=\"wp-block-list\">\n<li><strong>Rudi<\/strong> in Pente (Herzversagen) 06.04.2017<\/li>\n<\/ul>\n\n\n\n<ul class=\"wp-block-list\">\n<li><strong>Siggi<\/strong> in Hesepe (Autounfall) im April 2017<\/li>\n<\/ul>\n\n\n\n<ul class=\"wp-block-list\">\n<li><strong>Mama Mietzi<\/strong> aus Epe (Autounfall) Dezember 2016<\/li>\n<\/ul>\n\n\n\n<ul class=\"wp-block-list\">\n<li><strong>Clyde<\/strong> in Belm-Vehrte (Autounfall) Oktober 2016<\/li>\n<\/ul>\n\n\n\n<ul class=\"wp-block-list\">\n<li><strong>Sweety<\/strong> in Schleptrup 31.08.2016<\/li>\n<\/ul>\n\n\n\n<ul class=\"wp-block-list\">\n<li><strong>Mimmi<\/strong> in Bramsche, R\u00f6merwall (Autounfall) 19.07.2016<\/li>\n<\/ul>\n\n\n\n<ul class=\"wp-block-list\">\n<li><strong>Findus<\/strong> in Osnabr\u00fcck (Krankheit) 27.06.2016<\/li>\n<\/ul>\n\n\n\n<ul class=\"wp-block-list\">\n<li><strong>Michel<\/strong> in der Gartenstadt (Unfall) Mai 2016<\/li>\n<\/ul>\n\n\n\n<ul class=\"wp-block-list\">\n<li><strong>Tammy<\/strong> in Hesepe (Krankheit) 09.10.2015<\/li>\n<\/ul>\n\n\n\n<ul class=\"wp-block-list\">\n<li><strong>Sternchen<\/strong> in Epe (Krankheit) Juli 2015<\/li>\n<\/ul>\n\n\n\n<ul class=\"wp-block-list\">\n<li><strong>Opi<\/strong> an der Futterstelle (Altersschw\u00e4che) Juni 2015<\/li>\n<\/ul>\n\n\n\n<ul class=\"wp-block-list\">\n<li><strong>Hazy<\/strong> in Wallenhorst (Unfall) 27.05.2015<\/li>\n<\/ul>\n\n\n\n<ul class=\"wp-block-list\">\n<li><strong>Kalli<\/strong> in Delmenhorst (Autounfall) 21.05.2015<\/li>\n<\/ul>\n\n\n\n<ul class=\"wp-block-list\">\n<li><strong>Unser Sch\u00f6ner<\/strong> an der Futterstelle (Autounfall) 14.04.2015<\/li>\n<\/ul>\n\n\n\n<ul class=\"wp-block-list\">\n<li><strong>Floh<\/strong> vom Alfsee 20.03.2015<\/li>\n<\/ul>\n\n\n\n<ul class=\"wp-block-list\">\n<li><strong>Mona<\/strong> in Bissendorf 24.09.2014<\/li>\n<\/ul>\n\n\n\n<ul class=\"wp-block-list\">\n<li><strong>Moppel<\/strong> in Pente (Autounfall) 12.09.2014<\/li>\n<\/ul>\n\n\n\n<p class=\"wp-block-paragraph\"><\/p>\n\n\n\n<p class=\"wp-block-paragraph\"><strong>Stellvertretend f\u00fcr alle Tiere, die diesen Weg  vorher gehen  mussten, erinnern wir an<\/strong><\/p>\n\n\n\n<ul class=\"wp-block-list\">\n<li><strong>Struppi<\/strong><\/li>\n<\/ul>\n\n\n\n<ul class=\"wp-block-list\">\n<li><strong>Astrid<\/strong><\/li>\n<\/ul>\n\n\n\n<ul class=\"wp-block-list\">\n<li><strong>Toto<\/strong><\/li>\n<\/ul>\n\n\n\n<ul class=\"wp-block-list\">\n<li><strong>Der kleine Herr A.<\/strong><\/li>\n<\/ul>\n\n\n\n<ul class=\"wp-block-list\">\n<li><strong>Shir Khan<\/strong><\/li>\n<\/ul>\n\n\n\n<ul class=\"wp-block-list\">\n<li><strong>Fritzchen<\/strong><\/li>\n<\/ul>\n\n\n\n<ul class=\"wp-block-list\">\n<li><strong>Rosa<\/strong><\/li>\n<\/ul>\n\n\n\n<ul class=\"wp-block-list\">\n<li><strong>Fiene<\/strong><\/li>\n<\/ul>\n\n\n\n<ul class=\"wp-block-list\">\n<li><strong>Caro<\/strong><\/li>\n<\/ul>\n\n\n\n<ul class=\"wp-block-list\">\n<li><strong>M\u00e4xchen<\/strong><\/li>\n<\/ul>\n\n\n\n<ul class=\"wp-block-list\">\n<li>und <strong>unsere beiden blinden Katzen<\/strong>. Sie hatten keinen Namen.<\/li>\n<\/ul>\n\n\n\n<p class=\"wp-block-paragraph\">Im Gegensatz zu den anderen, hatten die  beiden blinden Katzen ein langes Leben an einer unserer Futterstellen.  Nachdem sie im hohen Alter das Augenlicht verloren hatten, wurden sie von  ihrer Betreuerin (die sie das ganze Leben hindurch versorgt hatte) in die  Pflegestelle genommen. Dort sind sie viele Monate sp\u00e4ter, im Alter von 18  und 19 Jahren, an Altersschw\u00e4che gestorben.<\/p>\n\n\n\n<p class=\"wp-block-paragraph\"><\/p>\n\n\n<div class=\"wp-block-image\">\n<figure class=\"aligncenter size-large\"><img loading=\"lazy\" decoding=\"async\" width=\"30\" height=\"29\" src=\"http:\/\/bramscher-katzenhilfe.de\/WordPress\/wp-content\/uploads\/2019\/08\/Pfote-klein-35.jpg\" alt=\"\" class=\"wp-image-1471\"\/><\/figure>\n<\/div>\n\n\n<p class=\"wp-block-paragraph\"><\/p>\n\n\n\n<blockquote class=\"wp-block-quote is-layout-flow wp-block-quote-is-layout-flow\">\n<p class=\"wp-block-paragraph\"><strong> <em>Die Regenbogenbr\u00fccke<\/em>&nbsp;&nbsp; <\/strong><\/p>\n\n\n\n<p class=\"wp-block-paragraph\"><strong><em>Eine Br\u00fccke verbindet den Himmel und die Erde,<\/em><\/strong><\/p>\n\n\n\n<p class=\"wp-block-paragraph\"><strong><em>wegen der vielen Farben nennt man sie die Br\u00fccke des Regenbogens.<\/em><br> <br><em>Auf dieser Seite der Br\u00fccke liegt ein Land mit Wiesen, H\u00fcgeln und <br>saftigem, gr\u00fcnen Gras.<\/em><br> <br><em>Wenn ein geliebtes Tier auf der Erde f\u00fcr immer eingeschlafen ist, <br>geht es zu diesem wundersch\u00f6nen Ort. <br><br> Dort gibt es immer zu fressen und zu trinken, und es ist warmes, <br> sch\u00f6nes Fr\u00fchlingswetter.<\/em><br> <br><em>Die alten und kranken Tiere sind wieder jung und gesund!<br> <br>Sie spielen den ganzen Tag zusammen, es gibt nur eine Sache, <br>die sie vermissen.<br> <br>Sie sind nicht mit ihren Menschen zusammen, die sie auf der Erde <br>so geliebt haben.<br> <br>So rennen und spielen sie jeden Tag zusammen, bis eines Tages pl\u00f6tzlich<br>eines von ihnen inne h\u00e4lt und aufsieht.<\/em><br> <br><em>Die Nase bebt, die Ohren stellen sich auf und die Augen werden ganz gro\u00df!<br> <br>Pl\u00f6tzlich rennt es aus der Gruppe heraus und fliegt \u00fcber das <br>gr\u00fcne Gras.<br> <br>Die F\u00fc\u00dfe tragen es schneller und schneller;<br> <br>Es hat Dich gesehen!<br> <br>Und wenn Du und Dein spezieller Freund sich treffen, nimmst Du ihn in<br>Deine Arme und h\u00e4ltst ihn fest.<\/em><br> <br><em>Dein Gesicht wird gek\u00fcsst, wieder und wieder.<br> <br>Und Du schaust endlich wieder in die Augen Deines geliebten Tieres, das so<br> lange aus Deinem Leben verschwunden war,<br> aber nie aus Deinem Herzen.<br> <br>Dann \u00fcberschreitet ihr gemeinsam die Br\u00fccke des Regenbogens,<\/em><\/strong> <strong>und <em>ihr werdet nie wieder getrennt sein.<\/em><\/strong> <\/p>\n<\/blockquote>\n\n\n\n<p class=\"wp-block-paragraph\" style=\"font-size:12px\"> (aus dem Englischen \u00fcbersetzt)<\/p>\n ","protected":false},"excerpt":{"rendered":"<p>Sie gingen viel zu fr\u00fch und wir konnten sie nur bis zur Regenbogenbr\u00fccke begleiten. Wir nehmen Abschied Stellvertretend f\u00fcr alle Tiere, die diesen Weg vorher<a href=\"https:\/\/wp.bramscher-katzenhilfe.de\/?page_id=1130\" class=\"more-link\"><span class=\"screen-reader-text\"> &#8222;Abschied an der Regenbogenbr\u00fccke&#8220;<\/span><\/a><\/p>\n","protected":false},"author":2,"featured_media":0,"parent":0,"menu_order":0,"comment_status":"closed","ping_status":"closed","template":"","meta":{"give_campaign_id":0,"_crdt_document":"","footnotes":""},"class_list":["post-1130","page","type-page","status-publish","hentry"],"campaignId":"","_links":{"self":[{"href":"https:\/\/wp.bramscher-katzenhilfe.de\/index.php?rest_route=\/wp\/v2\/pages\/1130","targetHints":{"allow":["GET"]}}],"collection":[{"href":"https:\/\/wp.bramscher-katzenhilfe.de\/index.php?rest_route=\/wp\/v2\/pages"}],"about":[{"href":"https:\/\/wp.bramscher-katzenhilfe.de\/index.php?rest_route=\/wp\/v2\/types\/page"}],"author":[{"embeddable":true,"href":"https:\/\/wp.bramscher-katzenhilfe.de\/index.php?rest_route=\/wp\/v2\/users\/2"}],"replies":[{"embeddable":true,"href":"https:\/\/wp.bramscher-katzenhilfe.de\/index.php?rest_route=%2Fwp%2Fv2%2Fcomments&post=1130"}],"version-history":[{"count":48,"href":"https:\/\/wp.bramscher-katzenhilfe.de\/index.php?rest_route=\/wp\/v2\/pages\/1130\/revisions"}],"predecessor-version":[{"id":2143,"href":"https:\/\/wp.bramscher-katzenhilfe.de\/index.php?rest_route=\/wp\/v2\/pages\/1130\/revisions\/2143"}],"wp:attachment":[{"href":"https:\/\/wp.bramscher-katzenhilfe.de\/index.php?rest_route=%2Fwp%2Fv2%2Fmedia&parent=1130"}],"curies":[{"name":"wp","href":"https:\/\/api.w.org\/{rel}","templated":true}]}}