{"id":1146,"date":"2019-07-24T13:47:43","date_gmt":"2019-07-24T13:47:43","guid":{"rendered":"http:\/\/bramscher-katzenhilfe.de\/WordPress\/?p=1146"},"modified":"2019-11-15T12:51:41","modified_gmt":"2019-11-15T12:51:41","slug":"todesfalle-kippfenster","status":"publish","type":"page","link":"https:\/\/wp.bramscher-katzenhilfe.de\/?page_id=1146","title":{"rendered":"Todesfalle Kippfenster"},"content":{"rendered":"\n<p class=\"has-text-align-left has-medium-font-size wp-block-paragraph\"><strong>&#8211; gekippte Fenster k\u00f6nnen zur Todesfalle f\u00fcr Katzen werden &#8211;<\/strong><\/p>\n\n\n\n<p class=\"has-text-align-left wp-block-paragraph\">Auch in der Wohnung sind unsere geliebten Katzen zahlreichen Gefahren ausgesetzt. Eine besonders heikle Situation stellen gekippte Fenster dar. <\/p>\n\n\n\n<p class=\"has-text-align-left wp-block-paragraph\">Im diesem Fr\u00fchjahr k\u00e4mpften wir um das Leben von Kitti, die durch ein  Kippfenster von drau\u00dfen in die Wohnung gelangen wollte. Bei dem Versuch, durch den V-f\u00f6rmigen Spalt des Fensters zu springen, klemmte sie sich ein, und konnte sich aus eigener Kraft nicht wieder befreien. Ihre Besitzer waren  zu diesem Zeitpunkt nicht zu Hause, und deshalb wei\u00df keiner genau, wie lange Kitti sich in dieser lebensbedrohlichen Lage befand. Als ihr Frauchen sie fand, musste sie das Fenster herausbrechen, um die schreiende Katze befreien zu k\u00f6nnen.&nbsp;&nbsp;&nbsp;  &nbsp;&nbsp;&nbsp;&nbsp;&nbsp;&nbsp;&nbsp;&nbsp;&nbsp;&nbsp;&nbsp;&nbsp;&nbsp;&nbsp;&nbsp;&nbsp;&nbsp;&nbsp;&nbsp;&nbsp;&nbsp;&nbsp;&nbsp;&nbsp;&nbsp;&nbsp;&nbsp;&nbsp;&nbsp;&nbsp;&nbsp;&nbsp;&nbsp;&nbsp;&nbsp;&nbsp;&nbsp;&nbsp;&nbsp;&nbsp;&nbsp;&nbsp;&nbsp;&nbsp;&nbsp;&nbsp;&nbsp;&nbsp;&nbsp;&nbsp;&nbsp;&nbsp;&nbsp;&nbsp;<\/p>\n\n\n\n<p class=\"has-text-align-left wp-block-paragraph\">Kitti war sehr schwer verletzt und wurde sofort zum  Tierarzt gebracht. <\/p>\n\n\n\n<figure class=\"wp-block-image is-resized\"><img decoding=\"async\" src=\"http:\/\/bramscher-katzenhilfe.de\/Kippfenster.jpg\" alt=\"\" width=\"550\"\/><\/figure>\n\n\n\n<p class=\"wp-block-paragraph\">Von dort aus wurde Kitti in die \u201eReha-Pflegestelle\u201c \n\tder Katzenhilfe gegeben. Wir haben sie 10 Tage liebevoll versorgt und \n\tst\u00e4ndig beobachtet. Es bestand Lebensgefahr. Kitti hatte schwerste \n\tQuetschungen, offene Wundstellen und gel\u00e4hmte Hinterbeine. Sie hatte gro\u00dfe \n\tSchmerzen. Da auch ihr Darm gequetscht war, hatte sie tagelang schlimmen \n\tDurchfall, musste sich dauernd \u00fcbergeben und hatte einen lebensbedrohlichen \n\tSchock. <\/p>\n\n\n\n<p class=\"wp-block-paragraph\">Dennoch hatte Kitti viel Gl\u00fcck. Sie hat \u00fcberlebt, \n\tund die schweren Verletzungen sind inzwischen verheilt.<\/p>\n\n\n\n<p class=\"wp-block-paragraph\">Im Juni verlief die gleiche Situation f\u00fcr eine \n\tandere, uns gut bekannte Katze, leider t\u00f6dlich. Sie ist noch beim Tierarzt \n\tgestorben.<\/p>\n\n\n\n<p class=\"wp-block-paragraph\">So ergeht es sehr vielen Katzen, und f\u00fcr die meisten \n\tendet diese Situation t\u00f6dlich. Aufgrund der H\u00e4ufigkeit von Unf\u00e4llen durch \n\tgekippte Fenster, hat sich ein eigener Name daf\u00fcr etabliert: das \n\t\u201cKippfenster-Syndrom\u201c. Tasso beschreibt diese Notsituation der Tiere \n\tfolgenderma\u00dfen:<\/p>\n\n\n\n<p class=\"has-text-align-left wp-block-paragraph\"> \u201eDie von ihren Instinkten gesteuerte Katze wird ein gekipptes Fenster  nicht als Hindernis sehen, wenn der Reiz, nach drau\u00dfen zu gelangen, nur gro\u00df  genug ist. Wenn sie dann h\u00e4ngen bleibt, bewirken die verzweifelten  Befreiungsversuche nur, dass die Situation f\u00fcr das arme Tier&nbsp; immer schlimmer wird. Zu der Panik, die die Katze erlebt, kommen Quetschungen der inneren Organe, im schlimmsten  Fall R\u00fcckenmarksverletzungen mit irreversiblen L\u00e4hmungen der Beine und ein  lebensbedrohlicher Schock. Sollte die Katze sogar mit dem Kopf h\u00e4ngen  bleiben, droht die Strangulation. Viele Katzen machen sich in einer  Notsituation auch nicht bemerkbar, so dass sie oft stundenlang nicht  entdeckt werden, w\u00e4hrend sie qualvolle Schmerzen erleiden oder mit dem Tod  ringen.\u201c (<a href=\"https:\/\/www.tasso.net\/Tierschutz\/News\/Archiv\/2011\/Todesfalle-Kippfenster\">www.tasso.net<\/a>)<\/p>\n\n\n\n<p class=\"has-text-align-left wp-block-paragraph\"><strong>Deshalb unsere dringende Bitte an alle Katzenhalter: <\/strong><br>Achten Sie bitte stets darauf, dass die Fenster geschlossen sind. W\u00e4hrend der t\u00e4glichen L\u00fcftungszeiten sollten Sie ihre Katzen gut im  Auge behalten. Wenn Sie dennoch auf gekippte Fenster nicht verzichten  wollen, gibt es im Tierfachmarkt  Kippfenstersicherungen, die leicht angebracht werden k\u00f6nnen.   <\/p>\n\n\n\n<p class=\"has-text-align-left wp-block-paragraph\">Fensterschutzgitter oder \u2013keile k\u00f6nnen dazu beitragen, ihr Katzenzuhause sicherer werden zu  lassen.<\/p>\n\n\n\n<p class=\"has-text-align-left has-medium-font-size wp-block-paragraph\"> <strong>Weitere Gefahren im Haushalt:<\/strong><\/p>\n\n\n\n<p class=\"has-text-align-left wp-block-paragraph\">Neben Kippfenstern gibt es im Haushalt noch viele  andere Gefahrensituationen f\u00fcr Katzen. Besonders Elektroger\u00e4te sind hier zu  erw\u00e4hnen. Unsere neugierigen Vierbeiner erkunden gern auch mal das Innere  einer Waschmaschine oder Mikrowelle und machen es sich unter Umst\u00e4nden dort  auch gem\u00fctlich. Dadurch sind schon zahlreiche t\u00f6dliche Unf\u00e4lle passiert. <br>Deshalb auch an dieser Stelle die eindringliche Bitte: <br>Achten Sie stets  darauf, dass Ihr Tier sich nicht in der Maschine, bzw. in dem Ger\u00e4t  befindet, wenn Sie es anschalten!<\/p>\n\n\n\n<figure class=\"wp-block-image is-resized\"><img decoding=\"async\" src=\"http:\/\/bramscher-katzenhilfe.de\/M\u00e4xchen1.jpg\" alt=\"\" width=\"550\"\/><\/figure>\n\n\n\n<p class=\"has-text-align-left wp-block-paragraph\">Passen Sie bitte ferner gut darauf auf, dass Ihre Katze nicht in die N\u00e4he von hei\u00dfen Herdplatten und B\u00fcgeleisen kommt, um schlimme Verbrennungen zu vermeiden.<\/p>\n\n\n\n<p class=\"has-text-align-left wp-block-paragraph\">Lassen Sie keine Kunststofft\u00fcten liegen. Erkundet \n\tdie Katze das Innere der T\u00fcte und findet dann nicht mehr heraus, droht \n\tErstickungsgefahr. Auch die Tragehalter k\u00f6nnen gef\u00e4hrlich werden, wenn das \n\tTier mit dem Kopf darin h\u00e4ngen bleibt und sich nicht allein befreien kann.<\/p>\n\n\n\n<p class=\"has-text-align-left wp-block-paragraph\">Auch von etlichen Zimmerpflanzen geht eine Gefahr \n\tf\u00fcr das Tier aus. Unter anderen k\u00f6nnen folgende Pflanzen schwere \n\tVergiftungen hervorrufen: <\/p>\n\n\n\n<p class=\"wp-block-paragraph\">Eibe, Hyazinthen, Narzissen, Oleander, Primeln, Immergr\u00fcn, alle Nachtschattengew\u00e4chse, Porzellanblume, Brechnussbaum,  Weihnachtsstern und Dieffenbachia. <\/p>\n\n\n\n<p class=\"has-text-align-left wp-block-paragraph\">Eine ausf\u00fchrliche Suchliste finden Sie hier unter\n\t<a href=\"http:\/\/www.vetpharm.uzh.ch\/reloader.htm?perldocs\/toxsyqry.htm?inhalt_c.htm\">\n\twww.vetpharm.uzh.ch<\/a>.<\/p>\n\n\n\n<p class=\"has-text-align-left wp-block-paragraph\">Kakteen k\u00f6nnen durch ihre Stacheln Verletzungen beim \n\tTier verursachen.<\/p>\n\n\n\n<p class=\"has-text-align-left wp-block-paragraph\">Viele Hausmittel k\u00f6nnen ebenfalls zu Vergiftungen \n\tf\u00fchren. Auf scharfe Reinigungsmittel sollte somit unbedingt verzichtet \n\twerden. Auch \u00e4therische \u00d6le, wie zum Beispiel das Teebaum\u00f6l sind giftig f\u00fcr \n\tKatzen. Verschiedene Konservierungsstoffe, wie die Benzoes\u00e4ure, sind \n\ttoxisch.<\/p>\n\n\n\n<p class=\"has-text-align-left wp-block-paragraph\">Bitte geben Sie Ihrem Tier niemals Medikamente, die \n\tf\u00fcr Menschen gedacht sind. Dies kann t\u00f6dliche Folge haben!<\/p>\n\n\n\n<p class=\"has-text-align-left wp-block-paragraph\">Katzen sollten niemals Schokolade oder Kakao zu sich  nehmen. Auch dies ist extrem gesundheitssch\u00e4digend und kann zum Tod f\u00fchren.<\/p>\n\n\n\n<p class=\"has-text-align-left wp-block-paragraph\">Neben den hier genannten Gefahren, gibt es \n\tsicherlich noch viele andere. <\/p>\n\n\n\n<p class=\"has-text-align-left wp-block-paragraph\">Ein bedachter Umgang im Haushalt kann gro\u00dfes Leid, f\u00fcr Ihr geliebtes Tier und  f\u00fcr Sie, verhindern. Behalten Sie Ihr Tier im Auge und denken Sie blo\u00df nicht:  <em><strong>Meine Katze macht das nicht!<\/strong><\/em><\/p>\n ","protected":false},"excerpt":{"rendered":"<p>&#8211; gekippte Fenster k\u00f6nnen zur Todesfalle f\u00fcr Katzen werden &#8211; Auch in der Wohnung sind unsere geliebten Katzen zahlreichen Gefahren ausgesetzt. Eine besonders heikle Situation<a href=\"https:\/\/wp.bramscher-katzenhilfe.de\/?page_id=1146\" class=\"more-link\"><span class=\"screen-reader-text\"> &#8222;Todesfalle Kippfenster&#8220;<\/span><\/a><\/p>\n","protected":false},"author":2,"featured_media":0,"parent":0,"menu_order":0,"comment_status":"closed","ping_status":"closed","template":"","meta":{"give_campaign_id":0,"_crdt_document":"","footnotes":""},"class_list":["post-1146","page","type-page","status-publish","hentry"],"campaignId":"","_links":{"self":[{"href":"https:\/\/wp.bramscher-katzenhilfe.de\/index.php?rest_route=\/wp\/v2\/pages\/1146","targetHints":{"allow":["GET"]}}],"collection":[{"href":"https:\/\/wp.bramscher-katzenhilfe.de\/index.php?rest_route=\/wp\/v2\/pages"}],"about":[{"href":"https:\/\/wp.bramscher-katzenhilfe.de\/index.php?rest_route=\/wp\/v2\/types\/page"}],"author":[{"embeddable":true,"href":"https:\/\/wp.bramscher-katzenhilfe.de\/index.php?rest_route=\/wp\/v2\/users\/2"}],"replies":[{"embeddable":true,"href":"https:\/\/wp.bramscher-katzenhilfe.de\/index.php?rest_route=%2Fwp%2Fv2%2Fcomments&post=1146"}],"version-history":[{"count":5,"href":"https:\/\/wp.bramscher-katzenhilfe.de\/index.php?rest_route=\/wp\/v2\/pages\/1146\/revisions"}],"predecessor-version":[{"id":1985,"href":"https:\/\/wp.bramscher-katzenhilfe.de\/index.php?rest_route=\/wp\/v2\/pages\/1146\/revisions\/1985"}],"wp:attachment":[{"href":"https:\/\/wp.bramscher-katzenhilfe.de\/index.php?rest_route=%2Fwp%2Fv2%2Fmedia&parent=1146"}],"curies":[{"name":"wp","href":"https:\/\/api.w.org\/{rel}","templated":true}]}}