{"id":1202,"date":"2019-07-30T14:30:49","date_gmt":"2019-07-30T14:30:49","guid":{"rendered":"http:\/\/bramscher-katzenhilfe.de\/WordPress\/?p=1202"},"modified":"2019-11-15T12:51:41","modified_gmt":"2019-11-15T12:51:41","slug":"osnabruecker-nachrichten-am-sonntag-vom-28-oktober-2018","status":"publish","type":"page","link":"https:\/\/wp.bramscher-katzenhilfe.de\/?page_id=1202","title":{"rendered":""},"content":{"rendered":"\n<p class=\"wp-block-paragraph\" style=\"font-size:26px\"><strong>Osnabr\u00fccker Nachrichten am Sonntag vom 28.10.2018<\/strong><\/p>\n\n\n\n<figure class=\"wp-block-image\"><img decoding=\"async\" src=\"http:\/\/bramscher-katzenhilfe.de\/Scan0006.jpg\" alt=\"\"\/><figcaption><br><\/figcaption><\/figure>\n\n\n\n<figure class=\"wp-block-image size-large\"><img loading=\"lazy\" decoding=\"async\" width=\"30\" height=\"29\" src=\"http:\/\/bramscher-katzenhilfe.de\/WordPress\/wp-content\/uploads\/2019\/07\/Pfote-klein-70.jpg\" alt=\"\" class=\"wp-image-1203\"\/><\/figure>\n\n\n\n<p class=\"wp-block-paragraph\" style=\"font-size:26px\"><strong>Bramscher Nachrichten vom 24.08.2018<\/strong><\/p>\n\n\n\n<figure class=\"wp-block-image\"><img decoding=\"async\" src=\"http:\/\/bramscher-katzenhilfe.de\/Ortsr\u00e4te%20BN%20vom%2024.08.2018.JPG\" alt=\"\"\/><figcaption>  <\/figcaption><\/figure>\n\n\n\n<figure class=\"wp-block-image\"><img decoding=\"async\" src=\"http:\/\/bramscher-katzenhilfe.de\/Ortsr\u00e4te%20BN%20vom%2024.08.2018%201.JPG\" alt=\"\"\/><figcaption><br><\/figcaption><\/figure>\n\n\n\n<figure class=\"wp-block-image size-large\"><img loading=\"lazy\" decoding=\"async\" width=\"30\" height=\"29\" src=\"http:\/\/bramscher-katzenhilfe.de\/WordPress\/wp-content\/uploads\/2019\/07\/Pfote-klein-71.jpg\" alt=\"\" class=\"wp-image-1204\"\/><\/figure>\n\n\n\n<p class=\"wp-block-paragraph\" style=\"font-size:26px\"><strong>Neue Osnabr\u00fccker Zeitung (NOZ) <\/strong><\/p>\n\n\n\n<p class=\"wp-block-paragraph\"><a href=\"https:\/\/www.noz.de\/lokales\/bramsche\/artikel\/1379928\/katzenbaby-in-bramsche-aus-motorraum-von-pkw-befreit\">https:\/\/www.noz.de\/lokales\/bramsche\/artikel\/1379928\/katzenbaby-in-bramsche-aus-motorraum-von-pkw-befreit<\/a><br><\/p>\n\n\n\n<figure class=\"wp-block-image size-large\"><img loading=\"lazy\" decoding=\"async\" width=\"30\" height=\"29\" src=\"http:\/\/bramscher-katzenhilfe.de\/WordPress\/wp-content\/uploads\/2019\/07\/Pfote-klein-72.jpg\" alt=\"\" class=\"wp-image-1206\"\/><\/figure>\n\n\n\n<p class=\"wp-block-paragraph\" style=\"font-size:26px\"><strong>Bramscher Nachrichten vom 26.06.2018<\/strong><\/p>\n\n\n\n<figure class=\"wp-block-image\"><img decoding=\"async\" src=\"http:\/\/bramscher-katzenhilfe.de\/BN%2026.6.2018%20verkleinert.jpg\" alt=\"\"\/><figcaption><br><\/figcaption><\/figure>\n\n\n\n<figure class=\"wp-block-image size-large\"><img loading=\"lazy\" decoding=\"async\" width=\"30\" height=\"29\" src=\"http:\/\/bramscher-katzenhilfe.de\/WordPress\/wp-content\/uploads\/2019\/07\/Pfote-klein-73.jpg\" alt=\"\" class=\"wp-image-1207\"\/><\/figure>\n\n\n\n<p class=\"wp-block-paragraph\" style=\"font-size:26px\"><strong>TASSO Newsletter Mai 2018<\/strong><\/p>\n\n\n\n<figure class=\"wp-block-image\"><img decoding=\"async\" src=\"http:\/\/bramscher-katzenhilfe.de\/TASSO%20Mai%202018.JPG\" alt=\"\"\/><\/figure>\n\n\n\n<figure class=\"wp-block-image\"><img decoding=\"async\" src=\"http:\/\/bramscher-katzenhilfe.de\/TASSO%20mai%202018%202.JPG\" alt=\"\"\/><\/figure>\n\n\n\n<figure class=\"wp-block-image\"><img decoding=\"async\" src=\"http:\/\/bramscher-katzenhilfe.de\/TASSO%20Mai%202018%203.JPG\" alt=\"\"\/><figcaption><br><\/figcaption><\/figure>\n\n\n\n<figure class=\"wp-block-image size-large\"><img loading=\"lazy\" decoding=\"async\" width=\"30\" height=\"29\" src=\"http:\/\/bramscher-katzenhilfe.de\/WordPress\/wp-content\/uploads\/2019\/07\/Pfote-klein-74.jpg\" alt=\"\" class=\"wp-image-1208\"\/><\/figure>\n\n\n\n<p class=\"wp-block-paragraph\" style=\"font-size:26px\"><strong>Presseartikel<\/strong><\/p>\n\n\n\n<p class=\"wp-block-paragraph\"><strong>Bramscher Nachrichten 1.Februar 2018<\/strong><\/p>\n\n\n\n<figure class=\"wp-block-image\"><img decoding=\"async\" src=\"http:\/\/bramscher-katzenhilfe.de\/Bramscher%20Nachrichten%201.%20Februar%202018%20klein.jpg\" alt=\"\"\/><\/figure>\n\n\n\n<figure class=\"wp-block-image\"><img decoding=\"async\" src=\"http:\/\/bramscher-katzenhilfe.de\/Bramscher%20Nachrichten%201.%20Febr.%202018%20Teil%202%20klein.jpg\" alt=\"\"\/><figcaption><br><\/figcaption><\/figure>\n\n\n\n<figure class=\"wp-block-image size-large\"><img loading=\"lazy\" decoding=\"async\" width=\"30\" height=\"29\" src=\"http:\/\/bramscher-katzenhilfe.de\/WordPress\/wp-content\/uploads\/2019\/07\/Pfote-klein-75.jpg\" alt=\"\" class=\"wp-image-1210\"\/><\/figure>\n\n\n\n<p class=\"wp-block-paragraph\" style=\"font-size:26px\"><strong>Bramscher Nachrichten vom 06.01.2018<\/strong><\/p>\n\n\n\n<figure class=\"wp-block-image\"><img decoding=\"async\" src=\"http:\/\/bramscher-katzenhilfe.de\/img2.jpg\" alt=\"\"\/><figcaption><br><\/figcaption><\/figure>\n\n\n\n<figure class=\"wp-block-image size-large\"><img loading=\"lazy\" decoding=\"async\" width=\"30\" height=\"29\" src=\"http:\/\/bramscher-katzenhilfe.de\/WordPress\/wp-content\/uploads\/2019\/07\/Pfote-klein-76.jpg\" alt=\"\" class=\"wp-image-1211\"\/><\/figure>\n\n\n\n<p class=\"wp-block-paragraph\" style=\"font-size:26px\"><strong>Nord live November 2016, Ausgabe 123<\/strong><\/p>\n\n\n\n<figure class=\"wp-block-image is-resized\"><img decoding=\"async\" src=\"http:\/\/bramscher-katzenhilfe.de\/NordLive%20November%2016.jpg\" alt=\"\" width=\"883\"\/><\/figure>\n\n\n\n<p class=\"wp-block-paragraph\"><\/p>\n\n\n\n<figure class=\"wp-block-image size-large\"><img loading=\"lazy\" decoding=\"async\" width=\"30\" height=\"29\" src=\"http:\/\/bramscher-katzenhilfe.de\/WordPress\/wp-content\/uploads\/2019\/07\/Pfote-klein-77.jpg\" alt=\"\" class=\"wp-image-1212\"\/><\/figure>\n\n\n\n<p class=\"wp-block-paragraph\" style=\"font-size:26px\"><strong>Bramscher Nachrichten vom 06.10.2016<\/strong><\/p>\n\n\n\n<figure class=\"wp-block-image is-resized\"><img decoding=\"async\" src=\"http:\/\/bramscher-katzenhilfe.de\/Bramscher%20Nachrichten%206.10.16.jpg\" alt=\"\" width=\"872\"\/><figcaption><br><\/figcaption><\/figure>\n\n\n\n<figure class=\"wp-block-image size-large\"><img loading=\"lazy\" decoding=\"async\" width=\"30\" height=\"29\" src=\"http:\/\/bramscher-katzenhilfe.de\/WordPress\/wp-content\/uploads\/2019\/07\/Pfote-klein-78.jpg\" alt=\"\" class=\"wp-image-1213\"\/><\/figure>\n\n\n\n<p class=\"wp-block-paragraph\" style=\"font-size:26px\"><strong>Nord live Juli 2016, Ausgabe 119<\/strong><\/p>\n\n\n\n<figure class=\"wp-block-image is-resized\"><img decoding=\"async\" src=\"http:\/\/bramscher-katzenhilfe.de\/Krevinghausen%20Bericht.jpg\" alt=\"\" width=\"800\"\/><figcaption><br><\/figcaption><\/figure>\n\n\n\n<figure class=\"wp-block-image size-large\"><img loading=\"lazy\" decoding=\"async\" width=\"30\" height=\"29\" src=\"http:\/\/bramscher-katzenhilfe.de\/WordPress\/wp-content\/uploads\/2019\/07\/Pfote-klein-79.jpg\" alt=\"\" class=\"wp-image-1214\"\/><\/figure>\n\n\n\n<p class=\"wp-block-paragraph\" style=\"font-size:26px\"><strong>Osnabr\u00fccker Nachrichten vom 29.05.2016<\/strong><\/p>\n\n\n\n<figure class=\"wp-block-image\"><img decoding=\"async\" src=\"http:\/\/bramscher-katzenhilfe.de\/ON%20Mai%202016%20\u00dcberschrift.jpg\" alt=\"\"\/><\/figure>\n\n\n\n<figure class=\"wp-block-image\"><img decoding=\"async\" src=\"http:\/\/bramscher-katzenhilfe.de\/ON%20Mai%202016.jpg\" alt=\"\"\/><figcaption><br><\/figcaption><\/figure>\n\n\n\n<figure class=\"wp-block-image size-large\"><img loading=\"lazy\" decoding=\"async\" width=\"30\" height=\"29\" src=\"http:\/\/bramscher-katzenhilfe.de\/WordPress\/wp-content\/uploads\/2019\/07\/Pfote-klein-80.jpg\" alt=\"\" class=\"wp-image-1216\"\/><\/figure>\n\n\n\n<p class=\"wp-block-paragraph\" style=\"font-size:26px\"><strong>Fr\u00fchjahr 2016<\/strong><\/p>\n\n\n\n<p class=\"wp-block-paragraph\">Die ehrenamtlichen Mitglieder der Katzenhilfe  Bramsche: Wir danken dem B\u00fcndnis \u201ePro Katze\u201c und dem Tiernahrungshersteller  \u201eHappy Cat\u201c, der diese Kastrationsaktion finanziell unterst\u00fctzt hat, ganz  herzlich. <\/p>\n\n\n\n<p class=\"wp-block-paragraph\">21 herrenlose Katzen lie\u00dfen wir in der Zeit vom 29.12.2015 \u2013  05.02.2016 unter der Flagge des B\u00fcndnis \u201ePro Katze\u201c tier\u00e4rztlich versorgen  und kastrieren.<\/p>\n\n\n\n<p class=\"wp-block-paragraph\">An dieser Stelle bedanken wir uns auch sehr  bei unserer Tierarztpraxis Dr. K\u00e4stner in Bramsche, f\u00fcr die Unterst\u00fctzung  und gute tier\u00e4rztliche Versorgung unserer Streunerkatzen. <\/p>\n\n\n\n<p class=\"wp-block-paragraph\">Die Tiere wurden  von uns in Lebendfallen eingefangen und 2 Tage nach der Kastration an ihre  Lebensorte bzw. Futterstellen zur\u00fcckgesetzt. Hier werden sie auch weiterhin  t\u00e4glich von uns versorgt.<\/p>\n\n\n\n<p class=\"wp-block-paragraph\">Dass Bramsche und die Katzenhilfe f\u00fcr diese  Kastrationsaktion vom B\u00fcndnis \u201ePro Katze\u201c ausgew\u00e4hlt wurden, macht uns stolz  und erf\u00fcllt uns mit Freude.<\/p>\n\n\n\n<p class=\"wp-block-paragraph\">Wir bedanken uns und verneigen uns im Namen  der Tiere beim \u201eB\u00fcndnis pro Katze\u201c und dem Tiernahrungshersteller \u201eHappy  Cat\u201c f\u00fcr diese wunderbare Unterst\u00fctzung. <\/p>\n\n\n\n<figure class=\"wp-block-image is-resized\"><img decoding=\"async\" src=\"http:\/\/bramscher-katzenhilfe.de\/Katze%20an%20der%20Futterstelle.jpg\" alt=\"\" width=\"550\"\/><figcaption> Katze an der Futterstelle <\/figcaption><\/figure>\n\n\n\n<figure class=\"wp-block-image is-resized\"><img decoding=\"async\" src=\"http:\/\/bramscher-katzenhilfe.de\/Katze%20in%20der%20Lebendfalle%20vor%20der%20Kastration.jpg\" alt=\"\" width=\"550\"\/><figcaption> Katze in der Lebendfalle vor der Kastration <\/figcaption><\/figure>\n\n\n\n<figure class=\"wp-block-image is-resized\"><img decoding=\"async\" src=\"http:\/\/bramscher-katzenhilfe.de\/Katze%20nach%20der%20Kastration,%20gechipt%20und%20in%20den%20Ohren%20t\u00e4towiert.jpg\" alt=\"\" width=\"550\"\/><figcaption>                           Katze nach der Kastration, gechipt und in den Ohren t\u00e4towiert                                      (Fotos: Katzenhilfe Bramsche)  <br><\/figcaption><\/figure>\n\n\n\n<figure class=\"wp-block-image size-large\"><img loading=\"lazy\" decoding=\"async\" width=\"30\" height=\"29\" src=\"http:\/\/bramscher-katzenhilfe.de\/WordPress\/wp-content\/uploads\/2019\/07\/Pfote-klein-81.jpg\" alt=\"\" class=\"wp-image-1217\"\/><\/figure>\n\n\n\n<p class=\"wp-block-paragraph\" style=\"font-size:26px\"><strong>Pressemitteilung auf www.tasso.net im Februar 2016<\/strong><\/p>\n\n\n\n<figure class=\"wp-block-image is-resized\"><img decoding=\"async\" src=\"http:\/\/bramscher-katzenhilfe.de\/Tasso%20neu%201.png\" alt=\"\" width=\"850\"\/><\/figure>\n\n\n\n<figure class=\"wp-block-image is-resized\"><img decoding=\"async\" src=\"http:\/\/bramscher-katzenhilfe.de\/Tasso%20neu%202.png\" alt=\"\" width=\"850\"\/><\/figure>\n\n\n\n<figure class=\"wp-block-image is-resized\"><img decoding=\"async\" src=\"http:\/\/bramscher-katzenhilfe.de\/Tasso%20neu%203.png\" alt=\"\" width=\"850\"\/><\/figure>\n\n\n\n<figure class=\"wp-block-image is-resized\"><img decoding=\"async\" src=\"http:\/\/bramscher-katzenhilfe.de\/Tasso%20neu%204.png\" alt=\"\" width=\"850\"\/><\/figure>\n\n\n\n<figure class=\"wp-block-image is-resized\"><img decoding=\"async\" src=\"http:\/\/bramscher-katzenhilfe.de\/Tasso%20neu%205.png\" alt=\"\" width=\"850\"\/><figcaption><br><\/figcaption><\/figure>\n\n\n\n<figure class=\"wp-block-image size-large\"><img loading=\"lazy\" decoding=\"async\" width=\"30\" height=\"29\" src=\"http:\/\/bramscher-katzenhilfe.de\/WordPress\/wp-content\/uploads\/2019\/07\/Pfote-klein-82.jpg\" alt=\"\" class=\"wp-image-1218\"\/><\/figure>\n\n\n\n<p class=\"wp-block-paragraph\" style=\"font-size:26px\"><strong>Nord live Februar 2016, Ausgabe 114<\/strong><\/p>\n\n\n\n<figure class=\"wp-block-image is-resized\"><img decoding=\"async\" src=\"http:\/\/bramscher-katzenhilfe.de\/Nord%20Live%20Februar%202016%20NEU.jpg\" alt=\"http:\/\/bramscher-katzenhilfe.de\/Nord%20Live%20Februar%202016%20NEU.jpg\" width=\"700\"\/><figcaption><br><\/figcaption><\/figure>\n\n\n\n<figure class=\"wp-block-image size-large\"><img loading=\"lazy\" decoding=\"async\" width=\"30\" height=\"29\" src=\"http:\/\/bramscher-katzenhilfe.de\/WordPress\/wp-content\/uploads\/2019\/07\/Pfote-klein-83.jpg\" alt=\"\" class=\"wp-image-1219\"\/><\/figure>\n\n\n\n<p class=\"wp-block-paragraph\" style=\"font-size:26px\"><strong>Bramscher Nachrichten vom 21.01.2016<\/strong><\/p>\n\n\n\n<figure class=\"wp-block-image is-resized\"><img decoding=\"async\" src=\"http:\/\/bramscher-katzenhilfe.de\/Bramscher%20Nachrichten%20Hof%20Hasemann.jpg\" alt=\"\" width=\"847\"\/><figcaption><br><\/figcaption><\/figure>\n\n\n\n<figure class=\"wp-block-image size-large\"><img loading=\"lazy\" decoding=\"async\" width=\"30\" height=\"29\" src=\"http:\/\/bramscher-katzenhilfe.de\/WordPress\/wp-content\/uploads\/2019\/07\/Pfote-klein-84.jpg\" alt=\"\" class=\"wp-image-1220\"\/><\/figure>\n\n\n\n<p class=\"wp-block-paragraph\" style=\"font-size:26px\"><strong>Herrenlose und frei laufende Katzen ein Problem in Achmer auf dem Hof Hasemann&nbsp; Bramscher Nachrichten: Bericht vom 21.01.2016<\/strong><\/p>\n\n\n\n<p class=\"has-medium-font-size wp-block-paragraph\"><strong>An dieser Stelle eine Stellungnahme der Katzenhilfe Bramsche e.V. zu diesem Artikel:<\/strong><\/p>\n\n\n\n<p class=\"wp-block-paragraph\">Dass frei laufende Katzen M\u00e4use und hin und wieder auch V\u00f6gel fangen, d\u00fcrfte jedem bekannt sein. Streunerkatzen r\u00fccken dabei immer wieder besonders in den Blickpunkt.<\/p>\n\n\n\n<p class=\"wp-block-paragraph\">Die meisten V\u00f6gel, die eine frei laufende Katze ins Visier nimmt, bleiben f\u00fcr sie jedoch unerreichbar oder fliegen rechtzeitig davon.<\/p>\n\n\n\n<p class=\"wp-block-paragraph\">Ende des vergangen Jahres bat Herr Hasemann, Gesch\u00e4ftsf\u00fchrer der Stiftung Hof Hasemann, die Katzenhilfe Bramsche um    Kastrationsunterst\u00fctzung herrenloser Hauskatzen auf dem    Stiftungsgel\u00e4nde. Noch im Dezember 2015 hat die Katzenhilfe mit der    Kastrationsaktion an dieser Stelle begonnen und Herrn Hasemann dar\u00fcber    telefonisch unterrichtet.<\/p>\n\n\n\n<p class=\"wp-block-paragraph\">Es handelt sich aus unserer Sicht um etwa 10 Katzen, von denen wir 9 inzwischen kastrieren und kennzeichnen lie\u00dfen. Unsere Kastrationsaktion ist an dieser Stelle noch nicht abgeschlossen. Sie wird jedoch von der Katzenhilfe Bramsche in vollem Umfang durch Spendengelder finanziert.<\/p>\n\n\n\n<p class=\"wp-block-paragraph\">Streunerkatzen sind einst vom Menschen zur\u00fcckgelassene, entlaufende oder ausgesetzte Tiere, die sich selbst \u00fcberlassen sind und sich unkastriert unkontrolliert vermehren.<\/p>\n\n\n\n<p class=\"wp-block-paragraph\">Die Katzenhilfe Bramsche setzt sich f\u00fcr diese herrenlosen Hauskatzen ein. Sie werden kastriert, gekennzeichnet und weitestgehend an Futterstellen versorgt.<\/p>\n\n\n\n<p class=\"wp-block-paragraph\">Das wichtigste Mittel zur Eind\u00e4mmung des Katzenelends ist nach heutigem Kenntnisstand die Kastration. Deshalb unterst\u00fctzen wir auch die Kastrationsverordnung der Stadt Bramsche ausdr\u00fccklich.<\/p>\n\n\n\n<p class=\"wp-block-paragraph\">Eine Frage stellt sich der Katzenhilfe Bramsche e.V. jedoch mit gro\u00dfer Sorge: Was geschah mit den 42 Katzen, die lt. diesem Zeitungsbericht, vor einigen Jahren aus dem Umfeld der Stiftungsfl\u00e4che entnommen wurden?&nbsp;   <\/p>\n\n\n\n<p class=\"wp-block-paragraph\">Wie die V\u00f6gel, ben\u00f6tigen auch die herrenlosen Hauskatzen, die ohne Hilfe drau\u00dfen nicht mehr zurechtkommen k\u00f6nnen und einem harten \u00dcberlebenskampf ausgesetzt sind, unsere Unterst\u00fctzung.<\/p>\n\n\n\n<p class=\"wp-block-paragraph\">Wir sollten allen Tieren unseren Schutz gew\u00e4hren. \n\t\t  <\/p>\n\n\n\n<p class=\"wp-block-paragraph\">Daf\u00fcr setzen wir uns ein.<\/p>\n\n\n\n<p class=\"wp-block-paragraph\">Katzenhilfe Bramsche e.V.<\/p>\n\n\n\n<figure class=\"wp-block-image size-large\"><img loading=\"lazy\" decoding=\"async\" width=\"30\" height=\"29\" src=\"http:\/\/bramscher-katzenhilfe.de\/WordPress\/wp-content\/uploads\/2019\/07\/Pfote-klein-85.jpg\" alt=\"\" class=\"wp-image-1221\"\/><\/figure>\n\n\n\n<p class=\"wp-block-paragraph\" style=\"font-size:26px\"><strong>Bramscher Nachrichten vom 02.01.2016 <\/strong>  <\/p>\n\n\n\n<figure class=\"wp-block-image\"><img decoding=\"async\" src=\"http:\/\/bramscher-katzenhilfe.de\/Bramscher%20Nachrichten%2021.1.16%20NEU.jpg\" alt=\"\"\/><figcaption><br><\/figcaption><\/figure>\n\n\n\n<figure class=\"wp-block-image size-large\"><img loading=\"lazy\" decoding=\"async\" width=\"30\" height=\"29\" src=\"http:\/\/bramscher-katzenhilfe.de\/WordPress\/wp-content\/uploads\/2019\/07\/Pfote-klein-86.jpg\" alt=\"\" class=\"wp-image-1222\"\/><\/figure>\n\n\n\n<p class=\"wp-block-paragraph\" style=\"font-size:26px\"><strong>Pressemitteilung auf www.tasso.net<\/strong> <strong>vom    21.12.2015<\/strong><\/p>\n\n\n\n<figure class=\"wp-block-image is-resized\"><img decoding=\"async\" src=\"http:\/\/bramscher-katzenhilfe.de\/21.12.(1).png\" alt=\"\" width=\"847\"\/><\/figure>\n\n\n\n<figure class=\"wp-block-image is-resized\"><img decoding=\"async\" src=\"http:\/\/bramscher-katzenhilfe.de\/21.12.(2).png\" alt=\"\" width=\"852\"\/><\/figure>\n\n\n\n<figure class=\"wp-block-image is-resized\"><img decoding=\"async\" src=\"http:\/\/bramscher-katzenhilfe.de\/21.12.(3).png\" alt=\"\" width=\"852\"\/><\/figure>\n\n\n\n<figure class=\"wp-block-image is-resized\"><img decoding=\"async\" src=\"http:\/\/bramscher-katzenhilfe.de\/21.12.(4).png\" alt=\"\" width=\"852\"\/><\/figure>\n\n\n\n<figure class=\"wp-block-image is-resized\"><img decoding=\"async\" src=\"http:\/\/bramscher-katzenhilfe.de\/21.12.(5).png\" alt=\"\" width=\"852\"\/><\/figure>\n\n\n\n<figure class=\"wp-block-image size-large\"><img loading=\"lazy\" decoding=\"async\" width=\"30\" height=\"29\" src=\"http:\/\/bramscher-katzenhilfe.de\/WordPress\/wp-content\/uploads\/2019\/07\/Pfote-klein-87.jpg\" alt=\"\" class=\"wp-image-1223\"\/><\/figure>\n\n\n\n<p class=\"wp-block-paragraph\" style=\"font-size:26px\"><strong>Bramscher Nachrichten vom 04.11.2015 und Kommentar<\/strong><\/p>\n\n\n\n<figure class=\"wp-block-image is-resized\"><img loading=\"lazy\" decoding=\"async\" src=\"http:\/\/bramscher-katzenhilfe.de\/Presse%204.11.15.jpg\" alt=\"\" width=\"854\" height=\"435\"\/><\/figure>\n\n\n\n<figure class=\"wp-block-image\"><img decoding=\"async\" src=\"http:\/\/bramscher-katzenhilfe.de\/Presse%204.11.15%20Blickpunkt.jpg\" alt=\"\"\/><\/figure>\n\n\n\n<figure class=\"wp-block-image size-large\"><img loading=\"lazy\" decoding=\"async\" width=\"30\" height=\"29\" src=\"http:\/\/bramscher-katzenhilfe.de\/WordPress\/wp-content\/uploads\/2019\/07\/Pfote-klein-88.jpg\" alt=\"\" class=\"wp-image-1224\"\/><\/figure>\n\n\n\n<p class=\"wp-block-paragraph\" style=\"font-size:26px\"><strong>Bramscher Nachrichten vom&nbsp;28.08.2014<\/strong><\/p>\n\n\n\n<figure class=\"wp-block-image is-resized\"><img loading=\"lazy\" decoding=\"async\" src=\"http:\/\/bramscher-katzenhilfe.de\/Presse%2028.8.14.jpg\" alt=\"\" width=\"845\" height=\"611\"\/><\/figure>\n\n\n\n<figure class=\"wp-block-image size-large\"><img loading=\"lazy\" decoding=\"async\" width=\"30\" height=\"29\" src=\"http:\/\/bramscher-katzenhilfe.de\/WordPress\/wp-content\/uploads\/2019\/07\/Pfote-klein-89.jpg\" alt=\"\" class=\"wp-image-1225\"\/><\/figure>\n\n\n\n<p class=\"wp-block-paragraph\" style=\"font-size:26px\"><strong>Bramscher Nachrichten vom 07.06.2014<\/strong> <\/p>\n\n\n\n<figure class=\"wp-block-image is-resized\"><img loading=\"lazy\" decoding=\"async\" src=\"http:\/\/bramscher-katzenhilfe.de\/Presse%207.6.14.jpg\" alt=\"\" width=\"845\" height=\"1356\"\/><\/figure>\n\n\n\n<figure class=\"wp-block-image size-large\"><img loading=\"lazy\" decoding=\"async\" width=\"30\" height=\"29\" src=\"http:\/\/bramscher-katzenhilfe.de\/WordPress\/wp-content\/uploads\/2019\/07\/Pfote-klein-90.jpg\" alt=\"\" class=\"wp-image-1226\"\/><\/figure>\n\n\n\n<p class=\"wp-block-paragraph\" style=\"font-size:26px\"><strong>Bramscher Nachrichten vom    08.08.2013&nbsp;und Kommentar<\/strong> <\/p>\n\n\n\n<figure class=\"wp-block-image\"><img decoding=\"async\" src=\"http:\/\/bramscher-katzenhilfe.de\/Presse%208.8.13.jpg\" alt=\"\"\/><\/figure>\n\n\n\n<figure class=\"wp-block-image\"><img decoding=\"async\" src=\"http:\/\/bramscher-katzenhilfe.de\/Presse%208.8.13%20Kommentar.jpg\" alt=\"\"\/><\/figure>\n\n\n\n<figure class=\"wp-block-image size-large\"><img loading=\"lazy\" decoding=\"async\" width=\"30\" height=\"29\" src=\"http:\/\/bramscher-katzenhilfe.de\/WordPress\/wp-content\/uploads\/2019\/07\/Pfote-klein-91.jpg\" alt=\"\" class=\"wp-image-1227\"\/><\/figure>\n\n\n\n<p class=\"wp-block-paragraph\" style=\"font-size:26px\"><strong>Nord live Dezember 2011, Ausgabe 67<\/strong><\/p>\n\n\n\n<figure class=\"wp-block-image\"><img decoding=\"async\" src=\"http:\/\/bramscher-katzenhilfe.de\/Presse%20Nordlive%20Dez.11%20Ausg.67.jpg\" alt=\"\"\/><\/figure>\n\n\n\n<figure class=\"wp-block-image size-large\"><img loading=\"lazy\" decoding=\"async\" width=\"30\" height=\"29\" src=\"http:\/\/bramscher-katzenhilfe.de\/WordPress\/wp-content\/uploads\/2019\/07\/Pfote-klein-92.jpg\" alt=\"\" class=\"wp-image-1228\"\/><\/figure>\n\n\n\n<p class=\"wp-block-paragraph\" style=\"font-size:26px\"><strong>Bramscher Nachrichten vom 22.10.2011<\/strong><\/p>\n\n\n\n<figure class=\"wp-block-image\"><img decoding=\"async\" src=\"http:\/\/bramscher-katzenhilfe.de\/Presse%2022.10.11%20(1).jpg\" alt=\"\"\/><\/figure>\n\n\n\n<figure class=\"wp-block-image\"><img decoding=\"async\" src=\"http:\/\/bramscher-katzenhilfe.de\/Presse%2022.10.11%20(2).jpg\" alt=\"\"\/><\/figure>\n\n\n\n<figure class=\"wp-block-image size-large\"><img loading=\"lazy\" decoding=\"async\" width=\"30\" height=\"29\" src=\"http:\/\/bramscher-katzenhilfe.de\/WordPress\/wp-content\/uploads\/2019\/07\/Pfote-klein-93.jpg\" alt=\"\" class=\"wp-image-1229\"\/><\/figure>\n\n\n\n<p class=\"wp-block-paragraph\" style=\"font-size:26px\"><strong>Osnabr\u00fccker Nachrichten Herbst 2011<\/strong><\/p>\n\n\n\n<figure class=\"wp-block-image\"><img decoding=\"async\" src=\"http:\/\/bramscher-katzenhilfe.de\/Presse%20Herbst%202011%20ON.jpg\" alt=\"\"\/><\/figure>\n\n\n\n<figure class=\"wp-block-image size-large\"><img loading=\"lazy\" decoding=\"async\" width=\"30\" height=\"29\" src=\"http:\/\/bramscher-katzenhilfe.de\/WordPress\/wp-content\/uploads\/2019\/07\/Pfote-klein-94.jpg\" alt=\"\" class=\"wp-image-1231\"\/><\/figure>\n\n\n\n<p class=\"wp-block-paragraph\" style=\"font-size:26px\"><strong>Sonstiges<\/strong><\/p>\n\n\n\n<p class=\"wp-block-paragraph\" style=\"font-size:26px\"><strong>Neue Osnabr\u00fccker Nachrichten vom    22.05.2014<\/strong><\/p>\n\n\n\n<figure class=\"wp-block-image\"><img decoding=\"async\" src=\"http:\/\/bramscher-katzenhilfe.de\/Presse%2022.5.14%20Sonstiges.jpg\" alt=\"\"\/><\/figure>\n\n\n\n<figure class=\"wp-block-image size-large\"><img loading=\"lazy\" decoding=\"async\" width=\"30\" height=\"29\" src=\"http:\/\/bramscher-katzenhilfe.de\/WordPress\/wp-content\/uploads\/2019\/07\/Pfote-klein-95.jpg\" alt=\"\" class=\"wp-image-1232\"\/><\/figure>\n\n\n\n<p class=\"wp-block-paragraph\"><strong>Bewahrung der Sch\u00f6pfung ist mehr als eine Kampagne<\/strong> <strong> &#8211; Leserbrief    von Ulrich Farin vom 18.03.2014<\/strong> <\/p>\n\n\n\n<p class=\"wp-block-paragraph\"><a href=\"http:\/\/bramscher-katzenhilfe.de\/Bewahrung%20der%20Sch%C3%B6pfung%20ist%20mehr%20als%20eine%20Kampagne.htm\">http:\/\/bramscher-katzenhilfe.de\/Bewahrung%20der%20Sch%C3%B6pfung%20ist%20mehr%20als%20eine%20Kampagne.htm<\/a><\/p>\n ","protected":false},"excerpt":{"rendered":"<p>Osnabr\u00fccker Nachrichten am Sonntag vom 28.10.2018 Bramscher Nachrichten vom 24.08.2018 Neue Osnabr\u00fccker Zeitung (NOZ) https:\/\/www.noz.de\/lokales\/bramsche\/artikel\/1379928\/katzenbaby-in-bramsche-aus-motorraum-von-pkw-befreit Bramscher Nachrichten vom 26.06.2018 TASSO Newsletter Mai 2018 Presseartikel Bramscher<a href=\"https:\/\/wp.bramscher-katzenhilfe.de\/?page_id=1202\" class=\"more-link\"><span class=\"screen-reader-text\"> &#8222;&#8220;<\/span><\/a><\/p>\n","protected":false},"author":2,"featured_media":0,"parent":0,"menu_order":0,"comment_status":"closed","ping_status":"closed","template":"","meta":{"give_campaign_id":0,"_crdt_document":"","footnotes":""},"class_list":["post-1202","page","type-page","status-publish","hentry"],"campaignId":"","_links":{"self":[{"href":"https:\/\/wp.bramscher-katzenhilfe.de\/index.php?rest_route=\/wp\/v2\/pages\/1202","targetHints":{"allow":["GET"]}}],"collection":[{"href":"https:\/\/wp.bramscher-katzenhilfe.de\/index.php?rest_route=\/wp\/v2\/pages"}],"about":[{"href":"https:\/\/wp.bramscher-katzenhilfe.de\/index.php?rest_route=\/wp\/v2\/types\/page"}],"author":[{"embeddable":true,"href":"https:\/\/wp.bramscher-katzenhilfe.de\/index.php?rest_route=\/wp\/v2\/users\/2"}],"replies":[{"embeddable":true,"href":"https:\/\/wp.bramscher-katzenhilfe.de\/index.php?rest_route=%2Fwp%2Fv2%2Fcomments&post=1202"}],"version-history":[{"count":8,"href":"https:\/\/wp.bramscher-katzenhilfe.de\/index.php?rest_route=\/wp\/v2\/pages\/1202\/revisions"}],"predecessor-version":[{"id":1963,"href":"https:\/\/wp.bramscher-katzenhilfe.de\/index.php?rest_route=\/wp\/v2\/pages\/1202\/revisions\/1963"}],"wp:attachment":[{"href":"https:\/\/wp.bramscher-katzenhilfe.de\/index.php?rest_route=%2Fwp%2Fv2%2Fmedia&parent=1202"}],"curies":[{"name":"wp","href":"https:\/\/api.w.org\/{rel}","templated":true}]}}