{"id":1425,"date":"2019-08-11T16:05:04","date_gmt":"2019-08-11T16:05:04","guid":{"rendered":"http:\/\/bramscher-katzenhilfe.de\/WordPress\/?p=1425"},"modified":"2019-11-15T12:51:41","modified_gmt":"2019-11-15T12:51:41","slug":"2016","status":"publish","type":"page","link":"https:\/\/wp.bramscher-katzenhilfe.de\/?page_id=1425","title":{"rendered":"2016"},"content":{"rendered":"\n<p class=\"wp-block-paragraph\">Auch in 2016 haben wir unsere ehrenamtliche Arbeit wieder ganz in den  Dienst der wildlebenden Hauskatzen in Bramsche und Umgebung gestellt.<\/p>\n\n\n\n<p class=\"wp-block-paragraph\">Wir danken Ihnen allen sehr herzlich f\u00fcr Ihre Unterst\u00fctzung, denn ohne  Ihre Hilfe w\u00e4re diese Arbeit gar nicht m\u00f6glich.<\/p>\n\n\n\n<p class=\"wp-block-paragraph\">65 Katzen haben wir in 2016 eingefangen, tier\u00e4rztlich versorgen und  kastrieren lassen und weitere 10 Tiere stehen bereits f\u00fcr Januar 2017 auf  unserem Plan. <\/p>\n\n\n\n<p class=\"wp-block-paragraph\">Auch in diesem Jahr haben wir wieder viele Menschen bei  Suchaktionen unterst\u00fctzt, denen ihre Tiere verloren gingen.<\/p>\n\n\n\n<p class=\"wp-block-paragraph\">Fundtiere, wie der 13 Jahre alte Kater Cindy, der wohl eine  Mitfahrgelegenheit von Osnabr\u00fcck nach Bramsche nutzte, konnte Dank seiner  T\u00e4towierung 14 Tage nach seinem Verschwinden von seiner Familie in unserer  Pflegestelle in Bramsche abgeholt werden. \u00dcbergl\u00fccklich nahmen sie ihn  wieder mit nach Hause.<\/p>\n\n\n\n<p class=\"wp-block-paragraph\">32 Katzenbabys und weitere Fundtiere, die niemand vermisste, konnten wir  in ein liebevolles Zuhause vermitteln.<\/p>\n\n\n\n<p class=\"wp-block-paragraph\">An dieser Stelle danken wir unseren Pflegestellen f\u00fcr ihren  unerm\u00fcdlichen Einsatz.<\/p>\n\n\n\n<p class=\"wp-block-paragraph\">Zuletzt sind Lotti und Leni (4 Mo. alt) nach Schleptrup umgezogen. Wie  wir h\u00f6rten, bringen sie dort helle Freude ins Haus.<\/p>\n\n\n\n<p class=\"wp-block-paragraph\">Zwischen Weihnachten und Neujahr waren unsere Pflegestellen wieder geschlossen. Wir  denken, dass Tiere nicht als Geschenke unter den Tannenbaum geh\u00f6ren.&nbsp; <\/p>\n\n\n\n<p class=\"wp-block-paragraph\">Ganz besonders eingesetzt haben wir uns in 2016 auch wieder f\u00fcr \u00e4ltere  Tiere, die irgendwann ihre Familien verloren haben und lange Zeit mit an  unseren Futterstellen lebten.<\/p>\n\n\n\n<figure class=\"wp-block-image is-resized\"><img loading=\"lazy\" decoding=\"async\" src=\"http:\/\/bramscher-katzenhilfe.de\/Amy.jpg\" alt=\"\" width=\"550\" height=\"397\"\/><figcaption>  Auch Amy ist so eine Katze. Sie wurde &nbsp;zusammen mit 12 weiteren  unkastrierten Tieren von ihrem Frauchen beim Umzug einfach  zur\u00fcckgelassen.<br> Die Gl\u00fcckskatze Amy (ca. 6 Jahre), die bei  N\u00e4sse und K\u00e4lte drau\u00dfen immer t\u00fcchtigen Katzenschnupfen bekam, lebt  seit August 2016 bei einer sehr lieben Familie in Osnabr\u00fcck.<br> Amy macht nur noch kurze Ausfl\u00fcge in den  Garten. Das neue Leben im warmen Haus findet sie viel gem\u00fctlicher.  <br><\/figcaption><\/figure>\n\n\n\n<figure class=\"wp-block-image size-large\"><img loading=\"lazy\" decoding=\"async\" width=\"30\" height=\"29\" src=\"http:\/\/bramscher-katzenhilfe.de\/WordPress\/wp-content\/uploads\/2019\/10\/Pfote-klein.jpg\" alt=\"\" class=\"wp-image-1674\"\/><figcaption><br><\/figcaption><\/figure>\n\n\n\n<p class=\"wp-block-paragraph\">NS. Wir lie\u00dfen die 12 Tiere an dieser Stelle kastrieren und wie Amy,  haben sie alle inzwischen ihren Platz gefunden. <\/p>\n\n\n\n<p class=\"wp-block-paragraph\">Der 10 Jahre alte Fundkater Cato, der verletzt und ersch\u00f6pft in einer  Hofeinfahrt gefunden wurde, lebt jetzt gl\u00fccklich auf dem Sofa eines  Resthofes in Nortrup und begleitet sein Frauchen wie ein Hund \u00fcber den Hof. <\/p>\n\n\n\n<figure class=\"wp-block-image is-resized\"><img loading=\"lazy\" decoding=\"async\" src=\"http:\/\/bramscher-katzenhilfe.de\/Cato.jpg\" alt=\"\" width=\"436\" height=\"659\"\/><figcaption>Der alte Kater Cato m\u00fcde und ersch\u00f6pft bei seiner  Ankunft in der Pflegestelle.  <br><\/figcaption><\/figure>\n\n\n\n<figure class=\"wp-block-image size-large\"><img loading=\"lazy\" decoding=\"async\" width=\"30\" height=\"29\" src=\"http:\/\/bramscher-katzenhilfe.de\/WordPress\/wp-content\/uploads\/2019\/10\/Pfote-klein-1.jpg\" alt=\"\" class=\"wp-image-1675\"\/><figcaption><br><\/figcaption><\/figure>\n\n\n\n<p class=\"wp-block-paragraph\">Der alte rote Kater, der von seiner Familie beim Umzug einfach  zur\u00fcckgelassen wurde, muss nicht mehr einsam und hungrig durch die Stra\u00dfen  ziehen. Er wurde von uns kastriert und fand seinen Schlaf- und Futterplatz  bei einer \u00e4lteren Dame in Bramsche. Sie nennt ihn M\u00e4uschen und versorgt ihn  liebevoll. <\/p>\n\n\n\n<figure class=\"wp-block-image is-resized\"><img loading=\"lazy\" decoding=\"async\" src=\"http:\/\/bramscher-katzenhilfe.de\/M\u00e4uschen.jpg\" alt=\"\" width=\"550\" height=\"400\"\/><figcaption> Der beim Umzug vergessene rote Kater hei\u00dft jetzt  M\u00e4uschen und wird liebevoll umsorgt.  <br><\/figcaption><\/figure>\n\n\n\n<figure class=\"wp-block-image size-large\"><img loading=\"lazy\" decoding=\"async\" width=\"30\" height=\"29\" src=\"http:\/\/bramscher-katzenhilfe.de\/WordPress\/wp-content\/uploads\/2019\/10\/Pfote-klein-2.jpg\" alt=\"\" class=\"wp-image-1676\"\/><figcaption><br><\/figcaption><\/figure>\n\n\n\n<p class=\"wp-block-paragraph\">Die 8 Jahre alte Katze Grauli, die aufgrund einer schlimmen  Zahnentz\u00fcndung auf dem Hof in der Katzengruppe nicht mehr schnell genug  mitessen konnte und zu verhungern drohte, lie\u00dfen wir an den Z\u00e4hnen  operieren.<\/p>\n\n\n\n<p class=\"wp-block-paragraph\">Danach fand sie ihr Gl\u00fcck bei einer \u00e4lteren Dame in Osnabr\u00fcck. Heute  hei\u00dft sie Mausi und bekommt ihr Essen mit der Gabel zerdr\u00fcckt. Ihr Frauchen  sagte uns: \u201emit dem Einzug von meiner Mausi ist die Einsamkeit bei mir  ausgezogen\u201c.<\/p>\n\n\n\n<figure class=\"wp-block-image is-resized\"><img loading=\"lazy\" decoding=\"async\" src=\"http:\/\/bramscher-katzenhilfe.de\/Grauli2.jpg\" alt=\"Dieses Bild hat ein leeres alt-Attribut; sein Dateiname ist Grauli2.jpg.\" width=\"550\" height=\"450\"\/><figcaption>Grauli nach der Zahnoperation in der Pflegestelle. Sie  fand als Mausi ihr Gl\u00fcck in Osnabr\u00fcck.  <\/figcaption><\/figure>\n\n\n\n<figure class=\"wp-block-image size-large\"><img loading=\"lazy\" decoding=\"async\" width=\"30\" height=\"29\" src=\"http:\/\/bramscher-katzenhilfe.de\/WordPress\/wp-content\/uploads\/2019\/10\/Pfote-klein-4.jpg\" alt=\"\" class=\"wp-image-1678\"\/><figcaption><br><\/figcaption><\/figure>\n\n\n\n<p class=\"wp-block-paragraph\">Diese Tiere, die so lange drau\u00dfen leben mussten, sind alle \u00e4u\u00dferst  dankbar und die Menschen, die den Mut hatten, sich f\u00fcr ein \u00e4lteres Tier zu  entscheiden, sind sehr gl\u00fccklich mit ihnen.<\/p>\n\n\n\n<p class=\"wp-block-paragraph\">Vier weitere Katzen in den besten Jahren sind Mitte Dezember von einer  Futterstelle auf einen Resthof umgezogen um dort mit der Familie zu leben.<\/p>\n\n\n\n<p class=\"wp-block-paragraph\">Eine zugelaufene, hoch tragende Freig\u00e4ngerkatze durfte bei einer Familie  in Achmer ihre Welpen bekommen und aufziehen. Wir haben die Familie in  dieser Zeit begleitet und die f\u00fcnf Babys im Alter von 8 Wochen zu uns in die  Pflegestelle genommen.<\/p>\n\n\n\n<p class=\"wp-block-paragraph\"> Die Katzenmama wurde kastriert und darf in ihrem selbst gew\u00e4hlten  Zuhause bleiben. Wir bedanken uns bei der Familie f\u00fcr diesen gro\u00dfartigen  Beitrag zum Tierschutz.<\/p>\n\n\n\n<p class=\"wp-block-paragraph\">Mit Einzug des Winters wird das Leben f\u00fcr die herrenlosen scheuen  Streuner drau\u00dfen wieder ganz besonders hart. Diese Tiere sind nach wie vor  unsere Herzensangelegenheit und stehen \u00fcbers ganze Jahr im Mittelpunkt  unserer Arbeit. Wir haben ihre Schlafpl\u00e4tze dick ausgepolstert und helfen  ihnen bei ihrem harten \u00dcberlebenskampf so gut es geht. Um den gr\u00f6\u00dften Hunger  zu stillen versorgen wir sie jeden Tag mit einer Mahlzeit.<\/p>\n\n\n\n<p class=\"wp-block-paragraph\">An dieser Stelle bedanken wir uns bei den stillen Helfern, die uns  t\u00e4glich vor Ort an den Futterstellen unterst\u00fctzen und mit uns gemeinsam die  Tiere versorgen. <\/p>\n\n\n\n<p class=\"wp-block-paragraph\">Die Katzen, die drau\u00dfen ums \u00dcberleben k\u00e4mpfen, w\u00fcnschen sich, dass Sie die Futterspendenboxen, die Sie in den M\u00e4rkten in Bramsche  finden, gro\u00dfherzig f\u00fcr sie f\u00fcllen.<\/p>\n\n\n\n<p class=\"wp-block-paragraph\">Bei Fressnapf stand wieder ein ganz besonderer Tannenbaum. Auf den  Kugeln durften unsere Tiere ihre W\u00fcnsche mitteilen.<\/p>\n\n\n\n<p class=\"wp-block-paragraph\">Wir danken Ihnen von Herzen, dass Sie ihnen all ihre W\u00fcnsche erf\u00fcllt  haben. \u00dcber Ihre pers\u00f6nlichen Nachrichten und lieben Gr\u00fc\u00dfe auf den R\u00fcckseiten  der Kugeln haben wir uns sehr gefreut.&nbsp; <\/p>\n\n\n\n<p class=\"wp-block-paragraph\">Wir w\u00fcnschen uns, dass Sie uns auch im kommenden Jahr zur Seite stehen.<\/p>\n\n\n\n<p class=\"wp-block-paragraph\">Bitte unterst\u00fctzen Sie uns mit Ihrer Spende, damit wir uns auch in 2017  f\u00fcr die herrenlosen Katzen einsetzen k\u00f6nnen, um die sich sonst keiner  k\u00fcmmert. <\/p>\n\n\n\n<p class=\"wp-block-paragraph\">\n\t\t\n\t\t<strong>Spenden- und Beitragskonto: Katzenhilfe Bramsche e.V.<\/strong><\/p>\n\n\n\n<p class=\"wp-block-paragraph\">\n\t\t\n\t\t<strong>Volksbank Bramgau\/Wittlage<\/strong><\/p>\n\n\n\n<p class=\"wp-block-paragraph\">\n\t\t<strong>BIC: GENODEF 1WHO<\/strong><\/p>\n\n\n\n<p class=\"wp-block-paragraph\">\n\t\t<strong>IBAN: DE09 2656 3960 0 105 8347 00<\/strong><\/p>\n\n\n\n<p class=\"wp-block-paragraph\"><\/p>\n\n\n\n<figure class=\"wp-block-image size-large\"><img loading=\"lazy\" decoding=\"async\" width=\"30\" height=\"29\" src=\"http:\/\/bramscher-katzenhilfe.de\/WordPress\/wp-content\/uploads\/2019\/08\/Pfote-klein-31.jpg\" alt=\"\" class=\"wp-image-1427\"\/><\/figure>\n ","protected":false},"excerpt":{"rendered":"<p>Auch in 2016 haben wir unsere ehrenamtliche Arbeit wieder ganz in den Dienst der wildlebenden Hauskatzen in Bramsche und Umgebung gestellt. Wir danken Ihnen allen<a href=\"https:\/\/wp.bramscher-katzenhilfe.de\/?page_id=1425\" class=\"more-link\"><span class=\"screen-reader-text\"> &#8222;2016&#8220;<\/span><\/a><\/p>\n","protected":false},"author":2,"featured_media":0,"parent":0,"menu_order":0,"comment_status":"closed","ping_status":"closed","template":"","meta":{"give_campaign_id":0,"_crdt_document":"","footnotes":""},"class_list":["post-1425","page","type-page","status-publish","hentry"],"campaignId":"","_links":{"self":[{"href":"https:\/\/wp.bramscher-katzenhilfe.de\/index.php?rest_route=\/wp\/v2\/pages\/1425","targetHints":{"allow":["GET"]}}],"collection":[{"href":"https:\/\/wp.bramscher-katzenhilfe.de\/index.php?rest_route=\/wp\/v2\/pages"}],"about":[{"href":"https:\/\/wp.bramscher-katzenhilfe.de\/index.php?rest_route=\/wp\/v2\/types\/page"}],"author":[{"embeddable":true,"href":"https:\/\/wp.bramscher-katzenhilfe.de\/index.php?rest_route=\/wp\/v2\/users\/2"}],"replies":[{"embeddable":true,"href":"https:\/\/wp.bramscher-katzenhilfe.de\/index.php?rest_route=%2Fwp%2Fv2%2Fcomments&post=1425"}],"version-history":[{"count":13,"href":"https:\/\/wp.bramscher-katzenhilfe.de\/index.php?rest_route=\/wp\/v2\/pages\/1425\/revisions"}],"predecessor-version":[{"id":1887,"href":"https:\/\/wp.bramscher-katzenhilfe.de\/index.php?rest_route=\/wp\/v2\/pages\/1425\/revisions\/1887"}],"wp:attachment":[{"href":"https:\/\/wp.bramscher-katzenhilfe.de\/index.php?rest_route=%2Fwp%2Fv2%2Fmedia&parent=1425"}],"curies":[{"name":"wp","href":"https:\/\/api.w.org\/{rel}","templated":true}]}}