{"id":1441,"date":"2019-08-12T14:39:31","date_gmt":"2019-08-12T14:39:31","guid":{"rendered":"http:\/\/bramscher-katzenhilfe.de\/WordPress\/?p=1441"},"modified":"2019-11-15T12:51:41","modified_gmt":"2019-11-15T12:51:41","slug":"2014","status":"publish","type":"page","link":"https:\/\/wp.bramscher-katzenhilfe.de\/?page_id=1441","title":{"rendered":"2014"},"content":{"rendered":"\n<p class=\"wp-block-paragraph\" style=\"font-size:26px\"><strong>Ausgesetzte Katzenbabys auf der S\u00f6gelner Allee <\/strong> &nbsp;&nbsp;&nbsp;&nbsp;&nbsp;&nbsp;&nbsp;&nbsp;&nbsp;&nbsp;&nbsp;&nbsp;&nbsp;&nbsp;&nbsp;&nbsp;&nbsp;&nbsp;&nbsp;&nbsp;&nbsp;&nbsp;&nbsp;&nbsp;&nbsp;&nbsp;&nbsp;&nbsp;&nbsp; &nbsp;&nbsp;&nbsp;&nbsp;&nbsp;&nbsp;&nbsp;&nbsp;&nbsp;&nbsp;&nbsp; <\/p>\n\n\n\n<p class=\"wp-block-paragraph\">Am Montag,  den 02.06.2014 wurden vermutlich wieder einmal 3 kleine Katzenbabys auf der  S\u00f6gelner Allee, zwischen S\u00f6geln und Malgarten, in H\u00f6he der Hasebr\u00fccke,  ausgesetzt. &nbsp;&nbsp;&nbsp;  <\/p>\n\n\n\n<p class=\"wp-block-paragraph\">Zwei der  Babys wurden von einer vorbeikommenden Autofahrerin aufgenommen und das  dritte wurde von der alarmierten Katzenhilfe im Dickicht am Waldrand  gefunden. Alle drei wurden sofort mit der Flasche versorgt und befinden sich  jetzt in einer Pflegestelle der Katzenhilfe Bramsche e.V.<\/p>\n\n\n\n<p class=\"wp-block-paragraph\">Die Babys  sind ca. 4 Wochen alt und es geht ihnen inzwischen wieder recht gut.&nbsp; <\/p>\n\n\n\n<p class=\"wp-block-paragraph\">Die  Mitglieder des Vereins haben, zusammen mit Passanten, die Gegend nach  weiteren Katzenbabys abgesucht. Diese Suche wurde gegen 21.00 Uhr  abgebrochen. Auch die erneute Suche am n\u00e4chsten Morgen verlief ergebnislos.  Die Katzenhilfe hofft nun, dass es sich tats\u00e4chlich \u201enur\u201c um 3 ausgesetzte  Babys handelt.<\/p>\n\n\n\n<p class=\"wp-block-paragraph\">Ingrid  Hilker (Gr\u00fcndungsmitglied der Katzenhilfe Bramsche) sagt: \u201e \u00dcber so viel  Herzlosigkeit sind wir immer wieder zutiefst ersch\u00fcttert\u201c.  <\/p>\n\n\n\n<p class=\"wp-block-paragraph\">Gleichzeitig bedanken wir uns bei allen Helfern, die sich an der Suche nach  weiteren Babys beteiligt haben, ganz herzlich\u201c.&nbsp; <\/p>\n\n\n\n<p class=\"wp-block-paragraph\">Bei allen  drei Babys befanden sich auff\u00e4llig viele S\u00e4gesp\u00e4ne im Fell. Da im Umkreis  des Fundortes kein Sp\u00e4nehaufen gefunden wurde, muss man davon ausgehen, dass  sie diese \u201evon Zuhause\u201c mitgebracht haben.<\/p>\n\n\n\n<p class=\"wp-block-paragraph\">Der Verein  hat bei der Polizei Anzeige gegen unbekannt erstattet.  <\/p>\n\n\n\n<p class=\"wp-block-paragraph\">Es werden  Zeugen gesucht, die Beobachtungen am Fundort gemacht haben oder etwas zur  Herkunft dieser Katzenbabys sagen k\u00f6nnen.<\/p>\n\n\n\n<p class=\"wp-block-paragraph\">Bitte  melden Sie sich bei der Polizei in Bramsche oder bei der Katzenhilfe  Bramsche, Tel.: 05461\/62631.<\/p>\n\n\n\n<p class=\"wp-block-paragraph\">Das  Aussetzen von Tieren ist nicht nur verwerflich, sondern nach \u00a7 3 des  Tierschutzgesetzes auch strafbar. Wer sein Tier vors\u00e4tzlich aussetzt, begeht  ein Straftat und muss mit einer Geldbu\u00dfe von bis zu 25.000\u20ac rechnen.<\/p>\n\n\n\n<p class=\"wp-block-paragraph\">Am Mittwoch, den 04. Juni wurde ein 4 Wochen altes Katzenbaby, das auf der Stra\u00dfe in Engter bei seinen toten  Geschwistern ausharrte, von Passanten aufgelesen. Wir haben es in der  Pflegestelle aufgenommen.<\/p>\n\n\n\n<figure class=\"wp-block-image is-resized\"><img decoding=\"async\" src=\"http:\/\/bramscher-katzenhilfe.de\/Katzenbaby%20S\u00f6gelner%20Allee.jpg\" alt=\"Dieses Bild hat ein leeres alt-Attribut; sein Dateiname ist Katzenbaby%20S\u00f6gelner%20Allee.jpg.\" width=\"550\"\/><figcaption>  Seine Geschwister waren bereits \u00fcberfahren. <\/figcaption><\/figure>\n\n\n\n<p class=\"wp-block-paragraph\">Derzeit erreichen uns t\u00e4glich Anrufe, insbesondere geht es um Katzenbabys,  die ausgesetzt wurden bzw. verwaist sind oder sich in Not befinden.<\/p>\n\n\n\n<p class=\"wp-block-paragraph\">Wenn Sie f\u00fcr eines dieser Babys die Patenschaft \u00fcbernehmen oder die  Katzenhilfe Bramsche e.V. anderweitig unterst\u00fctzen m\u00f6chten, dann rufen Sie  uns bitte an.<\/p>\n\n\n\n<p class=\"wp-block-paragraph\"><strong>Spenden- und Beitragskonto: Katzenhilfe Bramsche e.V.<\/strong><\/p>\n\n\n\n<p class=\"wp-block-paragraph\"><strong>Volksbank Bramgau\/Wittlage<\/strong><\/p>\n\n\n\n<p class=\"wp-block-paragraph\"><strong>BIC: GENODEF 1WHO<\/strong><\/p>\n\n\n\n<p class=\"wp-block-paragraph\"><strong>IBAN: DE09 2656 3960 0 105 8347 00<\/strong> <\/p>\n\n\n\n<div class=\"wp-block-image\"><figure class=\"alignleft size-large\"><img loading=\"lazy\" decoding=\"async\" width=\"30\" height=\"29\" src=\"http:\/\/bramscher-katzenhilfe.de\/WordPress\/wp-content\/uploads\/2019\/08\/Pfote-klein-34.jpg\" alt=\"\" class=\"wp-image-1447\"\/><figcaption><br><br><\/figcaption><\/figure><\/div>\n ","protected":false},"excerpt":{"rendered":"<p>Ausgesetzte Katzenbabys auf der S\u00f6gelner Allee &nbsp;&nbsp;&nbsp;&nbsp;&nbsp;&nbsp;&nbsp;&nbsp;&nbsp;&nbsp;&nbsp;&nbsp;&nbsp;&nbsp;&nbsp;&nbsp;&nbsp;&nbsp;&nbsp;&nbsp;&nbsp;&nbsp;&nbsp;&nbsp;&nbsp;&nbsp;&nbsp;&nbsp;&nbsp; &nbsp;&nbsp;&nbsp;&nbsp;&nbsp;&nbsp;&nbsp;&nbsp;&nbsp;&nbsp;&nbsp; Am Montag, den 02.06.2014 wurden vermutlich wieder einmal 3 kleine Katzenbabys auf der S\u00f6gelner Allee, zwischen S\u00f6geln<a href=\"https:\/\/wp.bramscher-katzenhilfe.de\/?page_id=1441\" class=\"more-link\"><span class=\"screen-reader-text\"> &#8222;2014&#8220;<\/span><\/a><\/p>\n","protected":false},"author":2,"featured_media":0,"parent":0,"menu_order":0,"comment_status":"closed","ping_status":"closed","template":"","meta":{"give_campaign_id":0,"_crdt_document":"","footnotes":""},"class_list":["post-1441","page","type-page","status-publish","hentry"],"campaignId":"","_links":{"self":[{"href":"https:\/\/wp.bramscher-katzenhilfe.de\/index.php?rest_route=\/wp\/v2\/pages\/1441","targetHints":{"allow":["GET"]}}],"collection":[{"href":"https:\/\/wp.bramscher-katzenhilfe.de\/index.php?rest_route=\/wp\/v2\/pages"}],"about":[{"href":"https:\/\/wp.bramscher-katzenhilfe.de\/index.php?rest_route=\/wp\/v2\/types\/page"}],"author":[{"embeddable":true,"href":"https:\/\/wp.bramscher-katzenhilfe.de\/index.php?rest_route=\/wp\/v2\/users\/2"}],"replies":[{"embeddable":true,"href":"https:\/\/wp.bramscher-katzenhilfe.de\/index.php?rest_route=%2Fwp%2Fv2%2Fcomments&post=1441"}],"version-history":[{"count":9,"href":"https:\/\/wp.bramscher-katzenhilfe.de\/index.php?rest_route=\/wp\/v2\/pages\/1441\/revisions"}],"predecessor-version":[{"id":1883,"href":"https:\/\/wp.bramscher-katzenhilfe.de\/index.php?rest_route=\/wp\/v2\/pages\/1441\/revisions\/1883"}],"wp:attachment":[{"href":"https:\/\/wp.bramscher-katzenhilfe.de\/index.php?rest_route=%2Fwp%2Fv2%2Fmedia&parent=1441"}],"curies":[{"name":"wp","href":"https:\/\/api.w.org\/{rel}","templated":true}]}}