{"id":929,"date":"2019-07-30T14:57:34","date_gmt":"2019-07-30T14:57:34","guid":{"rendered":"http:\/\/bramscher-katzenhilfe.de\/WordPress\/?p=929"},"modified":"2019-11-15T12:49:26","modified_gmt":"2019-11-15T12:49:26","slug":"2019-2","status":"publish","type":"page","link":"https:\/\/wp.bramscher-katzenhilfe.de\/?page_id=929","title":{"rendered":"2019"},"content":{"rendered":"\n<p class=\"wp-block-paragraph\" style=\"font-size:26px\">\n\t\t<strong>Frauchen ist tot \u2013<\/strong><\/p>\n\n\n\n<p class=\"has-medium-font-size wp-block-paragraph\">\n\t\t<strong>20 Katzen suchen ein neues Zuhause<\/strong><\/p>\n\n\n\n<p class=\"wp-block-paragraph\" style=\"font-size:18px\"> <strong>Katzenhilfe Bramsche e.V. bittet um Ihre Unterst\u00fctzung&nbsp;&nbsp;&nbsp;&nbsp;&nbsp; <br><\/strong> &nbsp;<\/p>\n\n\n\n<p class=\"wp-block-paragraph\">Frauchen ist pl\u00f6tzlich verstorben. Ihr ganzes Leben widmete sie den  Tieren. Sie holte sich ihre Katzen aus Tierheimen oder von der Stra\u00dfe. Sie umsorgte sie und gab ihnen ein Zuhause. Sie lebte mit ihnen in ihrem Haus und erm\u00f6glichte ihnen gesch\u00fctzten Freigang im Garten.<\/p>\n\n\n\n<p class=\"wp-block-paragraph\">Selbst als sie schwer erkrankte und des \u00d6fteren operiert werden musste,  konnte sie sich von keinem ihrer geliebten Tiere trennen. Die Katzen gaben ihr die Kraft, trotz aller Schmerzen, weiter zu machen. Der Gedanke, dass ihre Tiere eines Tages unversorgt zur\u00fcckbleiben und am  Ende in Tierheime zur\u00fcck m\u00fcssen, war ihr unertr\u00e4glich.   <\/p>\n\n\n\n<p class=\"wp-block-paragraph\">So hoffte sie ganz einfach, ihre Tiere doch noch \u00fcberleben zu k\u00f6nnen.<\/p>\n\n\n\n<p class=\"wp-block-paragraph\">Und dann schloss Frauchen doch ganz pl\u00f6tzlich f\u00fcr immer die Augen.   <\/p>\n\n\n\n<p class=\"wp-block-paragraph\">Sie hat 20 Katzen zur\u00fcckgelassen, viele davon in den besten Jahren.<\/p>\n\n\n\n<p class=\"wp-block-paragraph\">Zusammen mit den Hinterbliebenen versorgen die ehrenamtlichen  Mitarbeiter der Katzenhilfe Bramsche derzeit die Tiere.<\/p>\n\n\n\n<p class=\"wp-block-paragraph\">Da die Pflegestellen der Vereine und die Tierheime bereits \u00fcbervoll sind,  suchen wir f\u00fcr diese Katzen schnellstm\u00f6glich Menschen, die ihnen ein  gutes Zuhause geben.<\/p>\n\n\n\n<p class=\"wp-block-paragraph\">Wenn Sie den Tieren in der Not helfen m\u00f6chten und ein oder zwei K\u00e4tzchen  aufnehmen k\u00f6nnen, rufen Sie uns bitte an. <\/p>\n\n\n\n<p class=\"wp-block-paragraph\"> Katzenhilfe Bramsche e.V.&nbsp;&nbsp; 0162 &#8211; 9798499<\/p>\n\n\n\n<figure class=\"wp-block-image size-large is-resized\"><img decoding=\"async\" src=\"http:\/\/bramscher-katzenhilfe.de\/WordPress\/wp-content\/uploads\/2019\/10\/Frauchen-tot-1.jpg\" alt=\"\" class=\"wp-image-1756\" width=\"550\" srcset=\"https:\/\/wp.bramscher-katzenhilfe.de\/wp-content\/uploads\/2019\/10\/Frauchen-tot-1.jpg 700w, https:\/\/wp.bramscher-katzenhilfe.de\/wp-content\/uploads\/2019\/10\/Frauchen-tot-1-300x188.jpg 300w, https:\/\/wp.bramscher-katzenhilfe.de\/wp-content\/uploads\/2019\/10\/Frauchen-tot-1-640x401.jpg 640w\" sizes=\"(max-width: 700px) 100vw, 700px\" \/><\/figure>\n\n\n\n<figure class=\"wp-block-image size-large is-resized\"><img decoding=\"async\" src=\"http:\/\/bramscher-katzenhilfe.de\/WordPress\/wp-content\/uploads\/2019\/10\/Frauchen-tot.jpg\" alt=\"\" class=\"wp-image-1757\" width=\"550\" srcset=\"https:\/\/wp.bramscher-katzenhilfe.de\/wp-content\/uploads\/2019\/10\/Frauchen-tot.jpg 700w, https:\/\/wp.bramscher-katzenhilfe.de\/wp-content\/uploads\/2019\/10\/Frauchen-tot-300x174.jpg 300w, https:\/\/wp.bramscher-katzenhilfe.de\/wp-content\/uploads\/2019\/10\/Frauchen-tot-640x372.jpg 640w\" sizes=\"(max-width: 700px) 100vw, 700px\" \/><\/figure>\n\n\n\n<p class=\"wp-block-paragraph\" style=\"font-size:10px\"> Fotos: Katzenhilfe Bramsche e.V. <br><\/p>\n\n\n\n<figure class=\"wp-block-image size-large\"><img loading=\"lazy\" decoding=\"async\" width=\"30\" height=\"29\" src=\"http:\/\/bramscher-katzenhilfe.de\/WordPress\/wp-content\/uploads\/2019\/10\/Pfote-klein-9.jpg\" alt=\"\" class=\"wp-image-1758\"\/><figcaption><br><\/figcaption><\/figure>\n\n\n\n<p class=\"wp-block-paragraph\" style=\"font-size:26px\"><strong>Jede Flasche z\u00e4hlt\u2026\u2026!!<\/strong><\/p>\n\n\n\n<p class=\"wp-block-paragraph\" style=\"font-size:18px\"><strong>Flaschenpfandbon-Spendenaktion<\/strong> <strong>bei Edeka Kuhlmann am Lutterdamm in Bramsche<\/strong><\/p>\n\n\n\n<figure class=\"wp-block-image is-resized\"><img loading=\"lazy\" decoding=\"async\" src=\"http:\/\/bramscher-katzenhilfe.de\/Pfandbon%20Aktion.jpg\" alt=\"\" width=\"550\" height=\"290\"\/><figcaption>Vom 01.07.2019 bis 31.01.2020 k\u00f6nnen Sie  Ihren Flaschenpfandbon f\u00fcr die Versorgung der herrenlosen  Katzen in Bramsche und Umgebung spenden. <\/figcaption><\/figure>\n\n\n\n<p class=\"wp-block-paragraph\" style=\"font-size:26px\"><strong>Flaschenpfandbon-Spendenaktion bei Edeka in Hollage<\/strong> <\/p>\n\n\n\n<p class=\"wp-block-paragraph\" style=\"font-size:18px\"><strong>Vom 01.08.2019 bis 31.10.2019 k\u00f6nnen Sie Ihren Flaschenpfandbon auch bei Edeka in Hollage f\u00fcr die Katzenhilfe Bramsche e.V. spenden.<\/strong> <\/p>\n\n\n\n<figure class=\"wp-block-image size-large is-resized\"><img decoding=\"async\" src=\"http:\/\/bramscher-katzenhilfe.de\/WordPress\/wp-content\/uploads\/2019\/10\/Pfandbon-Aktion-1.jpg\" alt=\"\" class=\"wp-image-1747\" height=\"649\" srcset=\"https:\/\/wp.bramscher-katzenhilfe.de\/wp-content\/uploads\/2019\/10\/Pfandbon-Aktion-1.jpg 500w, https:\/\/wp.bramscher-katzenhilfe.de\/wp-content\/uploads\/2019\/10\/Pfandbon-Aktion-1-225x300.jpg 225w\" sizes=\"(max-width: 500px) 100vw, 500px\" \/><\/figure>\n\n\n\n<p class=\"wp-block-paragraph\">Mit dem gespendeten Geld unterst\u00fctzen Sie die ehrenamtliche Arbeit der Katzenhilfe Bramsche e.V. <\/p>\n\n\n\n<p class=\"wp-block-paragraph\" style=\"font-size:18px\"><strong>Unsere Tierschutzarbeit im \u00dcberblick:<\/strong> <\/p>\n\n\n\n<figure class=\"wp-block-image size-large is-resized\"><img decoding=\"async\" src=\"http:\/\/bramscher-katzenhilfe.de\/WordPress\/wp-content\/uploads\/2019\/10\/Pfandbon-Aktion-2.jpg\" alt=\"\" class=\"wp-image-1748\" width=\"550\" srcset=\"https:\/\/wp.bramscher-katzenhilfe.de\/wp-content\/uploads\/2019\/10\/Pfandbon-Aktion-2.jpg 500w, https:\/\/wp.bramscher-katzenhilfe.de\/wp-content\/uploads\/2019\/10\/Pfandbon-Aktion-2-300x169.jpg 300w\" sizes=\"(max-width: 500px) 100vw, 500px\" \/><\/figure>\n\n\n\n<p class=\"wp-block-paragraph\">Im Jahr fangen wir durchschnittlich 60 \u2013 65 herrenlose Hauskatzen ein. Wir lassen sie kastrieren, tier\u00e4rztlich versorgen, gegen Parasiten behandeln und setzen sie an ihren Lebensort zur\u00fcck.  <\/p>\n\n\n\n<figure class=\"wp-block-image size-large is-resized\"><img decoding=\"async\" src=\"http:\/\/bramscher-katzenhilfe.de\/WordPress\/wp-content\/uploads\/2019\/10\/Pfandbon-Aktion-3.jpg\" alt=\"\" class=\"wp-image-1749\" width=\"550\" srcset=\"https:\/\/wp.bramscher-katzenhilfe.de\/wp-content\/uploads\/2019\/10\/Pfandbon-Aktion-3.jpg 500w, https:\/\/wp.bramscher-katzenhilfe.de\/wp-content\/uploads\/2019\/10\/Pfandbon-Aktion-3-228x300.jpg 228w\" sizes=\"(max-width: 500px) 100vw, 500px\" \/><\/figure>\n\n\n\n<p class=\"wp-block-paragraph\">30 bis 35 verwaiste Katzenbabys, Fundtiere und verletzte Tiere nehmen wir j\u00e4hrlich in unserenprivaten Pflegestellen auf. Wir p\u00e4ppeln sie, pflegen sie, mit Unterst\u00fctzung der Tier\u00e4rzte, gesund und vermitteln sie in liebevolle H\u00e4nde.   <\/p>\n\n\n\n<figure class=\"wp-block-image size-large is-resized\"><img decoding=\"async\" src=\"http:\/\/bramscher-katzenhilfe.de\/WordPress\/wp-content\/uploads\/2019\/10\/Pfandbon-Aktion-4.jpg\" alt=\"\" class=\"wp-image-1750\" width=\"550\" srcset=\"https:\/\/wp.bramscher-katzenhilfe.de\/wp-content\/uploads\/2019\/10\/Pfandbon-Aktion-4.jpg 500w, https:\/\/wp.bramscher-katzenhilfe.de\/wp-content\/uploads\/2019\/10\/Pfandbon-Aktion-4-300x225.jpg 300w\" sizes=\"(max-width: 500px) 100vw, 500px\" \/><\/figure>\n\n\n\n<p class=\"wp-block-paragraph\">50 \u2013 60 kastrierte Streunerkatzen f\u00fcttern wir t\u00e4glich an kontrollierten Futterstellen in Bramsche und Umgebung. <\/p>\n\n\n\n<figure class=\"wp-block-image size-large is-resized\"><img decoding=\"async\" src=\"http:\/\/bramscher-katzenhilfe.de\/WordPress\/wp-content\/uploads\/2019\/10\/Pfandbon-Aktion-5.jpg\" alt=\"\" class=\"wp-image-1751\" width=\"550\" srcset=\"https:\/\/wp.bramscher-katzenhilfe.de\/wp-content\/uploads\/2019\/10\/Pfandbon-Aktion-5.jpg 500w, https:\/\/wp.bramscher-katzenhilfe.de\/wp-content\/uploads\/2019\/10\/Pfandbon-Aktion-5-300x169.jpg 300w\" sizes=\"(max-width: 500px) 100vw, 500px\" \/><\/figure>\n\n\n\n<p class=\"wp-block-paragraph\">Jeder Flaschenpfandbon, den Sie in dieser Aktion spenden, unterst\u00fctzt unsere ehrenamtliche Tierschutzarbeit  und hilft den herrenlosen Katzen drau\u00dfen zu \u00fcberleben.   <\/p>\n\n\n\n<p class=\"wp-block-paragraph\" style=\"font-size:10px\">Fotos: Katzenhilfe Bramsche e.V.<br><\/p>\n\n\n\n<figure class=\"wp-block-image size-large\"><img loading=\"lazy\" decoding=\"async\" width=\"30\" height=\"29\" src=\"http:\/\/bramscher-katzenhilfe.de\/WordPress\/wp-content\/uploads\/2019\/10\/Pfote-klein-8.jpg\" alt=\"\" class=\"wp-image-1752\"\/><figcaption><br><\/figcaption><\/figure>\n\n\n\n<p class=\"wp-block-paragraph\" style=\"font-size:26px\"><strong>Tina und ihre Kinder<\/strong><\/p>\n\n\n\n<p class=\"wp-block-paragraph\"><strong>Ein letzter Blick in diese Kinderstube<\/strong><\/p>\n\n\n\n<figure class=\"wp-block-image\"><img decoding=\"async\" src=\"http:\/\/bramscher-katzenhilfe.de\/Tina%20und%20ihre%20Kinder.jpg\" alt=\"\"\/><\/figure>\n\n\n\n<p class=\"wp-block-paragraph\">Tinas Kinder sind versprochen.<\/p>\n\n\n\n<p class=\"wp-block-paragraph\">Alle f\u00fcnf haben einen liebevollen Platz gefunden und werden ab Mitte Juli, im Alter von 12 Wochen, in ihre neuen Zuhause umziehen.<\/p>\n\n\n\n<p class=\"wp-block-paragraph\"><img loading=\"lazy\" decoding=\"async\" class=\"wp-image-1011 alignleft\" src=\"http:\/\/bramscher-katzenhilfe.de\/WordPress\/wp-content\/uploads\/2019\/07\/Pfote-klein-37.jpg\" alt=\"\" width=\"30\" height=\"29\"><br><br><br><\/p>\n\n\n\n<p style=\"font-size:26px\" class=\"has-text-align-left wp-block-paragraph\"><strong>Ein gutes Zuhause f\u00fcr die Katzenmama Tina<\/strong> <\/p>\n\n\n\n<figure class=\"wp-block-image is-resized\"><img loading=\"lazy\" decoding=\"async\" src=\"http:\/\/bramscher-katzenhilfe.de\/Katzenmama%20Tina.jpg\" alt=\"\" width=\"387\" height=\"688\"\/><\/figure>\n\n\n\n<p class=\"wp-block-paragraph\">Die zauberhafte kleine Tina, die ihre 5 Kinder in der Pflegestelle geboren und so liebevollaufgezogen hat, wurde inzwischen kastriert und gechipt. Sie m\u00f6chte nun auch ihr eigenes Leben wieder aufnehmen und sucht ein sch\u00f6nes Zuhause mit Familienanbindung und Freigang.<\/p>\n\n\n\n<p class=\"wp-block-paragraph\">Tina ist ein sehr liebes, verschmustes K\u00e4tzchen. Sie ist 2 Jahre alt, verspielt, menschenbezogen und \u00e4u\u00dferst sauber. Ein ganz feines K\u00e4tzchen, das uns sehr am Herzen liegt.<\/p>\n\n\n\n<figure class=\"wp-block-image size-large\"><img loading=\"lazy\" decoding=\"async\" width=\"30\" height=\"29\" src=\"http:\/\/bramscher-katzenhilfe.de\/WordPress\/wp-content\/uploads\/2019\/10\/Pfote-klein-10.jpg\" alt=\"\" class=\"wp-image-1762\"\/><figcaption><br><br><\/figcaption><\/figure>\n\n\n\n<p class=\"wp-block-paragraph\" style=\"font-size:26px\"><strong>Juchhu, es sind f\u00fcnf !<\/strong><\/p>\n\n\n\n<figure class=\"wp-block-image is-resized\"><img loading=\"lazy\" decoding=\"async\" src=\"http:\/\/bramscher-katzenhilfe.de\/IMG-20190507-WA0001.jpg\" alt=\"\" width=\"422\" height=\"748\"\/><figcaption>Stolze Katzenmama &#8211; etwas Ablenkung muss sein<br><br><\/figcaption><\/figure>\n\n\n\n<figure class=\"wp-block-image\"><img decoding=\"async\" src=\"http:\/\/bramscher-katzenhilfe.de\/IMG-20190507-WA0002.jpg\" alt=\"\"\/><figcaption>Red Nose Baby &#8211; Katzenleben Tag 12 <br><br><\/figcaption><\/figure>\n\n\n\n<p class=\"wp-block-paragraph\">&nbsp;<\/p>\n\n\n\n<figure class=\"wp-block-video\"><video height=\"352\" style=\"aspect-ratio: 640 \/ 352;\" width=\"640\" controls src=\"http:\/\/bramscher-katzenhilfe.de\/WordPress\/wp-content\/uploads\/2019\/05\/VID-20190426-WA0003.mp4\"><\/video><figcaption><br><\/figcaption><\/figure>\n\n\n\n<figure class=\"wp-block-video\"><video height=\"352\" style=\"aspect-ratio: 640 \/ 352;\" width=\"640\" controls src=\"http:\/\/bramscher-katzenhilfe.de\/WordPress\/wp-content\/uploads\/2019\/05\/VID-20190505-WA0008.mp4\"><\/video><\/figure>\n\n\n\n<figure class=\"wp-block-image size-large\"><img loading=\"lazy\" decoding=\"async\" width=\"30\" height=\"29\" src=\"http:\/\/bramscher-katzenhilfe.de\/WordPress\/wp-content\/uploads\/2019\/10\/Pfote-klein-15.jpg\" alt=\"\" class=\"wp-image-1773\"\/><figcaption><br><\/figcaption><\/figure>\n\n\n\n<p class=\"wp-block-paragraph\" style=\"font-size:26px\"><strong>Tina und ihre zuckers\u00fc\u00dfen Babys<\/strong><\/p>\n\n\n\n<figure class=\"wp-block-image\"><img decoding=\"async\" src=\"http:\/\/bramscher-katzenhilfe.de\/Es%20sind%205.jpg\" alt=\"\"\/><\/figure>\n\n\n\n<p class=\"wp-block-paragraph\">Tinas Babys sind in der Nacht zum Ostermontag, am 22. April 2019, auf die Welt gekommen und Tina, die selber noch so jung ist, hat das ganz allein geschafft.<\/p>\n\n\n\n<p class=\"wp-block-paragraph\">Sie ist sehr stolz auf ihre zuckers\u00fc\u00dfen Babys, umsorgt sie ganz r\u00fchrend und h\u00e4lt sie warm.<\/p>\n\n\n\n<p class=\"wp-block-paragraph\">F\u00fcr Tina werden wir sp\u00e4ter ein liebevolles Zuhause mit Familienanbindung und Freigang suchen.<\/p>\n\n\n\n<p class=\"wp-block-paragraph\">Zuvor jedoch lassen wir sie kastrieren!!!<\/p>\n\n\n\n<p class=\"wp-block-paragraph\">Die f\u00fcnf kleinen K\u00e4tzchen werden von uns im Alter von ca. 12 Wochen in liebevolle H\u00e4nde vermittelt.<\/p>\n\n\n\n<figure class=\"wp-block-image\"><img decoding=\"async\" src=\"http:\/\/bramscher-katzenhilfe.de\/Es%20sind%205.1.jpg\" alt=\"\"\/><\/figure>\n\n\n\n<p class=\"wp-block-paragraph\">Doch bis dahin werden Tina und ihre Kleinen in der Pflegestelle von der Pflegemama und ihrer Familie gesch\u00fctzt und umsorgt.<\/p>\n\n\n\n<p class=\"wp-block-paragraph\">Es w\u00e4re toll, wenn Sie uns bei der Aufzucht der Kleinen mit einer Spende unterst\u00fctzen m\u00f6chten.<\/p>\n\n\n\n<p class=\"wp-block-paragraph\">Bitte vermerken Sie auf Ihrer \u00dcberweisung:<\/p>\n\n\n\n<p class=\"wp-block-paragraph\">\u201eVerwendungszweck: Tina und ihre Babys\u201c<\/p>\n\n\n\n<p class=\"wp-block-paragraph\"><strong>Spendenkonto:IBAN DE09 2656 3960 0105 8347 00<\/strong><\/p>\n\n\n\n<p class=\"wp-block-paragraph\">(Unser Verein ist gemeinn\u00fctzig und Ihre Spende k\u00f6nnen Sie beim Finanzamt absetzen).<\/p>\n\n\n\n<p class=\"wp-block-paragraph\"> \u00dcber die Entwicklung der kleinen Katzenfamilie halten wir Sie an dieser Stelle selbstverst\u00e4ndlich weiter auf dem Laufenden. <\/p>\n\n\n\n<figure class=\"wp-block-image size-large\"><img loading=\"lazy\" decoding=\"async\" width=\"30\" height=\"29\" src=\"http:\/\/bramscher-katzenhilfe.de\/WordPress\/wp-content\/uploads\/2019\/10\/Pfote-klein-16.jpg\" alt=\"\" class=\"wp-image-1775\"\/><figcaption><br><\/figcaption><\/figure>\n\n\n\n<p class=\"wp-block-paragraph\" style=\"font-size:26px\"><strong>In freudiger Erwartung<\/strong> <\/p>\n\n\n\n<p class=\"wp-block-paragraph\">Am 25. M\u00e4rz 2019 zog Tina in unsere Pflegestelle in Damme ein.<\/p>\n\n\n\n<p class=\"wp-block-paragraph\">Sie kam seit einiger Zeit zu einer Familie auf die Terrasse und bettelte um Futter. Da die Familie sehr tierlieb ist, begannen sie das K\u00e4tzchen zu f\u00fcttern.<\/p>\n\n\n\n<p class=\"wp-block-paragraph\">Dann fiel ihnen auf, dass die Katze, die sie Tina nannten und in ihr Herz geschlossen hatten, immer rundlicher wurde.<\/p>\n\n\n\n<p class=\"wp-block-paragraph\">Da Tina sich bis dahin noch nicht anpacken lie\u00df, sollte sie in einer Lebendfalle eingefangen und mit Unterst\u00fctzung der Katzenhilfe Bramsche kastriert werden.<\/p>\n\n\n\n<p class=\"wp-block-paragraph\">Doch f\u00fcr die Kastration war es schon zu sp\u00e4t. Tina war bereits tragend, und so nahmen wir sie nach dem Tierarztbesuch mit zu uns in die Pflegestelle.&nbsp;&nbsp;&nbsp;&nbsp;&nbsp;&nbsp;&nbsp;&nbsp;&nbsp;<\/p>\n\n\n\n<figure class=\"wp-block-image is-resized\"><img decoding=\"async\" src=\"http:\/\/bramscher-katzenhilfe.de\/In%20freudiger%20Erwartung.jpg\" alt=\"\" width=\"550\"\/><\/figure>\n\n\n\n<p class=\"wp-block-paragraph\">Der Ultraschall beim Tierarzt zeigte 4 Babys +.<\/p>\n\n\n\n<p class=\"wp-block-paragraph\">Anfangs war Tina, die bis dahin vermutlich nur drau\u00dfen gelebt hat, sehr zur\u00fcckhaltend und \u00e4ngstlich, doch zum Gl\u00fcck nicht ganz scheu. Schon bald lie\u00df sie etwas Handkontakt zu und baute dann auch recht schnell Vertrauen zu ihrer Pflegefamilie auf.<\/p>\n\n\n\n<p class=\"wp-block-paragraph\">Sie konnte die Ruhe in der Pflegestelle annehmen und die Aufmerksamkeit, die ihr dort geschenkt wurde, genie\u00dfen.<\/p>\n\n\n\n<p class=\"wp-block-paragraph\">Der gesch\u00e4tzte Geburtstermin r\u00fcckte immer n\u00e4her und Tina, die sich bis dahin auch ganz gern streicheln lie\u00df, wurde zunehmend unruhiger.<\/p>\n\n\n\n<figure class=\"wp-block-image is-resized\"><img decoding=\"async\" src=\"http:\/\/bramscher-katzenhilfe.de\/In%20freudiger%20Erwartung%201.jpg\" alt=\"\" width=\"550\"\/><figcaption>Dieses Foto ist am 17. April 2019 entstanden. Wir sind alle sehr gespannt und voller Vorfreude\u2026\u2026\u2026\u2026\u2026.&nbsp;&nbsp; <br><\/figcaption><\/figure>\n\n\n\n<figure class=\"wp-block-image size-large\"><img loading=\"lazy\" decoding=\"async\" width=\"30\" height=\"29\" src=\"http:\/\/bramscher-katzenhilfe.de\/WordPress\/wp-content\/uploads\/2019\/10\/Pfote-klein-17.jpg\" alt=\"\" class=\"wp-image-1777\"\/><figcaption><br><\/figcaption><\/figure>\n\n\n\n<p class=\"wp-block-paragraph\" style=\"font-size:26px\"> <strong>Fr\u00fchjahrsm\u00fcdigkeit<\/strong> <\/p>\n\n\n\n<figure class=\"wp-block-image is-resized\"><img loading=\"lazy\" decoding=\"async\" src=\"http:\/\/bramscher-katzenhilfe.de\/Fr\u00fchjahrsm\u00fcdigkeit.jpg\" alt=\"\" width=\"550\" height=\"398\"\/><figcaption> <strong>Was f\u00fcr ein herzhaftes G\u00e4hnen !<\/strong> Schnappschuss: Katzenhilfe Bramsche e.V. <br><\/figcaption><\/figure>\n\n\n\n<figure class=\"wp-block-image size-large\"><img loading=\"lazy\" decoding=\"async\" width=\"30\" height=\"29\" src=\"http:\/\/bramscher-katzenhilfe.de\/WordPress\/wp-content\/uploads\/2019\/10\/Pfote-klein-18.jpg\" alt=\"\" class=\"wp-image-1778\"\/><figcaption><br><\/figcaption><\/figure>\n\n\n\n<p class=\"wp-block-paragraph\" style=\"font-size:26px\"><strong>Kastrationen 2019<\/strong><\/p>\n\n\n\n<p class=\"wp-block-paragraph\">Im 1. Quartal 2019 hat die Katzenhilfe Bramsche bereits wieder 24 Katzen eingefangen und kastrieren lassen.<br><\/p>\n\n\n\n<figure class=\"wp-block-image size-large\"><img loading=\"lazy\" decoding=\"async\" width=\"30\" height=\"29\" src=\"http:\/\/bramscher-katzenhilfe.de\/WordPress\/wp-content\/uploads\/2019\/10\/Pfote-klein-19.jpg\" alt=\"\" class=\"wp-image-1779\"\/><figcaption><br><\/figcaption><\/figure>\n\n\n\n<p class=\"wp-block-paragraph\" style=\"font-size:26px\"><strong>Kastrationen<\/strong> <\/p>\n\n\n\n<p class=\"wp-block-paragraph\">Von Oktober 2011 bis Ende Dezember 2018 lie\u00dfen wir in Bramsche und Umgebung insgesamt 473 Katzen kastrieren. <\/p>\n\n\n\n<p class=\"wp-block-paragraph\">Sie wurden alle tier\u00e4rztlich versorgt, gegen Parasiten behandelt und an ihren Lebensort zur\u00fcckgebracht. <\/p>\n\n\n\n<figure class=\"wp-block-image is-resized\"><img decoding=\"async\" src=\"http:\/\/bramscher-katzenhilfe.de\/Kastrationen.jpg\" alt=\"\" width=\"550\"\/><figcaption> Foto: Katzenhilfe Bramsche <\/figcaption><\/figure>\n\n\n\n<p class=\"wp-block-paragraph\">Und gleich zu Beginn des neuen Jahres haben wir mit einer weiteren gr\u00f6\u00dferen Einfangaktion begonnen. <\/p>\n\n\n\n<figure class=\"wp-block-image size-large\"><img loading=\"lazy\" decoding=\"async\" width=\"30\" height=\"29\" src=\"http:\/\/bramscher-katzenhilfe.de\/WordPress\/wp-content\/uploads\/2019\/10\/Pfote-klein-21.jpg\" alt=\"\" class=\"wp-image-1783\"\/><figcaption><br><\/figcaption><\/figure>\n\n\n\n<p class=\"wp-block-paragraph\" style=\"font-size:26px\"><strong>Am Neujahrsmorgen auf den Hund gekommen<\/strong> <\/p>\n\n\n\n<p class=\"wp-block-paragraph\">Die Silvesterparty war sch\u00f6n und ging bis weit nach Mitternacht. Heute fr\u00fch werde ich mich an den Futterstellen beeilen und machen, dass ich schnell wieder ins Bett komme. So dachte unsere Kollegin und machte sich am Neujahrsmorgen m\u00fcde auf den Weg zu unseren Streunerkatzen. Doch weit gefehlt.<\/p>\n\n\n\n<p class=\"wp-block-paragraph\">Als sie an die zweite Futterstelle kam, sah sie einen Hund, der mit dem Schwanz wedelnd auf sie zukam. Er schien sich zu freuen, dass endlich ein Mensch an diese f\u00fcr Fu\u00dfg\u00e4nger abgelegene Stelle kam. \u201eJa sag mal, wo kommst du denn her\u201c? Die Kollegin staunte nicht schlecht und hielt erst mal Ausschau nach dem Besitzer. Weit und breit kein Mensch in Sicht. \u201eWas soll ich mit dir denn jetzt blo\u00df machen\u201c. Der Kleine wich nicht mehr von ihrer Seite. \u201eSo, jetzt versorgen wir die Futterstelle und dann ab mit dir ins Auto. Auf geht\u2019s\u201c.<\/p>\n\n\n\n<p class=\"wp-block-paragraph\">Zuhause angekommen hielten wir ihm das Transponder-Leseger\u00e4t \u00fcbers Haupt. Er war gechipt. Die Hoffnung, doch schon gleich wieder in Bett zu kommen, stieg. Der Anruf bei TASSO brachte die Ern\u00fcchterung, denn leider war er nicht im Haustierregister gemeldet. <\/p>\n\n\n\n<figure class=\"wp-block-image is-resized\"><img decoding=\"async\" src=\"http:\/\/bramscher-katzenhilfe.de\/Auf%20den%20Hund%20gekommen%201.jpg\" alt=\"Dieses Bild hat ein leeres alt-Attribut; sein Dateiname ist Auf%20den%20Hund%20gekommen%201.jpg.\" width=\"550\"\/><\/figure>\n\n\n\n<p class=\"wp-block-paragraph\">Der kleine Hund, der wohl so schreckliche Angst beim Feuerwerk erlitten hatte und vermutlich die ganze Nacht unterwegs war, schlief derweil ersch\u00f6pft auf dem Sofa ein.<\/p>\n\n\n\n<p class=\"wp-block-paragraph\">F\u00fcr uns ging die Suche nun im Internet weiter. Inzwischen war es nach 14.00 Uhr als wir bei Facebook die Suchanzeige entdeckten. Leider stand keine Telefon-Nummer dabei. Wir sendeten die Nachricht, dass der vermisste Hund bei der Katzenhilfe Bramsche in Obhut ist und wieder nach Hause m\u00f6chte.<\/p>\n\n\n\n<p class=\"wp-block-paragraph\">Gegen 16.00 Uhr rief uns der Hundebesitzer an. Meine Kollegin machte sich mit dem kleinen Kerlchen auf den Weg von Bramsche nach Neuenkirchen. Sie wollte sehen, wo er hingeh\u00f6rt.<\/p>\n\n\n\n<p class=\"wp-block-paragraph\">Um 17.00 Uhr schrieb sie: \u201eNelli ist wieder gl\u00fccklich zu Hause. Die ganze Familie hat schon drau\u00dfen auf sie gewartet und sich gefreut: Oma, Opa, Frauchen, Herrchen, 2 Kinder und ein Sch\u00e4ferhund\u201c.<\/p>\n\n\n\n<p class=\"wp-block-paragraph\">Nelli war tats\u00e4chlich um Mitternacht bei der Silvesterknallerei unbemerkt weggelaufen. Sie war die ganze Nacht unterwegs und hat dabei \u00fcber 5 Kilometer zur\u00fcckgelegt.<\/p>\n\n\n\n<figure class=\"wp-block-image is-resized\"><img decoding=\"async\" src=\"http:\/\/bramscher-katzenhilfe.de\/Auf%20den%20Hund%20gekommen.jpg\" alt=\"Dieses Bild hat ein leeres alt-Attribut; sein Dateiname ist Auf%20den%20Hund%20gekommen.jpg.\" width=\"550\"\/><\/figure>\n\n\n\n<p class=\"wp-block-paragraph\">Sie hatte Gl\u00fcck im Ungl\u00fcck, weil sie der ehrenamtlichen Mitarbeiterin der Katzenhilfe begegnet ist.<\/p>\n\n\n\n<p class=\"wp-block-paragraph\">Jetzt wird sich Nelli wohl erstmal ausschlafen und unsere Kollegin hat sich f\u00fcr diesen Tag auch gleich mit abgemeldet.<\/p>\n\n\n\n<p class=\"wp-block-paragraph\"><strong>NS. In diesem Zusammenhang bitten wir Sie nochmals eindringlich:<\/strong><\/p>\n\n\n\n<p class=\"wp-block-paragraph\">Lassen Sie Ihr Tier kennzeichnen und melden Sie es kostenlos bei TASSO im Haustierregister.<\/p>\n\n\n\n<figure class=\"wp-block-image size-large\"><img loading=\"lazy\" decoding=\"async\" width=\"30\" height=\"29\" src=\"http:\/\/bramscher-katzenhilfe.de\/WordPress\/wp-content\/uploads\/2019\/10\/Pfote-klein-20.jpg\" alt=\"\" class=\"wp-image-1780\"\/><figcaption><br><\/figcaption><\/figure>\n ","protected":false},"excerpt":{"rendered":"<p>Frauchen ist tot \u2013 20 Katzen suchen ein neues Zuhause Katzenhilfe Bramsche e.V. bittet um Ihre Unterst\u00fctzung&nbsp;&nbsp;&nbsp;&nbsp;&nbsp; &nbsp; Frauchen ist pl\u00f6tzlich verstorben. Ihr ganzes Leben<a href=\"https:\/\/wp.bramscher-katzenhilfe.de\/?page_id=929\" class=\"more-link\"><span class=\"screen-reader-text\"> &#8222;2019&#8220;<\/span><\/a><\/p>\n","protected":false},"author":2,"featured_media":0,"parent":0,"menu_order":0,"comment_status":"closed","ping_status":"closed","template":"","meta":{"give_campaign_id":0,"_crdt_document":"","footnotes":""},"class_list":["post-929","page","type-page","status-publish","hentry"],"campaignId":"","_links":{"self":[{"href":"https:\/\/wp.bramscher-katzenhilfe.de\/index.php?rest_route=\/wp\/v2\/pages\/929","targetHints":{"allow":["GET"]}}],"collection":[{"href":"https:\/\/wp.bramscher-katzenhilfe.de\/index.php?rest_route=\/wp\/v2\/pages"}],"about":[{"href":"https:\/\/wp.bramscher-katzenhilfe.de\/index.php?rest_route=\/wp\/v2\/types\/page"}],"author":[{"embeddable":true,"href":"https:\/\/wp.bramscher-katzenhilfe.de\/index.php?rest_route=\/wp\/v2\/users\/2"}],"replies":[{"embeddable":true,"href":"https:\/\/wp.bramscher-katzenhilfe.de\/index.php?rest_route=%2Fwp%2Fv2%2Fcomments&post=929"}],"version-history":[{"count":117,"href":"https:\/\/wp.bramscher-katzenhilfe.de\/index.php?rest_route=\/wp\/v2\/pages\/929\/revisions"}],"predecessor-version":[{"id":2014,"href":"https:\/\/wp.bramscher-katzenhilfe.de\/index.php?rest_route=\/wp\/v2\/pages\/929\/revisions\/2014"}],"wp:attachment":[{"href":"https:\/\/wp.bramscher-katzenhilfe.de\/index.php?rest_route=%2Fwp%2Fv2%2Fmedia&parent=929"}],"curies":[{"name":"wp","href":"https:\/\/api.w.org\/{rel}","templated":true}]}}