{"id":96,"date":"2018-11-17T14:11:55","date_gmt":"2018-11-17T14:11:55","guid":{"rendered":"http:\/\/bramscher-katzenhilfe.de\/WordPress\/?page_id=96"},"modified":"2019-10-14T07:55:51","modified_gmt":"2019-10-14T07:55:51","slug":"abschied-an-der-regenbogenbruecke","status":"publish","type":"page","link":"https:\/\/wp.bramscher-katzenhilfe.de\/?page_id=96","title":{"rendered":"Abschied an der Regenbogenbr\u00fccke"},"content":{"rendered":"\n<div class=\"wp-block-media-text alignwide\"><figure class=\"wp-block-media-text__media\"><img decoding=\"async\" src=\"http:\/\/www.bramscher-katzenhilfe.de\/Regenbogenbr\u00fccke.jpg\" alt=\"\"\/><\/figure><div class=\"wp-block-media-text__content\">\n<p class=\"wp-block-paragraph\"><strong><em>Sie gingen viel zu fr\u00fch und wir konnten sie nur bis  zur Regenbogenbr\u00fccke begleiten. <\/em><\/strong><\/p>\n<\/div><\/div>\n\n\n\n<p class=\"wp-block-paragraph\"><\/p>\n\n\n\n<p class=\"has-normal-font-size wp-block-paragraph\"><strong>Wir nehmen Abschied<\/strong> <\/p>\n\n\n\n<ul class=\"wp-block-list\"><li>Geb\u00e4hrende Katzenmutter und ihre Welpen in Bramsche (vermutlich  Verkehrsunfall)  <br>10.05.2019 <\/li><li>Mietzi-9, in Hesepe (Autounfall)  <br>02.04.2019 <\/li><li>Hanna in Hesepe (schwere Krankheit) <br>20.03.2019 <\/li><li>Spatz in Wittenfelde (vermutlich Unfall)<br>13.03.2019 <\/li><li>Einohrk\u00e4tzchen in Kalkriese (schwere Erkrankung)<br>20.02.2019 <\/li><li>Mama in Bramsche (Nierenversagen) <br>24.01.2019 <\/li><li>Tiger, Futterstelle Hesepe (Nierenversagen) <br>21.12.2018 <\/li><li>Pucki, Futterstelle in Bramsche (Altersschw\u00e4che) <br>02.12.2018 <\/li><li>Kleines Grauchen, Hesepe (Autounfall)&nbsp;&nbsp;&nbsp;&nbsp;&nbsp;&nbsp;&nbsp;&nbsp;&nbsp;&nbsp;&nbsp;&nbsp;&nbsp;&nbsp;&nbsp;&nbsp;&nbsp;&nbsp;&nbsp;&nbsp;&nbsp;&nbsp;&nbsp;&nbsp;&nbsp;&nbsp;&nbsp;&nbsp;&nbsp;&nbsp;&nbsp;&nbsp;&nbsp;&nbsp;&nbsp;&nbsp;&nbsp;&nbsp; <br>06.10.2018 <\/li><li>Pinky in Bramsche (Altersschw\u00e4che)&nbsp;&nbsp;&nbsp;&nbsp;&nbsp;&nbsp;&nbsp;&nbsp;&nbsp;&nbsp;&nbsp;&nbsp;&nbsp;&nbsp;&nbsp;&nbsp;&nbsp;&nbsp;&nbsp;&nbsp;&nbsp;&nbsp;&nbsp;&nbsp;&nbsp;&nbsp;&nbsp;&nbsp;&nbsp;&nbsp;&nbsp;&nbsp;&nbsp;&nbsp;&nbsp;&nbsp;&nbsp;&nbsp;&nbsp;&nbsp;&nbsp;  <br>23.08.2018<\/li><li>Felix in Pente (Autounfall)&nbsp;&nbsp;&nbsp;&nbsp;&nbsp;&nbsp;&nbsp;&nbsp;&nbsp;&nbsp;&nbsp;&nbsp;&nbsp;&nbsp;&nbsp;&nbsp;&nbsp;&nbsp;&nbsp;&nbsp;&nbsp;&nbsp;&nbsp;&nbsp;&nbsp;&nbsp;&nbsp;&nbsp;&nbsp;&nbsp;&nbsp;&nbsp;&nbsp;&nbsp;&nbsp;&nbsp;&nbsp;&nbsp;&nbsp;&nbsp;&nbsp;&nbsp;&nbsp;&nbsp;&nbsp;&nbsp;&nbsp;&nbsp;&nbsp;&nbsp;&nbsp;&nbsp;&nbsp;&nbsp;&nbsp;&nbsp;&nbsp;&nbsp;&nbsp;&nbsp; <br>18.08.2018<\/li><li>Rosi in Damme  (Herzversagen)&nbsp;&nbsp;&nbsp;&nbsp;&nbsp;&nbsp;&nbsp;&nbsp;&nbsp;&nbsp;&nbsp;&nbsp;&nbsp;&nbsp;&nbsp;&nbsp;&nbsp;&nbsp;&nbsp;&nbsp;&nbsp;&nbsp;&nbsp;&nbsp;&nbsp;&nbsp;&nbsp;&nbsp;&nbsp;&nbsp;&nbsp;&nbsp;&nbsp;&nbsp;&nbsp;&nbsp;&nbsp;&nbsp;&nbsp;&nbsp;&nbsp;&nbsp;&nbsp;&nbsp;&nbsp;&nbsp;&nbsp;&nbsp;&nbsp;&nbsp;&nbsp; <br>15.08.2018 <\/li><li>K\u00e4the in Belm, (Altersschw\u00e4che)&nbsp;&nbsp;&nbsp;&nbsp;&nbsp;&nbsp;&nbsp;&nbsp;&nbsp;&nbsp;&nbsp;&nbsp;&nbsp;&nbsp;&nbsp;&nbsp;&nbsp;&nbsp;&nbsp;&nbsp;&nbsp;&nbsp;&nbsp;&nbsp;&nbsp;&nbsp;&nbsp;&nbsp;&nbsp;&nbsp;&nbsp;&nbsp;&nbsp;&nbsp;&nbsp;&nbsp;&nbsp;&nbsp;&nbsp;&nbsp;&nbsp;&nbsp;&nbsp;&nbsp;&nbsp;&nbsp;&nbsp;&nbsp;&nbsp;&nbsp;&nbsp;&nbsp;&nbsp;&nbsp;&nbsp;&nbsp;&nbsp;&nbsp;   <br>Juli 2018<\/li><li>Katerchen Pauli, Neuenkirchen\/Bramsche(Autounfall)&nbsp;&nbsp;&nbsp;&nbsp;&nbsp;&nbsp;&nbsp;&nbsp;&nbsp;&nbsp;&nbsp;&nbsp;&nbsp;&nbsp;&nbsp;&nbsp;&nbsp;&nbsp;&nbsp;&nbsp;&nbsp;&nbsp;&nbsp;&nbsp;&nbsp;&nbsp;&nbsp;&nbsp;&nbsp;&nbsp;&nbsp;&nbsp;&nbsp;&nbsp;&nbsp;&nbsp;&nbsp;&nbsp;&nbsp;&nbsp;&nbsp; <br>07.07.2018<\/li><li>Schwarze Katze mit rotem Halsband  Hasediek in Bramsche  (vermutlich Unfall) &nbsp; &nbsp; &nbsp; &nbsp; &nbsp; &nbsp; &nbsp; &nbsp; &nbsp; &nbsp; &nbsp; &nbsp; &nbsp; &nbsp;<br>05.07.2018<\/li><li>Milly in  Bramsche (Autounfall)&nbsp;&nbsp;&nbsp;&nbsp;&nbsp;&nbsp;&nbsp;&nbsp;&nbsp;&nbsp;&nbsp;&nbsp;&nbsp;&nbsp;&nbsp;&nbsp;&nbsp;&nbsp;&nbsp;&nbsp;&nbsp;&nbsp;&nbsp;&nbsp;&nbsp;&nbsp;&nbsp;&nbsp;&nbsp;&nbsp;&nbsp;&nbsp;&nbsp;&nbsp;&nbsp;&nbsp;&nbsp;&nbsp;&nbsp;&nbsp;&nbsp;&nbsp;&nbsp;&nbsp;&nbsp;&nbsp;&nbsp;&nbsp;&nbsp;  <br>25.03.2018<\/li><li>Stummel in  S\u00f6geln (Nierenversagen)&nbsp;&nbsp;&nbsp;&nbsp;&nbsp;&nbsp;&nbsp;&nbsp;&nbsp;&nbsp;&nbsp;&nbsp;&nbsp;&nbsp;&nbsp;&nbsp;&nbsp;&nbsp;&nbsp;&nbsp;&nbsp;&nbsp;&nbsp;&nbsp;&nbsp;&nbsp;&nbsp;&nbsp;&nbsp;&nbsp;&nbsp;&nbsp;&nbsp;&nbsp;&nbsp;&nbsp;&nbsp;&nbsp;&nbsp;&nbsp;&nbsp; <br>10.03.2018<\/li><li>Die Bunte, in Bramsche,  Hafenstra\u00dfe (Altersschw\u00e4che)&nbsp;&nbsp;&nbsp;&nbsp;&nbsp;&nbsp;&nbsp; <br>Februar 2018<\/li><li>Paule am  Bramscher Berg (Altersschw\u00e4che)&nbsp;&nbsp;&nbsp;&nbsp;&nbsp;&nbsp;&nbsp;&nbsp;&nbsp;&nbsp;&nbsp;&nbsp;&nbsp;&nbsp;&nbsp;&nbsp;&nbsp;&nbsp;&nbsp;&nbsp;&nbsp;&nbsp;&nbsp;&nbsp;&nbsp;&nbsp;&nbsp;&nbsp; <br>04.01.2018<\/li><li>Frau Jockel in  Bramsche (Altersschw\u00e4che)&nbsp;&nbsp;&nbsp;&nbsp;&nbsp;&nbsp;&nbsp;&nbsp;&nbsp;&nbsp;&nbsp;&nbsp;&nbsp;&nbsp;&nbsp;&nbsp;&nbsp;&nbsp;&nbsp;&nbsp;&nbsp;&nbsp;&nbsp;&nbsp;&nbsp;&nbsp;&nbsp;&nbsp;&nbsp;&nbsp; <br>09.10.2017<\/li><li>Mische  in Engter (Altersschw\u00e4che)&nbsp;&nbsp;&nbsp;&nbsp;&nbsp;&nbsp;&nbsp;&nbsp;&nbsp;&nbsp;&nbsp;&nbsp;&nbsp;&nbsp;&nbsp;&nbsp;&nbsp;&nbsp;&nbsp;&nbsp;&nbsp;&nbsp;&nbsp;&nbsp;&nbsp;&nbsp;&nbsp;&nbsp;&nbsp;&nbsp;&nbsp;&nbsp;&nbsp;&nbsp;&nbsp;&nbsp;&nbsp;&nbsp;&nbsp;&nbsp;&nbsp;&nbsp;&nbsp;&nbsp; <br>06.10.2017<\/li><li>Katzenbaby  Tony aus Bissendorf&nbsp;&nbsp;&nbsp;&nbsp;&nbsp;&nbsp;&nbsp;&nbsp;&nbsp;&nbsp;&nbsp;&nbsp;&nbsp;&nbsp;&nbsp;&nbsp;&nbsp;&nbsp;&nbsp;&nbsp;&nbsp;&nbsp;&nbsp;&nbsp;&nbsp;&nbsp;&nbsp;&nbsp;&nbsp;&nbsp;&nbsp;&nbsp;&nbsp;&nbsp;&nbsp;&nbsp;&nbsp;&nbsp;&nbsp;&nbsp;&nbsp;&nbsp;&nbsp;&nbsp;&nbsp;&nbsp;&nbsp; <br>19.09.2017<\/li><li>B\u00e4rchen in Hesepe (Krankheit)&nbsp;&nbsp;&nbsp;&nbsp;&nbsp;&nbsp;&nbsp;&nbsp;&nbsp;&nbsp;&nbsp;&nbsp;&nbsp;&nbsp;&nbsp;&nbsp;&nbsp;&nbsp;&nbsp;&nbsp;&nbsp;&nbsp;&nbsp;&nbsp;&nbsp;&nbsp;&nbsp;&nbsp;&nbsp;&nbsp;&nbsp;&nbsp;&nbsp;&nbsp;&nbsp;&nbsp;&nbsp;&nbsp;&nbsp;&nbsp;&nbsp;&nbsp;&nbsp;&nbsp;&nbsp;&nbsp;&nbsp;&nbsp;&nbsp;&nbsp;&nbsp; <br>25.07.2017<\/li><li>Paul in Vechta (Krankheit)&nbsp;&nbsp;&nbsp;&nbsp;&nbsp;&nbsp;&nbsp;&nbsp;&nbsp;&nbsp;&nbsp;&nbsp;&nbsp;&nbsp;&nbsp;&nbsp;&nbsp;&nbsp;&nbsp;&nbsp;&nbsp;&nbsp;&nbsp;&nbsp;&nbsp;&nbsp;&nbsp;&nbsp;&nbsp;&nbsp;&nbsp;&nbsp;&nbsp;&nbsp;&nbsp;&nbsp;&nbsp;&nbsp;&nbsp;&nbsp;&nbsp;&nbsp;&nbsp;&nbsp;&nbsp;&nbsp;&nbsp;&nbsp;&nbsp;&nbsp;&nbsp;&nbsp;&nbsp;&nbsp;&nbsp;&nbsp;&nbsp;&nbsp;&nbsp;&nbsp; <br>21.07.2017<\/li><li>Frido  in Badbergen  (Krankheit)&nbsp;&nbsp;&nbsp;&nbsp;&nbsp;&nbsp;&nbsp;&nbsp;&nbsp;&nbsp;&nbsp;&nbsp;&nbsp;&nbsp;&nbsp;&nbsp;&nbsp;&nbsp;&nbsp;&nbsp;&nbsp;&nbsp;&nbsp;&nbsp;&nbsp;&nbsp;&nbsp;&nbsp;&nbsp;&nbsp;&nbsp;&nbsp;&nbsp;&nbsp;&nbsp;&nbsp;&nbsp;&nbsp;&nbsp;&nbsp;&nbsp;&nbsp;&nbsp;&nbsp;&nbsp;&nbsp;&nbsp;&nbsp; <br>01.07.2017 &nbsp;<\/li><li>Liesel in Hesepe  (Herzversagen)&nbsp;&nbsp;&nbsp;&nbsp;&nbsp;&nbsp;&nbsp;&nbsp;&nbsp;&nbsp;&nbsp;&nbsp;&nbsp;&nbsp;&nbsp;&nbsp;&nbsp;&nbsp;&nbsp;&nbsp;&nbsp;&nbsp;&nbsp;&nbsp;&nbsp;&nbsp;&nbsp;&nbsp;&nbsp;&nbsp;&nbsp;&nbsp;&nbsp;&nbsp;&nbsp;&nbsp;&nbsp;&nbsp;&nbsp;&nbsp;&nbsp;&nbsp;&nbsp;&nbsp;&nbsp;&nbsp;&nbsp;&nbsp;&nbsp; <br>30.06.2017 &nbsp;<\/li><li>Lorie in Wallenhorst  (Krankheit)&nbsp;&nbsp;&nbsp;&nbsp;&nbsp;&nbsp;&nbsp;&nbsp;&nbsp;&nbsp;&nbsp;&nbsp;&nbsp;&nbsp;&nbsp;&nbsp;&nbsp;&nbsp;&nbsp;&nbsp;&nbsp;&nbsp;&nbsp;&nbsp;&nbsp;&nbsp;&nbsp;&nbsp;&nbsp;&nbsp;&nbsp;&nbsp;&nbsp;&nbsp;&nbsp;&nbsp;&nbsp;&nbsp;&nbsp;&nbsp;&nbsp;&nbsp;&nbsp;&nbsp;&nbsp;&nbsp;&nbsp; <br>30.05.2017<\/li><li>Schwarze Katze  bei Alfhausen (Autounfall)&nbsp;&nbsp;&nbsp;&nbsp;&nbsp;&nbsp;&nbsp;&nbsp;&nbsp;&nbsp;&nbsp;&nbsp;&nbsp;&nbsp;&nbsp;&nbsp;&nbsp;&nbsp;&nbsp;&nbsp;&nbsp;&nbsp;&nbsp;&nbsp;&nbsp;&nbsp;&nbsp;&nbsp;&nbsp; <br>31.05.2017<\/li><li>Roter  Kater, S\u00f6gelner Stra\u00dfe in Hesepe <br>(vermutlich Unfall)&nbsp;&nbsp;&nbsp;&nbsp;&nbsp;&nbsp;&nbsp;&nbsp;&nbsp;&nbsp;&nbsp;&nbsp;&nbsp;&nbsp;&nbsp;&nbsp;&nbsp;&nbsp;&nbsp;&nbsp;&nbsp;&nbsp;&nbsp;&nbsp;&nbsp;&nbsp;&nbsp;&nbsp;&nbsp;&nbsp;&nbsp;&nbsp;&nbsp;&nbsp;&nbsp;&nbsp;&nbsp;&nbsp;&nbsp;&nbsp;&nbsp;&nbsp;&nbsp;&nbsp;&nbsp;&nbsp;&nbsp;&nbsp;&nbsp;&nbsp;&nbsp;&nbsp;&nbsp;&nbsp;&nbsp;&nbsp;&nbsp;&nbsp;&nbsp;&nbsp;&nbsp;&nbsp;&nbsp;&nbsp;&nbsp;&nbsp;&nbsp;&nbsp;&nbsp;&nbsp;&nbsp;&nbsp;&nbsp;&nbsp; <br>29.04.2017<\/li><li>Dickie in Bramsche (Krankheit)&nbsp;&nbsp;&nbsp;&nbsp;&nbsp;&nbsp;&nbsp;&nbsp;&nbsp;&nbsp;&nbsp;&nbsp;&nbsp;&nbsp;&nbsp;&nbsp;&nbsp;&nbsp;&nbsp;&nbsp;&nbsp;&nbsp;&nbsp;&nbsp;&nbsp;&nbsp;&nbsp;&nbsp;&nbsp;&nbsp;&nbsp;&nbsp;&nbsp;&nbsp;&nbsp;&nbsp;&nbsp;&nbsp;&nbsp;&nbsp;&nbsp;&nbsp;&nbsp;&nbsp;&nbsp;&nbsp;&nbsp;&nbsp;&nbsp;&nbsp;&nbsp; <br>27.04.2017<\/li><li>F\u00fcchschen in S\u00f6geln (Krankheit) &nbsp; &nbsp; &nbsp; &nbsp; &nbsp; &nbsp; &nbsp; &nbsp; &nbsp; &nbsp; &nbsp; &nbsp; &nbsp; &nbsp; &nbsp; &nbsp; &nbsp; &nbsp; &nbsp; &nbsp; &nbsp; &nbsp; &nbsp; &nbsp; &nbsp;<br>19.04.2017<\/li><li>Udo in der Gartenstadt, Bramsche (Autounfall) &nbsp; &nbsp; &nbsp; &nbsp; &nbsp; &nbsp; &nbsp; &nbsp; &nbsp; &nbsp; &nbsp; &nbsp; <br>15.04.2017<\/li><li>Rudi in Pente (Herzversagen)<br>06.04.2017  <\/li><li>Siggi in  Hesepe (Autounfall)  <br>April 2017 <\/li><li>Mama Mietzi aus Epe (Autounfall) <br>Dezember 2016 <\/li><li>Clyde in Belm-Vehrte (Autounfall)<br>Oktober 2016  <\/li><li>Sweety in Schleptrup  <br>31.08.2016 <\/li><li>Mimmi in Bramsche, R\u00f6merwall (Autounfall)  <br>19.07.2016 <\/li><li>Schwarzer Kater, Gartenfundtier in Hesepe (Unfall)  <br>19.07.2016 <\/li><li> Hase in S\u00f6geln (Autounfall)  <br>14.07.2016 <\/li><li> Findus in Osnabr\u00fcck (Krankheit)  <br>27.06.2016 <\/li><li>Michel  in der Gartenstadt (Unfall)  <br>Mai 2016 <\/li><li>Kotik in der Gartenstadt (Autounfall)  <br>28.12.2015 <\/li><li>Molly in Wallenhorst (Autounfall)  <br>26.11.2015 <\/li><li>Tammy  in Hesepe (Krankheit)  <br>09.10.2015 <\/li><li>Sternchen in Epe (Krankheit)   <br>Juli 2015 <\/li><li>Opi an der Futterstelle (Altersschw\u00e4che)  <br>Juni 2015 <\/li><li>Hazy in Wallenhorst (Unfall)  <br>27.05.2015 <\/li><li>Kalli in Delmenhorst (Autounfall) <br>21.05.2015 <\/li><li>Unser Sch\u00f6ner an der Futterstelle (Autounfall)  <br>14.04.2015 <\/li><li>Floh vom Alfsee  <br>20.03.2015 <\/li><li>Mona in Bissendorf  <br>24.09.2014 <\/li><li> Moppel in Pente (Autounfall)  <br>12.09.2014 <br><\/li><\/ul>\n\n\n\n<p class=\"wp-block-paragraph\"><strong>Stellvertretend f\u00fcr alle Tiere, die diesen Weg gehen mussten, erinnern wir an&#8230;<\/strong><\/p>\n\n\n\n<ul class=\"wp-block-list\"><li>Struppi<\/li><li>Astrid <\/li><li>Toto <\/li><li>Der kleine Herr A. <\/li><li>Shir Khan <\/li><li>Fritzchen <\/li><li>Rosa <\/li><li>Fiene <\/li><li>Caro <\/li><li>M\u00e4xchen <\/li><li>&#8230; und unsere beiden blinden Katzen. Sie hatten keinen Namen. <br><\/li><\/ul>\n\n\n\n<p class=\"has-text-align-left wp-block-paragraph\">Im Gegensatz zu den anderen, hatten die  beiden blinden Katzen ein langes Leben an einer unserer Futterstellen.  Nachdem sie im hohen Alter das Augenlicht verloren hatten, wurden sie von  ihrer Betreuerin (die sie das ganze Leben hindurch versorgt hatte) in die  Pflegestelle genommen. Dort sind sie viele Monate sp\u00e4ter, im Alter von 18  und 19 Jahren, an Altersschw\u00e4che gestorben.<\/p>\n\n\n\n<figure class=\"wp-block-image size-large\"><img loading=\"lazy\" decoding=\"async\" width=\"30\" height=\"29\" src=\"http:\/\/bramscher-katzenhilfe.de\/WordPress\/wp-content\/uploads\/2019\/10\/Pfote-klein-22.jpg\" alt=\"\" class=\"wp-image-1907\"\/><figcaption><br><\/figcaption><\/figure>\n\n\n\n<p class=\"wp-block-paragraph\" style=\"font-size:26px\"><strong><em>Die Regenbogenbr\u00fccke\u00a0\u00a0 <\/em><\/strong><\/p>\n\n\n\n<p class=\"wp-block-paragraph\"><strong><em>Eine Br\u00fccke verbindet den Himmel und die Erde,<\/em><\/strong><\/p>\n\n\n\n<p class=\"wp-block-paragraph\"><strong><em>wegen der vielen Farben nennt man sie die Br\u00fccke des Regenbogens.<br> <br>Auf dieser Seite der Br\u00fccke liegt ein Land mit Wiesen, H\u00fcgeln und  <br>saftigem, gr\u00fcnen Gras.<br> <br>Wenn ein geliebtes Tier auf der Erde f\u00fcr immer eingeschlafen ist, <br>geht es zu diesem wundersch\u00f6nen Ort.  <\/em><br><br><em>Dort gibt es immer zu fressen und zu trinken, und  es ist warmes, <br>sch\u00f6nes Fr\u00fchlingswetter.<br> <br>Die alten und kranken Tiere sind wieder jung und gesund!<br> <br>Sie spielen den ganzen Tag zusammen, es gibt nur eine Sache, <br>die sie vermissen.<br> <br>Sie sind nicht mit ihren Menschen zusammen, die sie auf der Erde <br>so geliebt haben.<br> <br>So rennen und spielen sie jeden Tag zusammen, bis eines Tages pl\u00f6tzlich<\/em><br><em>eines von ihnen inne h\u00e4lt und aufsieht.<br> <br>Die Nase bebt, die Ohren stellen sich auf und die Augen werden ganz gro\u00df!<br> <br>Pl\u00f6tzlich rennt es aus  der Gruppe heraus und fliegt \u00fcber das <br>gr\u00fcne Gras.<br> <br>Die F\u00fc\u00dfe tragen es schneller und schneller;<br> <br>Es hat Dich gesehen!<br> <br>Und wenn Du und Dein spezieller Freund sich treffen, nimmst Du ihn in Deine Arme und h\u00e4ltst ihn fest.<br> <br>Dein Gesicht wird  gek\u00fcsst, wieder und wieder.<\/em><br> <br><\/strong><em><strong>Und Du schaust endlich  wieder in die Augen Deines geliebten Tieres, das solange aus Deinem Leben verschwunden war,<br>aber nie aus Deinem Herzen.<br> <br>Dann \u00fcberschreitet ihr  gemeinsam die Br\u00fccke des Regenbogens, und ihr werdet nie wieder getrennt sein. <\/strong> <\/em><\/p>\n\n\n\n<p class=\"wp-block-paragraph\" style=\"font-size:12px\"> (aus dem Englischen \u00fcbersetzt)<\/p>\n ","protected":false},"excerpt":{"rendered":"<p>Sie gingen viel zu fr\u00fch und wir konnten sie nur bis zur Regenbogenbr\u00fccke begleiten. Wir nehmen Abschied Geb\u00e4hrende Katzenmutter und ihre Welpen in Bramsche (vermutlich<a href=\"https:\/\/wp.bramscher-katzenhilfe.de\/?page_id=96\" class=\"more-link\"><span class=\"screen-reader-text\"> &#8222;Abschied an der Regenbogenbr\u00fccke&#8220;<\/span><\/a><\/p>\n","protected":false},"author":2,"featured_media":0,"parent":0,"menu_order":0,"comment_status":"closed","ping_status":"closed","template":"","meta":{"give_campaign_id":0,"_crdt_document":"","footnotes":""},"class_list":["post-96","page","type-page","status-publish","hentry"],"campaignId":"","_links":{"self":[{"href":"https:\/\/wp.bramscher-katzenhilfe.de\/index.php?rest_route=\/wp\/v2\/pages\/96","targetHints":{"allow":["GET"]}}],"collection":[{"href":"https:\/\/wp.bramscher-katzenhilfe.de\/index.php?rest_route=\/wp\/v2\/pages"}],"about":[{"href":"https:\/\/wp.bramscher-katzenhilfe.de\/index.php?rest_route=\/wp\/v2\/types\/page"}],"author":[{"embeddable":true,"href":"https:\/\/wp.bramscher-katzenhilfe.de\/index.php?rest_route=\/wp\/v2\/users\/2"}],"replies":[{"embeddable":true,"href":"https:\/\/wp.bramscher-katzenhilfe.de\/index.php?rest_route=%2Fwp%2Fv2%2Fcomments&post=96"}],"version-history":[{"count":29,"href":"https:\/\/wp.bramscher-katzenhilfe.de\/index.php?rest_route=\/wp\/v2\/pages\/96\/revisions"}],"predecessor-version":[{"id":1908,"href":"https:\/\/wp.bramscher-katzenhilfe.de\/index.php?rest_route=\/wp\/v2\/pages\/96\/revisions\/1908"}],"wp:attachment":[{"href":"https:\/\/wp.bramscher-katzenhilfe.de\/index.php?rest_route=%2Fwp%2Fv2%2Fmedia&parent=96"}],"curies":[{"name":"wp","href":"https:\/\/api.w.org\/{rel}","templated":true}]}}